{"id":275,"date":"2021-06-09T16:24:30","date_gmt":"2021-06-09T14:24:30","guid":{"rendered":"https:\/\/cadellartesuite.ms.decms.eu\/?page_id=275"},"modified":"2021-06-09T16:26:36","modified_gmt":"2021-06-09T14:26:36","slug":"wo-wir-sind","status":"publish","type":"page","link":"https:\/\/www.cadellartesuite.com\/de\/wo-wir-sind\/","title":{"rendered":"Wo wir sind"},"content":{"rendered":"<p>Die C\u00e0 Dell\u2019Arte Suite befindet sich im Herzen der Stadt, inmitten der besten Gesch\u00e4fte, Restaurants, Kinos, Theater, Kunstgalerien und Treffpunkte. Der Markusplatz, der Dogenpalast, die Seufzerbr\u00fccke, die Accademia-Galerien, das Guggenheim-Museum, die Rialtobr\u00fccke und das Fischmarktgebiet sind nur einige der Wunder Venedigs, die mit einem angenehmen Spaziergang entlang der Kalli erreicht werden k\u00f6nnen Venedig<\/p>\n<p>Die C\u00e0 Dell\u2019Arte Suite erreichen Sie bequem vom Bahnhof und von den Parkpl\u00e4tzen mit \u00f6ffentlichen Verkehrsmitteln<\/p>\n<p><strong>So erreichen Sie uns:<\/strong><br \/>\nDie C\u00e0 Dell&#8217;Arte Suite befindet sich nicht mehr als 100 Schritte vom ber\u00fchmten Markusplatz, dem wichtigen Zentrum Venedigs und seinen wichtigsten Touristenattraktionen entfernt. Die C\u00e0 Dell&#8217;Arte Suite befindet sich am Ende des Rio della Canonica, besser bekannt als Rio del Ponte dei Sospiri. Es genie\u00dft somit eine hervorragende Lage, um die Stadt bequem zu Fu\u00df zu erkunden: Zwischen dem malerischen Labyrinth von Calli und Campielli: die Basilika San Marco, das Correr Museum, der Dogenpalast und die historischen Caf\u00e9s sind alle nur wenige Gehminuten von den Suites und ber\u00fchmten Theater auf der ganzen Welt, das Goldoni, La Fenice, das Malibran nur wenige Gehminuten entfernt. Auch in der Umgebung finden Sie die renommiertesten italienischen und internationalen Modeboutiquen.<\/p>\n","protected":false},"excerpt":{"rendered":"<p>Die C\u00e0 Dell\u2019Arte Suite befindet sich im Herzen der Stadt, inmitten der besten Gesch\u00e4fte, Restaurants, Kinos, Theater, Kunstgalerien und Treffpunkte. Der Markusplatz, der Dogenpalast, die Seufzerbr\u00fccke, die Accademia-Galerien, das Guggenheim-Museum, die Rialtobr\u00fccke und das Fischmarktgebiet sind nur einige der Wunder Venedigs, die mit einem angenehmen Spaziergang entlang der Kalli erreicht werden k\u00f6nnen Venedig Die C\u00e0 [&hellip;]<\/p>\n","protected":false},"author":13,"featured_media":0,"parent":0,"menu_order":50,"comment_status":"closed","ping_status":"closed","template":"template-location.php","meta":{"footnotes":""},"class_list":["post-275","page","type-page","status-publish","hentry"],"yoast_head":"<!-- This site is optimized with the Yoast SEO plugin v26.9 - https:\/\/yoast.com\/product\/yoast-seo-wordpress\/ -->\n<title>Wo wir sind ~ Ca&#039; Dell\u2019Arte Suite ~<\/title>\n<meta name=\"description\" content=\"Die C\u00e0 Dell\u2019Arte Suite befindet sich im Herzen der Stadt, inmitten der besten Gesch\u00e4fte, Restaurants, Kinos, Theater, Kunstgalerien und Treffpunkte. Der Markusplatz, der Dogenpalast, die Seufzerbr\u00fccke, die Accademia-Galerien, das Guggenheim-Museum, die Rialtobr\u00fccke und das Fischmarktgebiet sind nur einige der Wunder Venedigs, die mit einem angenehmen Spaziergang entlang der Kalli erreicht werden k\u00f6nnen Venedig  Die C\u00e0 Dell\u2019Arte Suite erreichen Sie bequem vom Bahnhof und von den Parkpl\u00e4tzen mit \u00f6ffentlichen Verkehrsmitteln  So erreichen Sie uns: Die C\u00e0 Dell&#039;Arte Suite befindet sich nicht mehr als 100 Schritte vom ber\u00fchmten Markusplatz, dem wichtigen Zentrum Venedigs und seinen wichtigsten Touristenattraktionen entfernt\" \/>\n<meta name=\"robots\" content=\"index, follow, max-snippet:-1, max-image-preview:large, max-video-preview:-1\" \/>\n<link rel=\"canonical\" href=\"https:\/\/www.cadellartesuite.com\/de\/wo-wir-sind\/\" \/>\n<meta property=\"og:locale\" content=\"de_DE\" \/>\n<meta property=\"og:type\" content=\"article\" \/>\n<meta property=\"og:title\" content=\"Wo wir sind ~ Ca&#039; Dell\u2019Arte Suite ~\" \/>\n<meta property=\"og:description\" content=\"Die C\u00e0 Dell\u2019Arte Suite befindet sich im Herzen der Stadt, inmitten der besten Gesch\u00e4fte, Restaurants, Kinos, Theater, Kunstgalerien und Treffpunkte. Der Markusplatz, der Dogenpalast, die Seufzerbr\u00fccke, die Accademia-Galerien, das Guggenheim-Museum, die Rialtobr\u00fccke und das Fischmarktgebiet sind nur einige der Wunder Venedigs, die mit einem angenehmen Spaziergang entlang der Kalli erreicht werden k\u00f6nnen Venedig  Die C\u00e0 Dell\u2019Arte Suite erreichen Sie bequem vom Bahnhof und von den Parkpl\u00e4tzen mit \u00f6ffentlichen Verkehrsmitteln  So erreichen Sie uns: Die C\u00e0 Dell&#039;Arte Suite befindet sich nicht mehr als 100 Schritte vom ber\u00fchmten Markusplatz, dem wichtigen Zentrum Venedigs und seinen wichtigsten Touristenattraktionen entfernt\" \/>\n<meta property=\"og:url\" content=\"https:\/\/www.cadellartesuite.com\/de\/wo-wir-sind\/\" \/>\n<meta property=\"og:site_name\" content=\"Ca&#039; Dell\u2019Arte Suite\" \/>\n<meta property=\"article:modified_time\" content=\"2021-06-09T14:26:36+00:00\" \/>\n<meta name=\"twitter:card\" content=\"summary_large_image\" \/>\n<meta name=\"twitter:label1\" content=\"Gesch\u00e4tzte Lesezeit\" \/>\n\t<meta name=\"twitter:data1\" content=\"1 Minute\" \/>\n<script type=\"application\/ld+json\" class=\"yoast-schema-graph\">{\"@context\":\"https:\/\/schema.org\",\"@graph\":[{\"@type\":\"WebPage\",\"@id\":\"https:\/\/www.cadellartesuite.com\/de\/wo-wir-sind\/\",\"url\":\"https:\/\/www.cadellartesuite.com\/de\/wo-wir-sind\/\",\"name\":\"Wo wir sind ~ Ca' Dell\u2019Arte Suite ~\",\"isPartOf\":{\"@id\":\"https:\/\/www.cadellartesuite.com\/de\/#website\"},\"datePublished\":\"2021-06-09T14:24:30+00:00\",\"dateModified\":\"2021-06-09T14:26:36+00:00\",\"description\":\"Die C\u00e0 Dell\u2019Arte Suite befindet sich im Herzen der Stadt, inmitten der besten Gesch\u00e4fte, Restaurants, Kinos, Theater, Kunstgalerien und Treffpunkte. Der Markusplatz, der Dogenpalast, die Seufzerbr\u00fccke, die Accademia-Galerien, das Guggenheim-Museum, die Rialtobr\u00fccke und das Fischmarktgebiet sind nur einige der Wunder Venedigs, die mit einem angenehmen Spaziergang entlang der Kalli erreicht werden k\u00f6nnen Venedig Die C\u00e0 Dell\u2019Arte Suite erreichen Sie bequem vom Bahnhof und von den Parkpl\u00e4tzen mit \u00f6ffentlichen Verkehrsmitteln So erreichen Sie uns: Die C\u00e0 Dell'Arte Suite befindet sich nicht mehr als 100 Schritte vom ber\u00fchmten Markusplatz, dem wichtigen Zentrum Venedigs und seinen wichtigsten Touristenattraktionen entfernt\",\"breadcrumb\":{\"@id\":\"https:\/\/www.cadellartesuite.com\/de\/wo-wir-sind\/#breadcrumb\"},\"inLanguage\":\"de-DE\",\"potentialAction\":[{\"@type\":\"ReadAction\",\"target\":[\"https:\/\/www.cadellartesuite.com\/de\/wo-wir-sind\/\"]}]},{\"@type\":\"BreadcrumbList\",\"@id\":\"https:\/\/www.cadellartesuite.com\/de\/wo-wir-sind\/#breadcrumb\",\"itemListElement\":[{\"@type\":\"ListItem\",\"position\":1,\"name\":\"Home\",\"item\":\"https:\/\/www.cadellartesuite.com\/de\/\"},{\"@type\":\"ListItem\",\"position\":2,\"name\":\"Wo wir sind\"}]},{\"@type\":\"WebSite\",\"@id\":\"https:\/\/www.cadellartesuite.com\/de\/#website\",\"url\":\"https:\/\/www.cadellartesuite.com\/de\/\",\"name\":\"Ca' Dell\u2019Arte Suite\",\"description\":\"Ecco un altro sito ms.decms.eu\",\"potentialAction\":[{\"@type\":\"SearchAction\",\"target\":{\"@type\":\"EntryPoint\",\"urlTemplate\":\"https:\/\/www.cadellartesuite.com\/de\/?s={search_term_string}\"},\"query-input\":{\"@type\":\"PropertyValueSpecification\",\"valueRequired\":true,\"valueName\":\"search_term_string\"}}],\"inLanguage\":\"de-DE\"}]}<\/script>\n<!-- \/ Yoast SEO plugin. -->","yoast_head_json":{"title":"Wo wir sind ~ Ca' Dell\u2019Arte Suite ~","description":"Die C\u00e0 Dell\u2019Arte Suite befindet sich im Herzen der Stadt, inmitten der besten Gesch\u00e4fte, Restaurants, Kinos, Theater, Kunstgalerien und Treffpunkte. Der Markusplatz, der Dogenpalast, die Seufzerbr\u00fccke, die Accademia-Galerien, das Guggenheim-Museum, die Rialtobr\u00fccke und das Fischmarktgebiet sind nur einige der Wunder Venedigs, die mit einem angenehmen Spaziergang entlang der Kalli erreicht werden k\u00f6nnen Venedig  Die C\u00e0 Dell\u2019Arte Suite erreichen Sie bequem vom Bahnhof und von den Parkpl\u00e4tzen mit \u00f6ffentlichen Verkehrsmitteln  So erreichen Sie uns: Die C\u00e0 Dell'Arte Suite befindet sich nicht mehr als 100 Schritte vom ber\u00fchmten Markusplatz, dem wichtigen Zentrum Venedigs und seinen wichtigsten Touristenattraktionen entfernt","robots":{"index":"index","follow":"follow","max-snippet":"max-snippet:-1","max-image-preview":"max-image-preview:large","max-video-preview":"max-video-preview:-1"},"canonical":"https:\/\/www.cadellartesuite.com\/de\/wo-wir-sind\/","og_locale":"de_DE","og_type":"article","og_title":"Wo wir sind ~ Ca' Dell\u2019Arte Suite ~","og_description":"Die C\u00e0 Dell\u2019Arte Suite befindet sich im Herzen der Stadt, inmitten der besten Gesch\u00e4fte, Restaurants, Kinos, Theater, Kunstgalerien und Treffpunkte. Der Markusplatz, der Dogenpalast, die Seufzerbr\u00fccke, die Accademia-Galerien, das Guggenheim-Museum, die Rialtobr\u00fccke und das Fischmarktgebiet sind nur einige der Wunder Venedigs, die mit einem angenehmen Spaziergang entlang der Kalli erreicht werden k\u00f6nnen Venedig  Die C\u00e0 Dell\u2019Arte Suite erreichen Sie bequem vom Bahnhof und von den Parkpl\u00e4tzen mit \u00f6ffentlichen Verkehrsmitteln  So erreichen Sie uns: Die C\u00e0 Dell'Arte Suite befindet sich nicht mehr als 100 Schritte vom ber\u00fchmten Markusplatz, dem wichtigen Zentrum Venedigs und seinen wichtigsten Touristenattraktionen entfernt","og_url":"https:\/\/www.cadellartesuite.com\/de\/wo-wir-sind\/","og_site_name":"Ca' Dell\u2019Arte Suite","article_modified_time":"2021-06-09T14:26:36+00:00","twitter_card":"summary_large_image","twitter_misc":{"Gesch\u00e4tzte Lesezeit":"1 Minute"},"schema":{"@context":"https:\/\/schema.org","@graph":[{"@type":"WebPage","@id":"https:\/\/www.cadellartesuite.com\/de\/wo-wir-sind\/","url":"https:\/\/www.cadellartesuite.com\/de\/wo-wir-sind\/","name":"Wo wir sind ~ Ca' Dell\u2019Arte Suite ~","isPartOf":{"@id":"https:\/\/www.cadellartesuite.com\/de\/#website"},"datePublished":"2021-06-09T14:24:30+00:00","dateModified":"2021-06-09T14:26:36+00:00","description":"Die C\u00e0 Dell\u2019Arte Suite befindet sich im Herzen der Stadt, inmitten der besten Gesch\u00e4fte, Restaurants, Kinos, Theater, Kunstgalerien und Treffpunkte. Der Markusplatz, der Dogenpalast, die Seufzerbr\u00fccke, die Accademia-Galerien, das Guggenheim-Museum, die Rialtobr\u00fccke und das Fischmarktgebiet sind nur einige der Wunder Venedigs, die mit einem angenehmen Spaziergang entlang der Kalli erreicht werden k\u00f6nnen Venedig Die C\u00e0 Dell\u2019Arte Suite erreichen Sie bequem vom Bahnhof und von den Parkpl\u00e4tzen mit \u00f6ffentlichen Verkehrsmitteln So erreichen Sie uns: Die C\u00e0 Dell'Arte Suite befindet sich nicht mehr als 100 Schritte vom ber\u00fchmten Markusplatz, dem wichtigen Zentrum Venedigs und seinen wichtigsten Touristenattraktionen entfernt","breadcrumb":{"@id":"https:\/\/www.cadellartesuite.com\/de\/wo-wir-sind\/#breadcrumb"},"inLanguage":"de-DE","potentialAction":[{"@type":"ReadAction","target":["https:\/\/www.cadellartesuite.com\/de\/wo-wir-sind\/"]}]},{"@type":"BreadcrumbList","@id":"https:\/\/www.cadellartesuite.com\/de\/wo-wir-sind\/#breadcrumb","itemListElement":[{"@type":"ListItem","position":1,"name":"Home","item":"https:\/\/www.cadellartesuite.com\/de\/"},{"@type":"ListItem","position":2,"name":"Wo wir sind"}]},{"@type":"WebSite","@id":"https:\/\/www.cadellartesuite.com\/de\/#website","url":"https:\/\/www.cadellartesuite.com\/de\/","name":"Ca' Dell\u2019Arte Suite","description":"Ecco un altro sito ms.decms.eu","potentialAction":[{"@type":"SearchAction","target":{"@type":"EntryPoint","urlTemplate":"https:\/\/www.cadellartesuite.com\/de\/?s={search_term_string}"},"query-input":{"@type":"PropertyValueSpecification","valueRequired":true,"valueName":"search_term_string"}}],"inLanguage":"de-DE"}]}},"acf":[],"_links":{"self":[{"href":"https:\/\/www.cadellartesuite.com\/de\/wp-json\/wp\/v2\/pages\/275","targetHints":{"allow":["GET"]}}],"collection":[{"href":"https:\/\/www.cadellartesuite.com\/de\/wp-json\/wp\/v2\/pages"}],"about":[{"href":"https:\/\/www.cadellartesuite.com\/de\/wp-json\/wp\/v2\/types\/page"}],"author":[{"embeddable":true,"href":"https:\/\/www.cadellartesuite.com\/de\/wp-json\/wp\/v2\/users\/13"}],"replies":[{"embeddable":true,"href":"https:\/\/www.cadellartesuite.com\/de\/wp-json\/wp\/v2\/comments?post=275"}],"version-history":[{"count":0,"href":"https:\/\/www.cadellartesuite.com\/de\/wp-json\/wp\/v2\/pages\/275\/revisions"}],"wp:attachment":[{"href":"https:\/\/www.cadellartesuite.com\/de\/wp-json\/wp\/v2\/media?parent=275"}],"curies":[{"name":"wp","href":"https:\/\/api.w.org\/{rel}","templated":true}]}}