{"id":280,"date":"2021-06-09T16:54:01","date_gmt":"2021-06-09T14:54:01","guid":{"rendered":"https:\/\/cadellartesuite.ms.decms.eu\/?page_id=280"},"modified":"2021-06-09T16:54:16","modified_gmt":"2021-06-09T14:54:16","slug":"flughafen-marco-polo-venedig","status":"publish","type":"page","link":"https:\/\/www.cadellartesuite.com\/de\/wo-wir-sind\/flughafen-marco-polo-venedig\/","title":{"rendered":"Flughafen Marco Polo (Venedig)"},"content":{"rendered":"<p><em><strong>\u00dcber Lagune \/ Wasser<br \/>\n<\/strong><\/em>Wenn Sie die Ankunftshalle des Flughafens verlassen, k\u00f6nnen Sie links abbiegen und dem ausgeschilderten, bei Regen bedeckten Gehweg folgen, der Sie in etwa 7 Minuten zum Dock \/ Yachthafen bringt, von wo aus Sie die M\u00f6glichkeit haben, einzusteigen oder ein \u00f6ffentliches Wassertaxi ( gelber Streifen), der Sie in etwa 40 Minuten direkt zum Rio Della Canonica bringt, wenige Schritte von den Suiten entfernt, oder in einem der gro\u00dfen Motorboote der <a href=\"http:\/\/www.alilaguna.it\/\">Alilaguna<\/a>-Linien, die Sie nach einigen Zwischenstopps zum Markusplatz bringen &#8211; Anlegestelle Vallaresso oder San Zaccaria-Jolanda in ca. 1 Stunde und 15\/30 Minuten. Vom Landeplatz \/ Steg aus m\u00fcssen Sie ca. 10 Minuten zu Fu\u00df weitergehen<\/p>\n<p><em><strong>\u00dcber Land<\/strong><\/em><br \/>\nVon der Ankunftshalle des Flughafens k\u00f6nnen Sie den <a href=\"http:\/\/www.atvo.it\/index.php?lang=it&amp;area=23&amp;menuid=35\">ATVO<\/a>-Bus ohne Zwischenstopps (20 Min.) oder den \u00f6ffentlichen Linienbus LINE 5 (AeroBus) mit Haltestellen (30 Min.) <a href=\"http:\/\/www.actv.it\/muoversiinterraferma\/lineeurbane\">ACTV<\/a> f\u00fcr Venedig &#8211; Piazzale Roma nehmen, von hier aus k\u00f6nnen Sie entweder weiterfahren mit einem \u00f6ffentlichen Wassertaxi (gelber Streifen), das Sie in ca. 15\/20 Minuten \u00fcber Rio Novo direkt zu den Suiten bringt, oder mit der \u00f6ffentlichen Vaporetto-Linie 2 (nur Sommersaison) oder Linie 1 (ganzj\u00e4hrig) Sie in 35 Minuten bis zur Haltestelle San Marco Vallaresso und von dort weiter f\u00fcr 10\/15 Minuten zu Fu\u00df zu den Suiten<\/p>\n","protected":false},"excerpt":{"rendered":"<p>\u00dcber Lagune \/ Wasser Wenn Sie die Ankunftshalle des Flughafens verlassen, k\u00f6nnen Sie links abbiegen und dem ausgeschilderten, bei Regen bedeckten Gehweg folgen, der Sie in etwa 7 Minuten zum Dock \/ Yachthafen bringt, von wo aus Sie die M\u00f6glichkeit haben, einzusteigen oder ein \u00f6ffentliches Wassertaxi ( gelber Streifen), der Sie in etwa 40 Minuten [&hellip;]<\/p>\n","protected":false},"author":13,"featured_media":0,"parent":275,"menu_order":10,"comment_status":"closed","ping_status":"closed","template":"","meta":{"footnotes":""},"class_list":["post-280","page","type-page","status-publish","hentry"],"yoast_head":"<!-- This site is optimized with the Yoast SEO plugin v26.9 - https:\/\/yoast.com\/product\/yoast-seo-wordpress\/ -->\n<title>Flughafen Marco Polo (Venedig) ~ Ca&#039; Dell\u2019Arte Suite ~<\/title>\n<meta name=\"description\" content=\"\u00dcber Lagune \/ Wasser Wenn Sie die Ankunftshalle des Flughafens verlassen, k\u00f6nnen Sie links abbiegen und dem ausgeschilderten, bei Regen bedeckten Gehweg folgen, der Sie in etwa 7 Minuten zum Dock \/ Yachthafen bringt, von wo aus Sie die M\u00f6glichkeit haben, einzusteigen oder ein \u00f6ffentliches Wassertaxi ( gelber Streifen), der Sie in etwa 40 Minuten direkt zum Rio Della Canonica bringt, wenige Schritte von den Suiten entfernt, oder in einem der gro\u00dfen Motorboote der Alilaguna-Linien, die Sie nach einigen Zwischenstopps zum Markusplatz bringen - Anlegestelle Vallaresso oder San Zaccaria-Jolanda in ca. 1 Stunde und 15\/30 Minuten\" \/>\n<meta name=\"robots\" content=\"index, follow, max-snippet:-1, max-image-preview:large, max-video-preview:-1\" \/>\n<link rel=\"canonical\" href=\"https:\/\/www.cadellartesuite.com\/de\/wo-wir-sind\/flughafen-marco-polo-venedig\/\" \/>\n<meta property=\"og:locale\" content=\"de_DE\" \/>\n<meta property=\"og:type\" content=\"article\" \/>\n<meta property=\"og:title\" content=\"Flughafen Marco Polo (Venedig) ~ Ca&#039; Dell\u2019Arte Suite ~\" \/>\n<meta property=\"og:description\" content=\"\u00dcber Lagune \/ Wasser Wenn Sie die Ankunftshalle des Flughafens verlassen, k\u00f6nnen Sie links abbiegen und dem ausgeschilderten, bei Regen bedeckten Gehweg folgen, der Sie in etwa 7 Minuten zum Dock \/ Yachthafen bringt, von wo aus Sie die M\u00f6glichkeit haben, einzusteigen oder ein \u00f6ffentliches Wassertaxi ( gelber Streifen), der Sie in etwa 40 Minuten direkt zum Rio Della Canonica bringt, wenige Schritte von den Suiten entfernt, oder in einem der gro\u00dfen Motorboote der Alilaguna-Linien, die Sie nach einigen Zwischenstopps zum Markusplatz bringen - Anlegestelle Vallaresso oder San Zaccaria-Jolanda in ca. 1 Stunde und 15\/30 Minuten\" \/>\n<meta property=\"og:url\" content=\"https:\/\/www.cadellartesuite.com\/de\/wo-wir-sind\/flughafen-marco-polo-venedig\/\" \/>\n<meta property=\"og:site_name\" content=\"Ca&#039; Dell\u2019Arte Suite\" \/>\n<meta property=\"article:modified_time\" content=\"2021-06-09T14:54:16+00:00\" \/>\n<meta name=\"twitter:card\" content=\"summary_large_image\" \/>\n<meta name=\"twitter:label1\" content=\"Gesch\u00e4tzte Lesezeit\" \/>\n\t<meta name=\"twitter:data1\" content=\"1 Minute\" \/>\n<script type=\"application\/ld+json\" class=\"yoast-schema-graph\">{\"@context\":\"https:\/\/schema.org\",\"@graph\":[{\"@type\":\"WebPage\",\"@id\":\"https:\/\/www.cadellartesuite.com\/de\/wo-wir-sind\/flughafen-marco-polo-venedig\/\",\"url\":\"https:\/\/www.cadellartesuite.com\/de\/wo-wir-sind\/flughafen-marco-polo-venedig\/\",\"name\":\"Flughafen Marco Polo (Venedig) ~ Ca' Dell\u2019Arte Suite ~\",\"isPartOf\":{\"@id\":\"https:\/\/www.cadellartesuite.com\/de\/#website\"},\"datePublished\":\"2021-06-09T14:54:01+00:00\",\"dateModified\":\"2021-06-09T14:54:16+00:00\",\"description\":\"\u00dcber Lagune \/ Wasser Wenn Sie die Ankunftshalle des Flughafens verlassen, k\u00f6nnen Sie links abbiegen und dem ausgeschilderten, bei Regen bedeckten Gehweg folgen, der Sie in etwa 7 Minuten zum Dock \/ Yachthafen bringt, von wo aus Sie die M\u00f6glichkeit haben, einzusteigen oder ein \u00f6ffentliches Wassertaxi ( gelber Streifen), der Sie in etwa 40 Minuten direkt zum Rio Della Canonica bringt, wenige Schritte von den Suiten entfernt, oder in einem der gro\u00dfen Motorboote der Alilaguna-Linien, die Sie nach einigen Zwischenstopps zum Markusplatz bringen - Anlegestelle Vallaresso oder San Zaccaria-Jolanda in ca. 1 Stunde und 15\/30 Minuten\",\"breadcrumb\":{\"@id\":\"https:\/\/www.cadellartesuite.com\/de\/wo-wir-sind\/flughafen-marco-polo-venedig\/#breadcrumb\"},\"inLanguage\":\"de-DE\",\"potentialAction\":[{\"@type\":\"ReadAction\",\"target\":[\"https:\/\/www.cadellartesuite.com\/de\/wo-wir-sind\/flughafen-marco-polo-venedig\/\"]}]},{\"@type\":\"BreadcrumbList\",\"@id\":\"https:\/\/www.cadellartesuite.com\/de\/wo-wir-sind\/flughafen-marco-polo-venedig\/#breadcrumb\",\"itemListElement\":[{\"@type\":\"ListItem\",\"position\":1,\"name\":\"Home\",\"item\":\"https:\/\/www.cadellartesuite.com\/de\/\"},{\"@type\":\"ListItem\",\"position\":2,\"name\":\"Wo wir sind\",\"item\":\"https:\/\/www.cadellartesuite.com\/de\/wo-wir-sind\/\"},{\"@type\":\"ListItem\",\"position\":3,\"name\":\"Flughafen Marco Polo (Venedig)\"}]},{\"@type\":\"WebSite\",\"@id\":\"https:\/\/www.cadellartesuite.com\/de\/#website\",\"url\":\"https:\/\/www.cadellartesuite.com\/de\/\",\"name\":\"Ca' Dell\u2019Arte Suite\",\"description\":\"Ecco un altro sito ms.decms.eu\",\"potentialAction\":[{\"@type\":\"SearchAction\",\"target\":{\"@type\":\"EntryPoint\",\"urlTemplate\":\"https:\/\/www.cadellartesuite.com\/de\/?s={search_term_string}\"},\"query-input\":{\"@type\":\"PropertyValueSpecification\",\"valueRequired\":true,\"valueName\":\"search_term_string\"}}],\"inLanguage\":\"de-DE\"}]}<\/script>\n<!-- \/ Yoast SEO plugin. -->","yoast_head_json":{"title":"Flughafen Marco Polo (Venedig) ~ Ca' Dell\u2019Arte Suite ~","description":"\u00dcber Lagune \/ Wasser Wenn Sie die Ankunftshalle des Flughafens verlassen, k\u00f6nnen Sie links abbiegen und dem ausgeschilderten, bei Regen bedeckten Gehweg folgen, der Sie in etwa 7 Minuten zum Dock \/ Yachthafen bringt, von wo aus Sie die M\u00f6glichkeit haben, einzusteigen oder ein \u00f6ffentliches Wassertaxi ( gelber Streifen), der Sie in etwa 40 Minuten direkt zum Rio Della Canonica bringt, wenige Schritte von den Suiten entfernt, oder in einem der gro\u00dfen Motorboote der Alilaguna-Linien, die Sie nach einigen Zwischenstopps zum Markusplatz bringen - Anlegestelle Vallaresso oder San Zaccaria-Jolanda in ca. 1 Stunde und 15\/30 Minuten","robots":{"index":"index","follow":"follow","max-snippet":"max-snippet:-1","max-image-preview":"max-image-preview:large","max-video-preview":"max-video-preview:-1"},"canonical":"https:\/\/www.cadellartesuite.com\/de\/wo-wir-sind\/flughafen-marco-polo-venedig\/","og_locale":"de_DE","og_type":"article","og_title":"Flughafen Marco Polo (Venedig) ~ Ca' Dell\u2019Arte Suite ~","og_description":"\u00dcber Lagune \/ Wasser Wenn Sie die Ankunftshalle des Flughafens verlassen, k\u00f6nnen Sie links abbiegen und dem ausgeschilderten, bei Regen bedeckten Gehweg folgen, der Sie in etwa 7 Minuten zum Dock \/ Yachthafen bringt, von wo aus Sie die M\u00f6glichkeit haben, einzusteigen oder ein \u00f6ffentliches Wassertaxi ( gelber Streifen), der Sie in etwa 40 Minuten direkt zum Rio Della Canonica bringt, wenige Schritte von den Suiten entfernt, oder in einem der gro\u00dfen Motorboote der Alilaguna-Linien, die Sie nach einigen Zwischenstopps zum Markusplatz bringen - Anlegestelle Vallaresso oder San Zaccaria-Jolanda in ca. 1 Stunde und 15\/30 Minuten","og_url":"https:\/\/www.cadellartesuite.com\/de\/wo-wir-sind\/flughafen-marco-polo-venedig\/","og_site_name":"Ca' Dell\u2019Arte Suite","article_modified_time":"2021-06-09T14:54:16+00:00","twitter_card":"summary_large_image","twitter_misc":{"Gesch\u00e4tzte Lesezeit":"1 Minute"},"schema":{"@context":"https:\/\/schema.org","@graph":[{"@type":"WebPage","@id":"https:\/\/www.cadellartesuite.com\/de\/wo-wir-sind\/flughafen-marco-polo-venedig\/","url":"https:\/\/www.cadellartesuite.com\/de\/wo-wir-sind\/flughafen-marco-polo-venedig\/","name":"Flughafen Marco Polo (Venedig) ~ Ca' Dell\u2019Arte Suite ~","isPartOf":{"@id":"https:\/\/www.cadellartesuite.com\/de\/#website"},"datePublished":"2021-06-09T14:54:01+00:00","dateModified":"2021-06-09T14:54:16+00:00","description":"\u00dcber Lagune \/ Wasser Wenn Sie die Ankunftshalle des Flughafens verlassen, k\u00f6nnen Sie links abbiegen und dem ausgeschilderten, bei Regen bedeckten Gehweg folgen, der Sie in etwa 7 Minuten zum Dock \/ Yachthafen bringt, von wo aus Sie die M\u00f6glichkeit haben, einzusteigen oder ein \u00f6ffentliches Wassertaxi ( gelber Streifen), der Sie in etwa 40 Minuten direkt zum Rio Della Canonica bringt, wenige Schritte von den Suiten entfernt, oder in einem der gro\u00dfen Motorboote der Alilaguna-Linien, die Sie nach einigen Zwischenstopps zum Markusplatz bringen - Anlegestelle Vallaresso oder San Zaccaria-Jolanda in ca. 1 Stunde und 15\/30 Minuten","breadcrumb":{"@id":"https:\/\/www.cadellartesuite.com\/de\/wo-wir-sind\/flughafen-marco-polo-venedig\/#breadcrumb"},"inLanguage":"de-DE","potentialAction":[{"@type":"ReadAction","target":["https:\/\/www.cadellartesuite.com\/de\/wo-wir-sind\/flughafen-marco-polo-venedig\/"]}]},{"@type":"BreadcrumbList","@id":"https:\/\/www.cadellartesuite.com\/de\/wo-wir-sind\/flughafen-marco-polo-venedig\/#breadcrumb","itemListElement":[{"@type":"ListItem","position":1,"name":"Home","item":"https:\/\/www.cadellartesuite.com\/de\/"},{"@type":"ListItem","position":2,"name":"Wo wir sind","item":"https:\/\/www.cadellartesuite.com\/de\/wo-wir-sind\/"},{"@type":"ListItem","position":3,"name":"Flughafen Marco Polo (Venedig)"}]},{"@type":"WebSite","@id":"https:\/\/www.cadellartesuite.com\/de\/#website","url":"https:\/\/www.cadellartesuite.com\/de\/","name":"Ca' Dell\u2019Arte Suite","description":"Ecco un altro sito ms.decms.eu","potentialAction":[{"@type":"SearchAction","target":{"@type":"EntryPoint","urlTemplate":"https:\/\/www.cadellartesuite.com\/de\/?s={search_term_string}"},"query-input":{"@type":"PropertyValueSpecification","valueRequired":true,"valueName":"search_term_string"}}],"inLanguage":"de-DE"}]}},"acf":[],"_links":{"self":[{"href":"https:\/\/www.cadellartesuite.com\/de\/wp-json\/wp\/v2\/pages\/280","targetHints":{"allow":["GET"]}}],"collection":[{"href":"https:\/\/www.cadellartesuite.com\/de\/wp-json\/wp\/v2\/pages"}],"about":[{"href":"https:\/\/www.cadellartesuite.com\/de\/wp-json\/wp\/v2\/types\/page"}],"author":[{"embeddable":true,"href":"https:\/\/www.cadellartesuite.com\/de\/wp-json\/wp\/v2\/users\/13"}],"replies":[{"embeddable":true,"href":"https:\/\/www.cadellartesuite.com\/de\/wp-json\/wp\/v2\/comments?post=280"}],"version-history":[{"count":0,"href":"https:\/\/www.cadellartesuite.com\/de\/wp-json\/wp\/v2\/pages\/280\/revisions"}],"up":[{"embeddable":true,"href":"https:\/\/www.cadellartesuite.com\/de\/wp-json\/wp\/v2\/pages\/275"}],"wp:attachment":[{"href":"https:\/\/www.cadellartesuite.com\/de\/wp-json\/wp\/v2\/media?parent=280"}],"curies":[{"name":"wp","href":"https:\/\/api.w.org\/{rel}","templated":true}]}}