{"id":298,"date":"2021-07-05T11:22:26","date_gmt":"2021-07-05T09:22:26","guid":{"rendered":"https:\/\/cadellartesuite.ms.decms.eu\/?page_id=298"},"modified":"2021-07-05T11:22:49","modified_gmt":"2021-07-05T09:22:49","slug":"mit-dem-auto","status":"publish","type":"page","link":"https:\/\/www.cadellartesuite.com\/de\/wo-wir-sind\/mit-dem-auto\/","title":{"rendered":"Mit dem Auto"},"content":{"rendered":"<p>Folgen Sie von den Autobahnen A4 (von Padua oder Quarto d&#8217;Altino \/ Triest \/ Udine) oder A27 (Belluno) oder von der SR Romea den Verkehrsschildern nach Venedig. Folgen Sie der gesamten &#8222;Ponte della Libert\u00e0&#8220;, die auf beiden Seiten von der Lagune von Venedig flankiert wird, und Sie gelangen zu einer Ampel, an der Sie sich befinden Sie k\u00f6nnen rechts abbiegen, wenn Sie auf dem Parkplatz auf der Insel Tronchetto parken m\u00f6chten, oder geradeaus weiterfahren, wenn Sie auf den Parkpl\u00e4tzen in Piazzale Roma parken m\u00f6chten, die als st\u00e4dtische Garage oder Garage San Marco bezeichnet werden.<\/p>\n<p><a href=\"http:\/\/www.vtp.it\/\"><em>VTP \u2013 Venezia Terminal Passeggeri S.p.A \u2013 Approdi e crociere<\/em><\/a><\/p>\n<p>&nbsp;<\/p>\n<p>Sie k\u00f6nnen daher w\u00e4hlen, ob Sie ein \u00f6ffentliches Wassertaxi (gelber Streifen) nehmen m\u00f6chten, das Sie in etwa 15\/20 Minuten \u00fcber Rio Novo, wenn Sie von der Piazzale Roma kommen, direkt zu den Suiten oder mit der \u00f6ffentlichen Vaporetto-Linie 2 bringt (nur Sommersaison). oder Linie 1 (ganzj\u00e4hrig), die Sie in etwa 35 Minuten zur Haltestelle San Marco Vallaresso bringt und von dort aus 10 Minuten zu Fu\u00df zu den Suiten f\u00fchrt. Im Falle.<\/p>\n","protected":false},"excerpt":{"rendered":"<p>Folgen Sie von den Autobahnen A4 (von Padua oder Quarto d&#8217;Altino \/ Triest \/ Udine) oder A27 (Belluno) oder von der SR Romea den Verkehrsschildern nach Venedig. Folgen Sie der gesamten &#8222;Ponte della Libert\u00e0&#8220;, die auf beiden Seiten von der Lagune von Venedig flankiert wird, und Sie gelangen zu einer Ampel, an der Sie sich [&hellip;]<\/p>\n","protected":false},"author":13,"featured_media":0,"parent":275,"menu_order":30,"comment_status":"closed","ping_status":"closed","template":"","meta":{"footnotes":""},"class_list":["post-298","page","type-page","status-publish","hentry"],"yoast_head":"<!-- This site is optimized with the Yoast SEO plugin v26.9 - https:\/\/yoast.com\/product\/yoast-seo-wordpress\/ -->\n<title>Mit dem Auto ~ Ca&#039; Dell\u2019Arte Suite ~<\/title>\n<meta name=\"description\" content=\"Folgen Sie von den Autobahnen A4 (von Padua oder Quarto d&#039;Altino \/ Triest \/ Udine) oder A27 (Belluno) oder von der SR Romea den Verkehrsschildern nach Venedig. Folgen Sie der gesamten &quot;Ponte della Libert\u00e0&quot;, die auf beiden Seiten von der Lagune von Venedig flankiert wird, und Sie gelangen zu einer Ampel, an der Sie sich befinden Sie k\u00f6nnen rechts abbiegen, wenn Sie auf dem Parkplatz auf der Insel Tronchetto parken m\u00f6chten, oder geradeaus weiterfahren, wenn Sie auf den Parkpl\u00e4tzen in Piazzale Roma parken m\u00f6chten, die als st\u00e4dtische Garage oder Garage San Marco bezeichnet werden.  VTP \u2013 Venezia Terminal Passeggeri S.p.A \u2013 Approdi e crociere  &nbsp;  Sie k\u00f6nnen daher w\u00e4hlen, ob Sie ein \u00f6ffentliches Wassertaxi (gelber Streifen) nehmen m\u00f6chten, das Sie in etwa 15\/20 Minuten \u00fcber Rio Novo, wenn Sie von der Piazzale Roma kommen, direkt zu den Suiten oder mit der \u00f6ffentlichen Vaporetto-Linie 2 bringt (nur Sommersaison)\" \/>\n<meta name=\"robots\" content=\"index, follow, max-snippet:-1, max-image-preview:large, max-video-preview:-1\" \/>\n<link rel=\"canonical\" href=\"https:\/\/www.cadellartesuite.com\/de\/wo-wir-sind\/mit-dem-auto\/\" \/>\n<meta property=\"og:locale\" content=\"de_DE\" \/>\n<meta property=\"og:type\" content=\"article\" \/>\n<meta property=\"og:title\" content=\"Mit dem Auto ~ Ca&#039; Dell\u2019Arte Suite ~\" \/>\n<meta property=\"og:description\" content=\"Folgen Sie von den Autobahnen A4 (von Padua oder Quarto d&#039;Altino \/ Triest \/ Udine) oder A27 (Belluno) oder von der SR Romea den Verkehrsschildern nach Venedig. Folgen Sie der gesamten &quot;Ponte della Libert\u00e0&quot;, die auf beiden Seiten von der Lagune von Venedig flankiert wird, und Sie gelangen zu einer Ampel, an der Sie sich befinden Sie k\u00f6nnen rechts abbiegen, wenn Sie auf dem Parkplatz auf der Insel Tronchetto parken m\u00f6chten, oder geradeaus weiterfahren, wenn Sie auf den Parkpl\u00e4tzen in Piazzale Roma parken m\u00f6chten, die als st\u00e4dtische Garage oder Garage San Marco bezeichnet werden.  VTP \u2013 Venezia Terminal Passeggeri S.p.A \u2013 Approdi e crociere  &nbsp;  Sie k\u00f6nnen daher w\u00e4hlen, ob Sie ein \u00f6ffentliches Wassertaxi (gelber Streifen) nehmen m\u00f6chten, das Sie in etwa 15\/20 Minuten \u00fcber Rio Novo, wenn Sie von der Piazzale Roma kommen, direkt zu den Suiten oder mit der \u00f6ffentlichen Vaporetto-Linie 2 bringt (nur Sommersaison)\" \/>\n<meta property=\"og:url\" content=\"https:\/\/www.cadellartesuite.com\/de\/wo-wir-sind\/mit-dem-auto\/\" \/>\n<meta property=\"og:site_name\" content=\"Ca&#039; Dell\u2019Arte Suite\" \/>\n<meta property=\"article:modified_time\" content=\"2021-07-05T09:22:49+00:00\" \/>\n<meta name=\"twitter:card\" content=\"summary_large_image\" \/>\n<meta name=\"twitter:label1\" content=\"Gesch\u00e4tzte Lesezeit\" \/>\n\t<meta name=\"twitter:data1\" content=\"1 Minute\" \/>\n<script type=\"application\/ld+json\" class=\"yoast-schema-graph\">{\"@context\":\"https:\/\/schema.org\",\"@graph\":[{\"@type\":\"WebPage\",\"@id\":\"https:\/\/www.cadellartesuite.com\/de\/wo-wir-sind\/mit-dem-auto\/\",\"url\":\"https:\/\/www.cadellartesuite.com\/de\/wo-wir-sind\/mit-dem-auto\/\",\"name\":\"Mit dem Auto ~ Ca' Dell\u2019Arte Suite ~\",\"isPartOf\":{\"@id\":\"https:\/\/www.cadellartesuite.com\/de\/#website\"},\"datePublished\":\"2021-07-05T09:22:26+00:00\",\"dateModified\":\"2021-07-05T09:22:49+00:00\",\"description\":\"Folgen Sie von den Autobahnen A4 (von Padua oder Quarto d'Altino \/ Triest \/ Udine) oder A27 (Belluno) oder von der SR Romea den Verkehrsschildern nach Venedig. Folgen Sie der gesamten \\\"Ponte della Libert\u00e0\\\", die auf beiden Seiten von der Lagune von Venedig flankiert wird, und Sie gelangen zu einer Ampel, an der Sie sich befinden Sie k\u00f6nnen rechts abbiegen, wenn Sie auf dem Parkplatz auf der Insel Tronchetto parken m\u00f6chten, oder geradeaus weiterfahren, wenn Sie auf den Parkpl\u00e4tzen in Piazzale Roma parken m\u00f6chten, die als st\u00e4dtische Garage oder Garage San Marco bezeichnet werden. VTP \u2013 Venezia Terminal Passeggeri S.p.A \u2013 Approdi e crociere &nbsp; Sie k\u00f6nnen daher w\u00e4hlen, ob Sie ein \u00f6ffentliches Wassertaxi (gelber Streifen) nehmen m\u00f6chten, das Sie in etwa 15\/20 Minuten \u00fcber Rio Novo, wenn Sie von der Piazzale Roma kommen, direkt zu den Suiten oder mit der \u00f6ffentlichen Vaporetto-Linie 2 bringt (nur Sommersaison)\",\"breadcrumb\":{\"@id\":\"https:\/\/www.cadellartesuite.com\/de\/wo-wir-sind\/mit-dem-auto\/#breadcrumb\"},\"inLanguage\":\"de-DE\",\"potentialAction\":[{\"@type\":\"ReadAction\",\"target\":[\"https:\/\/www.cadellartesuite.com\/de\/wo-wir-sind\/mit-dem-auto\/\"]}]},{\"@type\":\"BreadcrumbList\",\"@id\":\"https:\/\/www.cadellartesuite.com\/de\/wo-wir-sind\/mit-dem-auto\/#breadcrumb\",\"itemListElement\":[{\"@type\":\"ListItem\",\"position\":1,\"name\":\"Home\",\"item\":\"https:\/\/www.cadellartesuite.com\/de\/\"},{\"@type\":\"ListItem\",\"position\":2,\"name\":\"Wo wir sind\",\"item\":\"https:\/\/www.cadellartesuite.com\/de\/wo-wir-sind\/\"},{\"@type\":\"ListItem\",\"position\":3,\"name\":\"Mit dem Auto\"}]},{\"@type\":\"WebSite\",\"@id\":\"https:\/\/www.cadellartesuite.com\/de\/#website\",\"url\":\"https:\/\/www.cadellartesuite.com\/de\/\",\"name\":\"Ca' Dell\u2019Arte Suite\",\"description\":\"Ecco un altro sito ms.decms.eu\",\"potentialAction\":[{\"@type\":\"SearchAction\",\"target\":{\"@type\":\"EntryPoint\",\"urlTemplate\":\"https:\/\/www.cadellartesuite.com\/de\/?s={search_term_string}\"},\"query-input\":{\"@type\":\"PropertyValueSpecification\",\"valueRequired\":true,\"valueName\":\"search_term_string\"}}],\"inLanguage\":\"de-DE\"}]}<\/script>\n<!-- \/ Yoast SEO plugin. -->","yoast_head_json":{"title":"Mit dem Auto ~ Ca' Dell\u2019Arte Suite ~","description":"Folgen Sie von den Autobahnen A4 (von Padua oder Quarto d'Altino \/ Triest \/ Udine) oder A27 (Belluno) oder von der SR Romea den Verkehrsschildern nach Venedig. Folgen Sie der gesamten \"Ponte della Libert\u00e0\", die auf beiden Seiten von der Lagune von Venedig flankiert wird, und Sie gelangen zu einer Ampel, an der Sie sich befinden Sie k\u00f6nnen rechts abbiegen, wenn Sie auf dem Parkplatz auf der Insel Tronchetto parken m\u00f6chten, oder geradeaus weiterfahren, wenn Sie auf den Parkpl\u00e4tzen in Piazzale Roma parken m\u00f6chten, die als st\u00e4dtische Garage oder Garage San Marco bezeichnet werden.  VTP \u2013 Venezia Terminal Passeggeri S.p.A \u2013 Approdi e crociere  &nbsp;  Sie k\u00f6nnen daher w\u00e4hlen, ob Sie ein \u00f6ffentliches Wassertaxi (gelber Streifen) nehmen m\u00f6chten, das Sie in etwa 15\/20 Minuten \u00fcber Rio Novo, wenn Sie von der Piazzale Roma kommen, direkt zu den Suiten oder mit der \u00f6ffentlichen Vaporetto-Linie 2 bringt (nur Sommersaison)","robots":{"index":"index","follow":"follow","max-snippet":"max-snippet:-1","max-image-preview":"max-image-preview:large","max-video-preview":"max-video-preview:-1"},"canonical":"https:\/\/www.cadellartesuite.com\/de\/wo-wir-sind\/mit-dem-auto\/","og_locale":"de_DE","og_type":"article","og_title":"Mit dem Auto ~ Ca' Dell\u2019Arte Suite ~","og_description":"Folgen Sie von den Autobahnen A4 (von Padua oder Quarto d'Altino \/ Triest \/ Udine) oder A27 (Belluno) oder von der SR Romea den Verkehrsschildern nach Venedig. Folgen Sie der gesamten \"Ponte della Libert\u00e0\", die auf beiden Seiten von der Lagune von Venedig flankiert wird, und Sie gelangen zu einer Ampel, an der Sie sich befinden Sie k\u00f6nnen rechts abbiegen, wenn Sie auf dem Parkplatz auf der Insel Tronchetto parken m\u00f6chten, oder geradeaus weiterfahren, wenn Sie auf den Parkpl\u00e4tzen in Piazzale Roma parken m\u00f6chten, die als st\u00e4dtische Garage oder Garage San Marco bezeichnet werden.  VTP \u2013 Venezia Terminal Passeggeri S.p.A \u2013 Approdi e crociere  &nbsp;  Sie k\u00f6nnen daher w\u00e4hlen, ob Sie ein \u00f6ffentliches Wassertaxi (gelber Streifen) nehmen m\u00f6chten, das Sie in etwa 15\/20 Minuten \u00fcber Rio Novo, wenn Sie von der Piazzale Roma kommen, direkt zu den Suiten oder mit der \u00f6ffentlichen Vaporetto-Linie 2 bringt (nur Sommersaison)","og_url":"https:\/\/www.cadellartesuite.com\/de\/wo-wir-sind\/mit-dem-auto\/","og_site_name":"Ca' Dell\u2019Arte Suite","article_modified_time":"2021-07-05T09:22:49+00:00","twitter_card":"summary_large_image","twitter_misc":{"Gesch\u00e4tzte Lesezeit":"1 Minute"},"schema":{"@context":"https:\/\/schema.org","@graph":[{"@type":"WebPage","@id":"https:\/\/www.cadellartesuite.com\/de\/wo-wir-sind\/mit-dem-auto\/","url":"https:\/\/www.cadellartesuite.com\/de\/wo-wir-sind\/mit-dem-auto\/","name":"Mit dem Auto ~ Ca' Dell\u2019Arte Suite ~","isPartOf":{"@id":"https:\/\/www.cadellartesuite.com\/de\/#website"},"datePublished":"2021-07-05T09:22:26+00:00","dateModified":"2021-07-05T09:22:49+00:00","description":"Folgen Sie von den Autobahnen A4 (von Padua oder Quarto d'Altino \/ Triest \/ Udine) oder A27 (Belluno) oder von der SR Romea den Verkehrsschildern nach Venedig. Folgen Sie der gesamten \"Ponte della Libert\u00e0\", die auf beiden Seiten von der Lagune von Venedig flankiert wird, und Sie gelangen zu einer Ampel, an der Sie sich befinden Sie k\u00f6nnen rechts abbiegen, wenn Sie auf dem Parkplatz auf der Insel Tronchetto parken m\u00f6chten, oder geradeaus weiterfahren, wenn Sie auf den Parkpl\u00e4tzen in Piazzale Roma parken m\u00f6chten, die als st\u00e4dtische Garage oder Garage San Marco bezeichnet werden. VTP \u2013 Venezia Terminal Passeggeri S.p.A \u2013 Approdi e crociere &nbsp; Sie k\u00f6nnen daher w\u00e4hlen, ob Sie ein \u00f6ffentliches Wassertaxi (gelber Streifen) nehmen m\u00f6chten, das Sie in etwa 15\/20 Minuten \u00fcber Rio Novo, wenn Sie von der Piazzale Roma kommen, direkt zu den Suiten oder mit der \u00f6ffentlichen Vaporetto-Linie 2 bringt (nur Sommersaison)","breadcrumb":{"@id":"https:\/\/www.cadellartesuite.com\/de\/wo-wir-sind\/mit-dem-auto\/#breadcrumb"},"inLanguage":"de-DE","potentialAction":[{"@type":"ReadAction","target":["https:\/\/www.cadellartesuite.com\/de\/wo-wir-sind\/mit-dem-auto\/"]}]},{"@type":"BreadcrumbList","@id":"https:\/\/www.cadellartesuite.com\/de\/wo-wir-sind\/mit-dem-auto\/#breadcrumb","itemListElement":[{"@type":"ListItem","position":1,"name":"Home","item":"https:\/\/www.cadellartesuite.com\/de\/"},{"@type":"ListItem","position":2,"name":"Wo wir sind","item":"https:\/\/www.cadellartesuite.com\/de\/wo-wir-sind\/"},{"@type":"ListItem","position":3,"name":"Mit dem Auto"}]},{"@type":"WebSite","@id":"https:\/\/www.cadellartesuite.com\/de\/#website","url":"https:\/\/www.cadellartesuite.com\/de\/","name":"Ca' Dell\u2019Arte Suite","description":"Ecco un altro sito ms.decms.eu","potentialAction":[{"@type":"SearchAction","target":{"@type":"EntryPoint","urlTemplate":"https:\/\/www.cadellartesuite.com\/de\/?s={search_term_string}"},"query-input":{"@type":"PropertyValueSpecification","valueRequired":true,"valueName":"search_term_string"}}],"inLanguage":"de-DE"}]}},"acf":[],"_links":{"self":[{"href":"https:\/\/www.cadellartesuite.com\/de\/wp-json\/wp\/v2\/pages\/298","targetHints":{"allow":["GET"]}}],"collection":[{"href":"https:\/\/www.cadellartesuite.com\/de\/wp-json\/wp\/v2\/pages"}],"about":[{"href":"https:\/\/www.cadellartesuite.com\/de\/wp-json\/wp\/v2\/types\/page"}],"author":[{"embeddable":true,"href":"https:\/\/www.cadellartesuite.com\/de\/wp-json\/wp\/v2\/users\/13"}],"replies":[{"embeddable":true,"href":"https:\/\/www.cadellartesuite.com\/de\/wp-json\/wp\/v2\/comments?post=298"}],"version-history":[{"count":0,"href":"https:\/\/www.cadellartesuite.com\/de\/wp-json\/wp\/v2\/pages\/298\/revisions"}],"up":[{"embeddable":true,"href":"https:\/\/www.cadellartesuite.com\/de\/wp-json\/wp\/v2\/pages\/275"}],"wp:attachment":[{"href":"https:\/\/www.cadellartesuite.com\/de\/wp-json\/wp\/v2\/media?parent=298"}],"curies":[{"name":"wp","href":"https:\/\/api.w.org\/{rel}","templated":true}]}}