{"id":311,"date":"2021-06-09T17:20:49","date_gmt":"2021-06-09T15:20:49","guid":{"rendered":"https:\/\/cadellartesuite.ms.decms.eu\/?page_id=311"},"modified":"2022-12-28T11:00:22","modified_gmt":"2022-12-28T10:00:22","slug":"kontakte","status":"publish","type":"page","link":"https:\/\/www.cadellartesuite.com\/de\/kontakte\/","title":{"rendered":"Kontakte"},"content":{"rendered":"<p style=\"text-align: center\">San Marco 3286, Calle Delle Carrozze<br \/>\n30124 Venezia &#8211; Italia<\/p>\n<p style=\"text-align: center\">tel: <a href=\"tel:+390410988073\">+39 041 098 8073<\/a><br \/>\nfax: +39 041 098 8074<\/p>\n<p style=\"text-align: center\">whatsapp: <a href=\"https:\/\/wa.me\/+393407090954\" target=\"_blank\" rel=\"noopener\">+39 340 709 0954<\/a><\/p>\n<p style=\"text-align: center\">email: <a href=\"mailto:info@cadellarte.com\">info@cadellarte.com<\/a><\/p>\n<p style=\"text-align: center\">Alle Informationen zur Ankunft in unseren Einrichtungen werden am Tag der Ankunft per E-Mail oder WhatsApp-Nachricht gesendet<\/p>\n<p style=\"text-align: center\">Unsere Mitarbeiter sind von 8:00 bis 18:00 Uhr f\u00fcr Sie da<\/p>\n<p style=\"text-align: center\">Member of C\u00e0 Dell&#8217;Arte Collection Venice<\/p>\n<p style=\"text-align: center\">C\u00e0 Dell&#8217;Arte &#8211; C\u00e0 Dell&#8217;Arte Suite &#8211; C\u00e0 Dell&#8217;Arte Luxury &#8211; C\u00e0 Dell&#8217;Arte Palace<\/p>\n","protected":false},"excerpt":{"rendered":"<p>San Marco 3286, Calle Delle Carrozze 30124 Venezia &#8211; Italia tel: +39 041 098 8073 fax: +39 041 098 8074 whatsapp: +39 340 709 0954 email: info@cadellarte.com Alle Informationen zur Ankunft in unseren Einrichtungen werden am Tag der Ankunft per E-Mail oder WhatsApp-Nachricht gesendet Unsere Mitarbeiter sind von 8:00 bis 18:00 Uhr f\u00fcr Sie da [&hellip;]<\/p>\n","protected":false},"author":13,"featured_media":0,"parent":0,"menu_order":110,"comment_status":"closed","ping_status":"closed","template":"","meta":{"footnotes":""},"class_list":["post-311","page","type-page","status-publish","hentry"],"yoast_head":"<!-- This site is optimized with the Yoast SEO plugin v26.9 - https:\/\/yoast.com\/product\/yoast-seo-wordpress\/ -->\n<title>Kontakte ~ Ca&#039; Dell\u2019Arte Suite ~<\/title>\n<meta name=\"description\" content=\"San Marco 3286, Calle Delle Carrozze 30124 Venezia - Italia tel: +39 041 098 8073 fax: +39 041 098 8074 whatsapp: +39 340 709 0954 email: info@cadellarte.com Alle Informationen zur Ankunft in unseren Einrichtungen werden am Tag der Ankunft per E-Mail oder WhatsApp-Nachricht gesendet Unsere Mitarbeiter sind von 8:00 bis 18:00 Uhr f\u00fcr Sie da Member of C\u00e0 Dell&#039;Arte Collection Venice C\u00e0 Dell&#039;Arte - C\u00e0 Dell&#039;Arte Suite - C\u00e0 Dell&#039;Arte Luxury - C\u00e0 Dell&#039;Arte Palace.\" \/>\n<meta name=\"robots\" content=\"index, follow, max-snippet:-1, max-image-preview:large, max-video-preview:-1\" \/>\n<link rel=\"canonical\" href=\"https:\/\/www.cadellartesuite.com\/de\/kontakte\/\" \/>\n<meta property=\"og:locale\" content=\"de_DE\" \/>\n<meta property=\"og:type\" content=\"article\" \/>\n<meta property=\"og:title\" content=\"Kontakte ~ Ca&#039; Dell\u2019Arte Suite ~\" \/>\n<meta property=\"og:description\" content=\"San Marco 3286, Calle Delle Carrozze 30124 Venezia - Italia tel: +39 041 098 8073 fax: +39 041 098 8074 whatsapp: +39 340 709 0954 email: info@cadellarte.com Alle Informationen zur Ankunft in unseren Einrichtungen werden am Tag der Ankunft per E-Mail oder WhatsApp-Nachricht gesendet Unsere Mitarbeiter sind von 8:00 bis 18:00 Uhr f\u00fcr Sie da Member of C\u00e0 Dell&#039;Arte Collection Venice C\u00e0 Dell&#039;Arte - C\u00e0 Dell&#039;Arte Suite - C\u00e0 Dell&#039;Arte Luxury - C\u00e0 Dell&#039;Arte Palace.\" \/>\n<meta property=\"og:url\" content=\"https:\/\/www.cadellartesuite.com\/de\/kontakte\/\" \/>\n<meta property=\"og:site_name\" content=\"Ca&#039; Dell\u2019Arte Suite\" \/>\n<meta property=\"article:modified_time\" content=\"2022-12-28T10:00:22+00:00\" \/>\n<meta name=\"twitter:card\" content=\"summary_large_image\" \/>\n<meta name=\"twitter:label1\" content=\"Gesch\u00e4tzte Lesezeit\" \/>\n\t<meta name=\"twitter:data1\" content=\"1 Minute\" \/>\n<script type=\"application\/ld+json\" class=\"yoast-schema-graph\">{\"@context\":\"https:\/\/schema.org\",\"@graph\":[{\"@type\":\"WebPage\",\"@id\":\"https:\/\/www.cadellartesuite.com\/de\/kontakte\/\",\"url\":\"https:\/\/www.cadellartesuite.com\/de\/kontakte\/\",\"name\":\"Kontakte ~ Ca' Dell\u2019Arte Suite ~\",\"isPartOf\":{\"@id\":\"https:\/\/www.cadellartesuite.com\/de\/#website\"},\"datePublished\":\"2021-06-09T15:20:49+00:00\",\"dateModified\":\"2022-12-28T10:00:22+00:00\",\"description\":\"San Marco 3286, Calle Delle Carrozze 30124 Venezia - Italia tel: +39 041 098 8073 fax: +39 041 098 8074 whatsapp: +39 340 709 0954 email: info@cadellarte.com Alle Informationen zur Ankunft in unseren Einrichtungen werden am Tag der Ankunft per E-Mail oder WhatsApp-Nachricht gesendet Unsere Mitarbeiter sind von 8:00 bis 18:00 Uhr f\u00fcr Sie da Member of C\u00e0 Dell'Arte Collection Venice C\u00e0 Dell'Arte - C\u00e0 Dell'Arte Suite - C\u00e0 Dell'Arte Luxury - C\u00e0 Dell'Arte Palace .\",\"breadcrumb\":{\"@id\":\"https:\/\/www.cadellartesuite.com\/de\/kontakte\/#breadcrumb\"},\"inLanguage\":\"de-DE\",\"potentialAction\":[{\"@type\":\"ReadAction\",\"target\":[\"https:\/\/www.cadellartesuite.com\/de\/kontakte\/\"]}]},{\"@type\":\"BreadcrumbList\",\"@id\":\"https:\/\/www.cadellartesuite.com\/de\/kontakte\/#breadcrumb\",\"itemListElement\":[{\"@type\":\"ListItem\",\"position\":1,\"name\":\"Home\",\"item\":\"https:\/\/www.cadellartesuite.com\/de\/\"},{\"@type\":\"ListItem\",\"position\":2,\"name\":\"Kontakte\"}]},{\"@type\":\"WebSite\",\"@id\":\"https:\/\/www.cadellartesuite.com\/de\/#website\",\"url\":\"https:\/\/www.cadellartesuite.com\/de\/\",\"name\":\"Ca' Dell\u2019Arte Suite\",\"description\":\"Ecco un altro sito ms.decms.eu\",\"potentialAction\":[{\"@type\":\"SearchAction\",\"target\":{\"@type\":\"EntryPoint\",\"urlTemplate\":\"https:\/\/www.cadellartesuite.com\/de\/?s={search_term_string}\"},\"query-input\":{\"@type\":\"PropertyValueSpecification\",\"valueRequired\":true,\"valueName\":\"search_term_string\"}}],\"inLanguage\":\"de-DE\"}]}<\/script>\n<!-- \/ Yoast SEO plugin. -->","yoast_head_json":{"title":"Kontakte ~ Ca' Dell\u2019Arte Suite ~","description":"San Marco 3286, Calle Delle Carrozze 30124 Venezia - Italia tel: +39 041 098 8073 fax: +39 041 098 8074 whatsapp: +39 340 709 0954 email: info@cadellarte.com Alle Informationen zur Ankunft in unseren Einrichtungen werden am Tag der Ankunft per E-Mail oder WhatsApp-Nachricht gesendet Unsere Mitarbeiter sind von 8:00 bis 18:00 Uhr f\u00fcr Sie da Member of C\u00e0 Dell'Arte Collection Venice C\u00e0 Dell'Arte - C\u00e0 Dell'Arte Suite - C\u00e0 Dell'Arte Luxury - C\u00e0 Dell'Arte Palace.","robots":{"index":"index","follow":"follow","max-snippet":"max-snippet:-1","max-image-preview":"max-image-preview:large","max-video-preview":"max-video-preview:-1"},"canonical":"https:\/\/www.cadellartesuite.com\/de\/kontakte\/","og_locale":"de_DE","og_type":"article","og_title":"Kontakte ~ Ca' Dell\u2019Arte Suite ~","og_description":"San Marco 3286, Calle Delle Carrozze 30124 Venezia - Italia tel: +39 041 098 8073 fax: +39 041 098 8074 whatsapp: +39 340 709 0954 email: info@cadellarte.com Alle Informationen zur Ankunft in unseren Einrichtungen werden am Tag der Ankunft per E-Mail oder WhatsApp-Nachricht gesendet Unsere Mitarbeiter sind von 8:00 bis 18:00 Uhr f\u00fcr Sie da Member of C\u00e0 Dell'Arte Collection Venice C\u00e0 Dell'Arte - C\u00e0 Dell'Arte Suite - C\u00e0 Dell'Arte Luxury - C\u00e0 Dell'Arte Palace.","og_url":"https:\/\/www.cadellartesuite.com\/de\/kontakte\/","og_site_name":"Ca' Dell\u2019Arte Suite","article_modified_time":"2022-12-28T10:00:22+00:00","twitter_card":"summary_large_image","twitter_misc":{"Gesch\u00e4tzte Lesezeit":"1 Minute"},"schema":{"@context":"https:\/\/schema.org","@graph":[{"@type":"WebPage","@id":"https:\/\/www.cadellartesuite.com\/de\/kontakte\/","url":"https:\/\/www.cadellartesuite.com\/de\/kontakte\/","name":"Kontakte ~ Ca' Dell\u2019Arte Suite ~","isPartOf":{"@id":"https:\/\/www.cadellartesuite.com\/de\/#website"},"datePublished":"2021-06-09T15:20:49+00:00","dateModified":"2022-12-28T10:00:22+00:00","description":"San Marco 3286, Calle Delle Carrozze 30124 Venezia - Italia tel: +39 041 098 8073 fax: +39 041 098 8074 whatsapp: +39 340 709 0954 email: info@cadellarte.com Alle Informationen zur Ankunft in unseren Einrichtungen werden am Tag der Ankunft per E-Mail oder WhatsApp-Nachricht gesendet Unsere Mitarbeiter sind von 8:00 bis 18:00 Uhr f\u00fcr Sie da Member of C\u00e0 Dell'Arte Collection Venice C\u00e0 Dell'Arte - C\u00e0 Dell'Arte Suite - C\u00e0 Dell'Arte Luxury - C\u00e0 Dell'Arte Palace .","breadcrumb":{"@id":"https:\/\/www.cadellartesuite.com\/de\/kontakte\/#breadcrumb"},"inLanguage":"de-DE","potentialAction":[{"@type":"ReadAction","target":["https:\/\/www.cadellartesuite.com\/de\/kontakte\/"]}]},{"@type":"BreadcrumbList","@id":"https:\/\/www.cadellartesuite.com\/de\/kontakte\/#breadcrumb","itemListElement":[{"@type":"ListItem","position":1,"name":"Home","item":"https:\/\/www.cadellartesuite.com\/de\/"},{"@type":"ListItem","position":2,"name":"Kontakte"}]},{"@type":"WebSite","@id":"https:\/\/www.cadellartesuite.com\/de\/#website","url":"https:\/\/www.cadellartesuite.com\/de\/","name":"Ca' Dell\u2019Arte Suite","description":"Ecco un altro sito ms.decms.eu","potentialAction":[{"@type":"SearchAction","target":{"@type":"EntryPoint","urlTemplate":"https:\/\/www.cadellartesuite.com\/de\/?s={search_term_string}"},"query-input":{"@type":"PropertyValueSpecification","valueRequired":true,"valueName":"search_term_string"}}],"inLanguage":"de-DE"}]}},"acf":[],"_links":{"self":[{"href":"https:\/\/www.cadellartesuite.com\/de\/wp-json\/wp\/v2\/pages\/311","targetHints":{"allow":["GET"]}}],"collection":[{"href":"https:\/\/www.cadellartesuite.com\/de\/wp-json\/wp\/v2\/pages"}],"about":[{"href":"https:\/\/www.cadellartesuite.com\/de\/wp-json\/wp\/v2\/types\/page"}],"author":[{"embeddable":true,"href":"https:\/\/www.cadellartesuite.com\/de\/wp-json\/wp\/v2\/users\/13"}],"replies":[{"embeddable":true,"href":"https:\/\/www.cadellartesuite.com\/de\/wp-json\/wp\/v2\/comments?post=311"}],"version-history":[{"count":0,"href":"https:\/\/www.cadellartesuite.com\/de\/wp-json\/wp\/v2\/pages\/311\/revisions"}],"wp:attachment":[{"href":"https:\/\/www.cadellartesuite.com\/de\/wp-json\/wp\/v2\/media?parent=311"}],"curies":[{"name":"wp","href":"https:\/\/api.w.org\/{rel}","templated":true}]}}