{"id":330,"date":"2021-06-10T09:53:55","date_gmt":"2021-06-10T07:53:55","guid":{"rendered":"https:\/\/cadellartesuite.ms.decms.eu\/?page_id=330"},"modified":"2021-08-27T12:17:00","modified_gmt":"2021-08-27T10:17:00","slug":"dienstleistungen","status":"publish","type":"page","link":"https:\/\/www.cadellartesuite.com\/de\/dienstleistungen\/","title":{"rendered":"Dienstleistungen"},"content":{"rendered":"<p><strong>Privattaxi:<\/strong><br \/>\nWir bieten unseren Kunden ein privates Wassertaxi mit Abholung vom Flughafen Marco Polo, dem Bahnhof S. Lucia, der Piazzale Roma und dem Hafen.<\/p>\n<p>F\u00fcr Informationen zum Preis kontaktieren Sie uns!<\/p>\n<p>&nbsp;<\/p>\n<p>&nbsp;<\/p>\n<p><strong>Glutenfrei:<\/strong><br \/>\nEssst\u00f6rungen treten immer h\u00e4ufiger auf. Ein Anruf oder eine einfache WhatsApp-Nachricht einige Tage zuvor reicht aus, um Ihre Bed\u00fcrfnisse zu erf\u00fcllen!<\/p>\n","protected":false},"excerpt":{"rendered":"<p>Privattaxi: Wir bieten unseren Kunden ein privates Wassertaxi mit Abholung vom Flughafen Marco Polo, dem Bahnhof S. Lucia, der Piazzale Roma und dem Hafen. F\u00fcr Informationen zum Preis kontaktieren Sie uns! &nbsp; &nbsp; Glutenfrei: Essst\u00f6rungen treten immer h\u00e4ufiger auf. Ein Anruf oder eine einfache WhatsApp-Nachricht einige Tage zuvor reicht aus, um Ihre Bed\u00fcrfnisse zu erf\u00fcllen!<\/p>\n","protected":false},"author":13,"featured_media":0,"parent":0,"menu_order":40,"comment_status":"closed","ping_status":"closed","template":"template-spa.php","meta":{"footnotes":""},"class_list":["post-330","page","type-page","status-publish","hentry"],"yoast_head":"<!-- This site is optimized with the Yoast SEO plugin v26.9 - https:\/\/yoast.com\/product\/yoast-seo-wordpress\/ -->\n<title>Dienstleistungen ~ Ca&#039; Dell\u2019Arte Suite ~<\/title>\n<meta name=\"description\" content=\"Privattaxi: Wir bieten unseren Kunden ein privates Wassertaxi mit Abholung vom Flughafen Marco Polo, dem Bahnhof S. Lucia, der Piazzale Roma und dem Hafen.  F\u00fcr Informationen zum Preis kontaktieren Sie uns!  &nbsp;  &nbsp;  Glutenfrei: Essst\u00f6rungen treten immer h\u00e4ufiger auf\" \/>\n<meta name=\"robots\" content=\"index, follow, max-snippet:-1, max-image-preview:large, max-video-preview:-1\" \/>\n<link rel=\"canonical\" href=\"https:\/\/www.cadellartesuite.com\/de\/dienstleistungen\/\" \/>\n<meta property=\"og:locale\" content=\"de_DE\" \/>\n<meta property=\"og:type\" content=\"article\" \/>\n<meta property=\"og:title\" content=\"Dienstleistungen ~ Ca&#039; Dell\u2019Arte Suite ~\" \/>\n<meta property=\"og:description\" content=\"Privattaxi: Wir bieten unseren Kunden ein privates Wassertaxi mit Abholung vom Flughafen Marco Polo, dem Bahnhof S. Lucia, der Piazzale Roma und dem Hafen.  F\u00fcr Informationen zum Preis kontaktieren Sie uns!  &nbsp;  &nbsp;  Glutenfrei: Essst\u00f6rungen treten immer h\u00e4ufiger auf\" \/>\n<meta property=\"og:url\" content=\"https:\/\/www.cadellartesuite.com\/de\/dienstleistungen\/\" \/>\n<meta property=\"og:site_name\" content=\"Ca&#039; Dell\u2019Arte Suite\" \/>\n<meta property=\"article:modified_time\" content=\"2021-08-27T10:17:00+00:00\" \/>\n<meta name=\"twitter:card\" content=\"summary_large_image\" \/>\n<meta name=\"twitter:label1\" content=\"Gesch\u00e4tzte Lesezeit\" \/>\n\t<meta name=\"twitter:data1\" content=\"1 Minute\" \/>\n<script type=\"application\/ld+json\" class=\"yoast-schema-graph\">{\"@context\":\"https:\/\/schema.org\",\"@graph\":[{\"@type\":\"WebPage\",\"@id\":\"https:\/\/www.cadellartesuite.com\/de\/dienstleistungen\/\",\"url\":\"https:\/\/www.cadellartesuite.com\/de\/dienstleistungen\/\",\"name\":\"Dienstleistungen ~ Ca' Dell\u2019Arte Suite ~\",\"isPartOf\":{\"@id\":\"https:\/\/www.cadellartesuite.com\/de\/#website\"},\"datePublished\":\"2021-06-10T07:53:55+00:00\",\"dateModified\":\"2021-08-27T10:17:00+00:00\",\"description\":\"Privattaxi: Wir bieten unseren Kunden ein privates Wassertaxi mit Abholung vom Flughafen Marco Polo, dem Bahnhof S. Lucia, der Piazzale Roma und dem Hafen. F\u00fcr Informationen zum Preis kontaktieren Sie uns! &nbsp; &nbsp; Glutenfrei: Essst\u00f6rungen treten immer h\u00e4ufiger auf\",\"breadcrumb\":{\"@id\":\"https:\/\/www.cadellartesuite.com\/de\/dienstleistungen\/#breadcrumb\"},\"inLanguage\":\"de-DE\",\"potentialAction\":[{\"@type\":\"ReadAction\",\"target\":[\"https:\/\/www.cadellartesuite.com\/de\/dienstleistungen\/\"]}]},{\"@type\":\"BreadcrumbList\",\"@id\":\"https:\/\/www.cadellartesuite.com\/de\/dienstleistungen\/#breadcrumb\",\"itemListElement\":[{\"@type\":\"ListItem\",\"position\":1,\"name\":\"Home\",\"item\":\"https:\/\/www.cadellartesuite.com\/de\/\"},{\"@type\":\"ListItem\",\"position\":2,\"name\":\"Dienstleistungen\"}]},{\"@type\":\"WebSite\",\"@id\":\"https:\/\/www.cadellartesuite.com\/de\/#website\",\"url\":\"https:\/\/www.cadellartesuite.com\/de\/\",\"name\":\"Ca' Dell\u2019Arte Suite\",\"description\":\"Ecco un altro sito ms.decms.eu\",\"potentialAction\":[{\"@type\":\"SearchAction\",\"target\":{\"@type\":\"EntryPoint\",\"urlTemplate\":\"https:\/\/www.cadellartesuite.com\/de\/?s={search_term_string}\"},\"query-input\":{\"@type\":\"PropertyValueSpecification\",\"valueRequired\":true,\"valueName\":\"search_term_string\"}}],\"inLanguage\":\"de-DE\"}]}<\/script>\n<!-- \/ Yoast SEO plugin. -->","yoast_head_json":{"title":"Dienstleistungen ~ Ca' Dell\u2019Arte Suite ~","description":"Privattaxi: Wir bieten unseren Kunden ein privates Wassertaxi mit Abholung vom Flughafen Marco Polo, dem Bahnhof S. Lucia, der Piazzale Roma und dem Hafen.  F\u00fcr Informationen zum Preis kontaktieren Sie uns!  &nbsp;  &nbsp;  Glutenfrei: Essst\u00f6rungen treten immer h\u00e4ufiger auf","robots":{"index":"index","follow":"follow","max-snippet":"max-snippet:-1","max-image-preview":"max-image-preview:large","max-video-preview":"max-video-preview:-1"},"canonical":"https:\/\/www.cadellartesuite.com\/de\/dienstleistungen\/","og_locale":"de_DE","og_type":"article","og_title":"Dienstleistungen ~ Ca' Dell\u2019Arte Suite ~","og_description":"Privattaxi: Wir bieten unseren Kunden ein privates Wassertaxi mit Abholung vom Flughafen Marco Polo, dem Bahnhof S. Lucia, der Piazzale Roma und dem Hafen.  F\u00fcr Informationen zum Preis kontaktieren Sie uns!  &nbsp;  &nbsp;  Glutenfrei: Essst\u00f6rungen treten immer h\u00e4ufiger auf","og_url":"https:\/\/www.cadellartesuite.com\/de\/dienstleistungen\/","og_site_name":"Ca' Dell\u2019Arte Suite","article_modified_time":"2021-08-27T10:17:00+00:00","twitter_card":"summary_large_image","twitter_misc":{"Gesch\u00e4tzte Lesezeit":"1 Minute"},"schema":{"@context":"https:\/\/schema.org","@graph":[{"@type":"WebPage","@id":"https:\/\/www.cadellartesuite.com\/de\/dienstleistungen\/","url":"https:\/\/www.cadellartesuite.com\/de\/dienstleistungen\/","name":"Dienstleistungen ~ Ca' Dell\u2019Arte Suite ~","isPartOf":{"@id":"https:\/\/www.cadellartesuite.com\/de\/#website"},"datePublished":"2021-06-10T07:53:55+00:00","dateModified":"2021-08-27T10:17:00+00:00","description":"Privattaxi: Wir bieten unseren Kunden ein privates Wassertaxi mit Abholung vom Flughafen Marco Polo, dem Bahnhof S. Lucia, der Piazzale Roma und dem Hafen. F\u00fcr Informationen zum Preis kontaktieren Sie uns! &nbsp; &nbsp; Glutenfrei: Essst\u00f6rungen treten immer h\u00e4ufiger auf","breadcrumb":{"@id":"https:\/\/www.cadellartesuite.com\/de\/dienstleistungen\/#breadcrumb"},"inLanguage":"de-DE","potentialAction":[{"@type":"ReadAction","target":["https:\/\/www.cadellartesuite.com\/de\/dienstleistungen\/"]}]},{"@type":"BreadcrumbList","@id":"https:\/\/www.cadellartesuite.com\/de\/dienstleistungen\/#breadcrumb","itemListElement":[{"@type":"ListItem","position":1,"name":"Home","item":"https:\/\/www.cadellartesuite.com\/de\/"},{"@type":"ListItem","position":2,"name":"Dienstleistungen"}]},{"@type":"WebSite","@id":"https:\/\/www.cadellartesuite.com\/de\/#website","url":"https:\/\/www.cadellartesuite.com\/de\/","name":"Ca' Dell\u2019Arte Suite","description":"Ecco un altro sito ms.decms.eu","potentialAction":[{"@type":"SearchAction","target":{"@type":"EntryPoint","urlTemplate":"https:\/\/www.cadellartesuite.com\/de\/?s={search_term_string}"},"query-input":{"@type":"PropertyValueSpecification","valueRequired":true,"valueName":"search_term_string"}}],"inLanguage":"de-DE"}]}},"acf":[],"_links":{"self":[{"href":"https:\/\/www.cadellartesuite.com\/de\/wp-json\/wp\/v2\/pages\/330","targetHints":{"allow":["GET"]}}],"collection":[{"href":"https:\/\/www.cadellartesuite.com\/de\/wp-json\/wp\/v2\/pages"}],"about":[{"href":"https:\/\/www.cadellartesuite.com\/de\/wp-json\/wp\/v2\/types\/page"}],"author":[{"embeddable":true,"href":"https:\/\/www.cadellartesuite.com\/de\/wp-json\/wp\/v2\/users\/13"}],"replies":[{"embeddable":true,"href":"https:\/\/www.cadellartesuite.com\/de\/wp-json\/wp\/v2\/comments?post=330"}],"version-history":[{"count":0,"href":"https:\/\/www.cadellartesuite.com\/de\/wp-json\/wp\/v2\/pages\/330\/revisions"}],"wp:attachment":[{"href":"https:\/\/www.cadellartesuite.com\/de\/wp-json\/wp\/v2\/media?parent=330"}],"curies":[{"name":"wp","href":"https:\/\/api.w.org\/{rel}","templated":true}]}}