{"id":374,"date":"2021-07-05T11:27:08","date_gmt":"2021-07-05T09:27:08","guid":{"rendered":"https:\/\/cadellartesuite.ms.decms.eu\/?page_id=374"},"modified":"2021-07-05T11:27:57","modified_gmt":"2021-07-05T09:27:57","slug":"museen","status":"publish","type":"page","link":"https:\/\/www.cadellartesuite.com\/de\/venedig-und-umgebung\/museen\/","title":{"rendered":"Museen"},"content":{"rendered":"<p><strong>Palazzo Ducale:<br \/>\n<\/strong>Der Dogenpalast, fr\u00fcher auch Dogalpalast als Sitz des Dogen, eines der Wahrzeichen der Stadt Venedig und ein Meisterwerk der venezianischen Gotik, ist ein Geb\u00e4ude, das im monumentalen Bereich der Piazza San Marco in der San steht Marco-Viertel, zwischen dem gleichnamigen Platz und dem Dock des Dogenpalastes, neben der Basilika San Marco.<br \/>\n<a href=\"https:\/\/palazzoducale.visitmuve.it\" target=\"_blank\" rel=\"noopener\">palazzoducale.visitmuve.it<\/a><\/p>\n<p><strong>Museo Correr:<br \/>\n<\/strong>Die Sammlung befindet sich seit 1922 auf dem Markusplatz, in den R\u00e4umen des Napoleonischen Fl\u00fcgels und Teil der Procuratie Nuove.<br \/>\n<a href=\"https:\/\/correr.visitmuve.it\" target=\"_blank\" rel=\"noopener\">correr.visitmuve.it<\/a><\/p>\n<p><strong>Teatro la Fenice :<br \/>\n<\/strong>Das Gran Teatro La Fenice im Stadtteil San Marco in Campo San Fantin ist heute das wichtigste Opernhaus Venedigs und eines der renommiertesten der Welt.<br \/>\n<a href=\"https:\/\/www.teatolafenice.it\" target=\"_blank\" rel=\"noopener\">www.teatolafenice.it<\/a><\/p>\n<p>&nbsp;<\/p>\n<p><strong>Peggy Guggenheim:<br \/>\n<\/strong>Peggy Guggenheim, mit b\u00fcrgerlichem Namen Marguerite Guggenheim, war eine amerikanische Kunstsammlerin und M\u00e4zenin. Sie war die Tochter von Benjamin Guggenheim und Enkel von Solomon R. Guggenheim, der die gleichnamige Grundlage f\u00fcr die Schaffung von Museen auf der ganzen Welt geschaffen h\u00e4tte.<br \/>\n<a href=\"https:\/\/www.guggenheim-venice.it\" target=\"_blank\" rel=\"noopener\">www.guggenheim-venice.it<\/a><\/p>\n<p>&nbsp;<\/p>\n<p><strong>Palazzo Grassi &#8211; Punta della Dogana:<br \/>\n<\/strong>Der zwischen 1748 und 1772 vom Architekten Giorgio Massari erbaute Palazzo Grassi ist der letzte Palast, der vor dem Fall der Republik Venedig am Canal Grande gebaut wurde.<br \/>\n<a href=\"https:\/\/www.palazzograssi.it\" target=\"_blank\" rel=\"noopener\">www.palazzograssi.it<\/a><\/p>\n<p>&nbsp;<\/p>\n<p><strong>Gallerie dell\u2019 Accademia:<br \/>\n<\/strong>Die Gallerie dell&#8217;Accademia in Venedig ist ein italienisches Staatsmuseum. Sie befinden sich im Stadtteil Dorsoduro am Fu\u00dfe der Accademia-Br\u00fccke, in dem bis Anfang des 19. Jahrhunderts der riesige Komplex der Kirche Santa Maria della Carit\u00e0, des Klosters der Lateran-Chorherren und der Scuola Grande di Santa Maria della N\u00e4chstenliebe. Ihren Namen verdanken sie der Akademie der Sch\u00f6nen K\u00fcnste, die sie 1817 er\u00f6ffnete und bis 2004 ihren Sitz teilte.<br \/>\n<a href=\"https:\/\/gallerieaccademia.it\" target=\"_blank\" rel=\"noopener\">gallerieaccademia.it<\/a><\/p>\n<p>&nbsp;<\/p>\n<p><strong>Scala del Bovolo:<br \/>\n<\/strong>Der Palazzo Contarini del Bovolo ist ein sp\u00e4tgotisches Geb\u00e4ude in Venedig, das sich im Stadtteil San Marco in der N\u00e4he des Campo Manin mit Blick auf den Rio di San Luca befindet.<br \/>\n<a href=\"https:\/\/www.gioiellinascostidivenezia.it\/i-gioielli\/scala-contarini-del-bovolo\" target=\"_blank\" rel=\"noopener\">www.gioiellinascostidivenezia.it\/i-gioielli\/scala-contarini-del-bovolo<\/a><\/p>\n","protected":false},"excerpt":{"rendered":"<p>Palazzo Ducale: Der Dogenpalast, fr\u00fcher auch Dogalpalast als Sitz des Dogen, eines der Wahrzeichen der Stadt Venedig und ein Meisterwerk der venezianischen Gotik, ist ein Geb\u00e4ude, das im monumentalen Bereich der Piazza San Marco in der San steht Marco-Viertel, zwischen dem gleichnamigen Platz und dem Dock des Dogenpalastes, neben der Basilika San Marco. palazzoducale.visitmuve.it Museo [&hellip;]<\/p>\n","protected":false},"author":13,"featured_media":0,"parent":373,"menu_order":10,"comment_status":"closed","ping_status":"closed","template":"","meta":{"footnotes":""},"class_list":["post-374","page","type-page","status-publish","hentry"],"yoast_head":"<!-- This site is optimized with the Yoast SEO plugin v26.9 - https:\/\/yoast.com\/product\/yoast-seo-wordpress\/ -->\n<title>Museen ~ Ca&#039; Dell\u2019Arte Suite ~<\/title>\n<meta name=\"description\" content=\"Palazzo Ducale: Der Dogenpalast, fr\u00fcher auch Dogalpalast als Sitz des Dogen, eines der Wahrzeichen der Stadt Venedig und ein Meisterwerk der venezianischen Gotik, ist ein Geb\u00e4ude, das im monumentalen Bereich der Piazza San Marco in der San steht Marco-Viertel, zwischen dem gleichnamigen Platz und dem Dock des Dogenpalastes, neben der Basilika San Marco. palazzoducale.visitmuve.it  Museo Correr: Die Sammlung befindet sich seit 1922 auf dem Markusplatz, in den R\u00e4umen des Napoleonischen Fl\u00fcgels und Teil der Procuratie Nuove. correr.visitmuve.it  Teatro la Fenice : Das Gran Teatro La Fenice im Stadtteil San Marco in Campo San Fantin ist heute das wichtigste Opernhaus Venedigs und eines der renommiertesten der Welt. www.teatolafenice.it  &nbsp;  Peggy Guggenheim: Peggy Guggenheim, mit b\u00fcrgerlichem Namen Marguerite Guggenheim, war eine amerikanische Kunstsammlerin und M\u00e4zenin. Sie war die Tochter von Benjamin Guggenheim und Enkel von Solomon R\" \/>\n<meta name=\"robots\" content=\"index, follow, max-snippet:-1, max-image-preview:large, max-video-preview:-1\" \/>\n<link rel=\"canonical\" href=\"https:\/\/www.cadellartesuite.com\/de\/venedig-und-umgebung\/museen\/\" \/>\n<meta property=\"og:locale\" content=\"de_DE\" \/>\n<meta property=\"og:type\" content=\"article\" \/>\n<meta property=\"og:title\" content=\"Museen ~ Ca&#039; Dell\u2019Arte Suite ~\" \/>\n<meta property=\"og:description\" content=\"Palazzo Ducale: Der Dogenpalast, fr\u00fcher auch Dogalpalast als Sitz des Dogen, eines der Wahrzeichen der Stadt Venedig und ein Meisterwerk der venezianischen Gotik, ist ein Geb\u00e4ude, das im monumentalen Bereich der Piazza San Marco in der San steht Marco-Viertel, zwischen dem gleichnamigen Platz und dem Dock des Dogenpalastes, neben der Basilika San Marco. palazzoducale.visitmuve.it  Museo Correr: Die Sammlung befindet sich seit 1922 auf dem Markusplatz, in den R\u00e4umen des Napoleonischen Fl\u00fcgels und Teil der Procuratie Nuove. correr.visitmuve.it  Teatro la Fenice : Das Gran Teatro La Fenice im Stadtteil San Marco in Campo San Fantin ist heute das wichtigste Opernhaus Venedigs und eines der renommiertesten der Welt. www.teatolafenice.it  &nbsp;  Peggy Guggenheim: Peggy Guggenheim, mit b\u00fcrgerlichem Namen Marguerite Guggenheim, war eine amerikanische Kunstsammlerin und M\u00e4zenin. Sie war die Tochter von Benjamin Guggenheim und Enkel von Solomon R\" \/>\n<meta property=\"og:url\" content=\"https:\/\/www.cadellartesuite.com\/de\/venedig-und-umgebung\/museen\/\" \/>\n<meta property=\"og:site_name\" content=\"Ca&#039; Dell\u2019Arte Suite\" \/>\n<meta property=\"article:modified_time\" content=\"2021-07-05T09:27:57+00:00\" \/>\n<meta name=\"twitter:card\" content=\"summary_large_image\" \/>\n<meta name=\"twitter:label1\" content=\"Gesch\u00e4tzte Lesezeit\" \/>\n\t<meta name=\"twitter:data1\" content=\"2 Minuten\" \/>\n<script type=\"application\/ld+json\" class=\"yoast-schema-graph\">{\"@context\":\"https:\/\/schema.org\",\"@graph\":[{\"@type\":\"WebPage\",\"@id\":\"https:\/\/www.cadellartesuite.com\/de\/venedig-und-umgebung\/museen\/\",\"url\":\"https:\/\/www.cadellartesuite.com\/de\/venedig-und-umgebung\/museen\/\",\"name\":\"Museen ~ Ca' Dell\u2019Arte Suite ~\",\"isPartOf\":{\"@id\":\"https:\/\/www.cadellartesuite.com\/de\/#website\"},\"datePublished\":\"2021-07-05T09:27:08+00:00\",\"dateModified\":\"2021-07-05T09:27:57+00:00\",\"description\":\"Palazzo Ducale: Der Dogenpalast, fr\u00fcher auch Dogalpalast als Sitz des Dogen, eines der Wahrzeichen der Stadt Venedig und ein Meisterwerk der venezianischen Gotik, ist ein Geb\u00e4ude, das im monumentalen Bereich der Piazza San Marco in der San steht Marco-Viertel, zwischen dem gleichnamigen Platz und dem Dock des Dogenpalastes, neben der Basilika San Marco. palazzoducale.visitmuve.it Museo Correr: Die Sammlung befindet sich seit 1922 auf dem Markusplatz, in den R\u00e4umen des Napoleonischen Fl\u00fcgels und Teil der Procuratie Nuove. correr.visitmuve.it Teatro la Fenice : Das Gran Teatro La Fenice im Stadtteil San Marco in Campo San Fantin ist heute das wichtigste Opernhaus Venedigs und eines der renommiertesten der Welt. www.teatolafenice.it &nbsp; Peggy Guggenheim: Peggy Guggenheim, mit b\u00fcrgerlichem Namen Marguerite Guggenheim, war eine amerikanische Kunstsammlerin und M\u00e4zenin. Sie war die Tochter von Benjamin Guggenheim und Enkel von Solomon R\",\"breadcrumb\":{\"@id\":\"https:\/\/www.cadellartesuite.com\/de\/venedig-und-umgebung\/museen\/#breadcrumb\"},\"inLanguage\":\"de-DE\",\"potentialAction\":[{\"@type\":\"ReadAction\",\"target\":[\"https:\/\/www.cadellartesuite.com\/de\/venedig-und-umgebung\/museen\/\"]}]},{\"@type\":\"BreadcrumbList\",\"@id\":\"https:\/\/www.cadellartesuite.com\/de\/venedig-und-umgebung\/museen\/#breadcrumb\",\"itemListElement\":[{\"@type\":\"ListItem\",\"position\":1,\"name\":\"Home\",\"item\":\"https:\/\/www.cadellartesuite.com\/de\/\"},{\"@type\":\"ListItem\",\"position\":2,\"name\":\"Venedig und Umgebung\",\"item\":\"https:\/\/www.cadellartesuite.com\/de\/venedig-und-umgebung\/\"},{\"@type\":\"ListItem\",\"position\":3,\"name\":\"Museen\"}]},{\"@type\":\"WebSite\",\"@id\":\"https:\/\/www.cadellartesuite.com\/de\/#website\",\"url\":\"https:\/\/www.cadellartesuite.com\/de\/\",\"name\":\"Ca' Dell\u2019Arte Suite\",\"description\":\"Ecco un altro sito ms.decms.eu\",\"potentialAction\":[{\"@type\":\"SearchAction\",\"target\":{\"@type\":\"EntryPoint\",\"urlTemplate\":\"https:\/\/www.cadellartesuite.com\/de\/?s={search_term_string}\"},\"query-input\":{\"@type\":\"PropertyValueSpecification\",\"valueRequired\":true,\"valueName\":\"search_term_string\"}}],\"inLanguage\":\"de-DE\"}]}<\/script>\n<!-- \/ Yoast SEO plugin. -->","yoast_head_json":{"title":"Museen ~ Ca' Dell\u2019Arte Suite ~","description":"Palazzo Ducale: Der Dogenpalast, fr\u00fcher auch Dogalpalast als Sitz des Dogen, eines der Wahrzeichen der Stadt Venedig und ein Meisterwerk der venezianischen Gotik, ist ein Geb\u00e4ude, das im monumentalen Bereich der Piazza San Marco in der San steht Marco-Viertel, zwischen dem gleichnamigen Platz und dem Dock des Dogenpalastes, neben der Basilika San Marco. palazzoducale.visitmuve.it  Museo Correr: Die Sammlung befindet sich seit 1922 auf dem Markusplatz, in den R\u00e4umen des Napoleonischen Fl\u00fcgels und Teil der Procuratie Nuove. correr.visitmuve.it  Teatro la Fenice : Das Gran Teatro La Fenice im Stadtteil San Marco in Campo San Fantin ist heute das wichtigste Opernhaus Venedigs und eines der renommiertesten der Welt. www.teatolafenice.it  &nbsp;  Peggy Guggenheim: Peggy Guggenheim, mit b\u00fcrgerlichem Namen Marguerite Guggenheim, war eine amerikanische Kunstsammlerin und M\u00e4zenin. Sie war die Tochter von Benjamin Guggenheim und Enkel von Solomon R","robots":{"index":"index","follow":"follow","max-snippet":"max-snippet:-1","max-image-preview":"max-image-preview:large","max-video-preview":"max-video-preview:-1"},"canonical":"https:\/\/www.cadellartesuite.com\/de\/venedig-und-umgebung\/museen\/","og_locale":"de_DE","og_type":"article","og_title":"Museen ~ Ca' Dell\u2019Arte Suite ~","og_description":"Palazzo Ducale: Der Dogenpalast, fr\u00fcher auch Dogalpalast als Sitz des Dogen, eines der Wahrzeichen der Stadt Venedig und ein Meisterwerk der venezianischen Gotik, ist ein Geb\u00e4ude, das im monumentalen Bereich der Piazza San Marco in der San steht Marco-Viertel, zwischen dem gleichnamigen Platz und dem Dock des Dogenpalastes, neben der Basilika San Marco. palazzoducale.visitmuve.it  Museo Correr: Die Sammlung befindet sich seit 1922 auf dem Markusplatz, in den R\u00e4umen des Napoleonischen Fl\u00fcgels und Teil der Procuratie Nuove. correr.visitmuve.it  Teatro la Fenice : Das Gran Teatro La Fenice im Stadtteil San Marco in Campo San Fantin ist heute das wichtigste Opernhaus Venedigs und eines der renommiertesten der Welt. www.teatolafenice.it  &nbsp;  Peggy Guggenheim: Peggy Guggenheim, mit b\u00fcrgerlichem Namen Marguerite Guggenheim, war eine amerikanische Kunstsammlerin und M\u00e4zenin. Sie war die Tochter von Benjamin Guggenheim und Enkel von Solomon R","og_url":"https:\/\/www.cadellartesuite.com\/de\/venedig-und-umgebung\/museen\/","og_site_name":"Ca' Dell\u2019Arte Suite","article_modified_time":"2021-07-05T09:27:57+00:00","twitter_card":"summary_large_image","twitter_misc":{"Gesch\u00e4tzte Lesezeit":"2 Minuten"},"schema":{"@context":"https:\/\/schema.org","@graph":[{"@type":"WebPage","@id":"https:\/\/www.cadellartesuite.com\/de\/venedig-und-umgebung\/museen\/","url":"https:\/\/www.cadellartesuite.com\/de\/venedig-und-umgebung\/museen\/","name":"Museen ~ Ca' Dell\u2019Arte Suite ~","isPartOf":{"@id":"https:\/\/www.cadellartesuite.com\/de\/#website"},"datePublished":"2021-07-05T09:27:08+00:00","dateModified":"2021-07-05T09:27:57+00:00","description":"Palazzo Ducale: Der Dogenpalast, fr\u00fcher auch Dogalpalast als Sitz des Dogen, eines der Wahrzeichen der Stadt Venedig und ein Meisterwerk der venezianischen Gotik, ist ein Geb\u00e4ude, das im monumentalen Bereich der Piazza San Marco in der San steht Marco-Viertel, zwischen dem gleichnamigen Platz und dem Dock des Dogenpalastes, neben der Basilika San Marco. palazzoducale.visitmuve.it Museo Correr: Die Sammlung befindet sich seit 1922 auf dem Markusplatz, in den R\u00e4umen des Napoleonischen Fl\u00fcgels und Teil der Procuratie Nuove. correr.visitmuve.it Teatro la Fenice : Das Gran Teatro La Fenice im Stadtteil San Marco in Campo San Fantin ist heute das wichtigste Opernhaus Venedigs und eines der renommiertesten der Welt. www.teatolafenice.it &nbsp; Peggy Guggenheim: Peggy Guggenheim, mit b\u00fcrgerlichem Namen Marguerite Guggenheim, war eine amerikanische Kunstsammlerin und M\u00e4zenin. Sie war die Tochter von Benjamin Guggenheim und Enkel von Solomon R","breadcrumb":{"@id":"https:\/\/www.cadellartesuite.com\/de\/venedig-und-umgebung\/museen\/#breadcrumb"},"inLanguage":"de-DE","potentialAction":[{"@type":"ReadAction","target":["https:\/\/www.cadellartesuite.com\/de\/venedig-und-umgebung\/museen\/"]}]},{"@type":"BreadcrumbList","@id":"https:\/\/www.cadellartesuite.com\/de\/venedig-und-umgebung\/museen\/#breadcrumb","itemListElement":[{"@type":"ListItem","position":1,"name":"Home","item":"https:\/\/www.cadellartesuite.com\/de\/"},{"@type":"ListItem","position":2,"name":"Venedig und Umgebung","item":"https:\/\/www.cadellartesuite.com\/de\/venedig-und-umgebung\/"},{"@type":"ListItem","position":3,"name":"Museen"}]},{"@type":"WebSite","@id":"https:\/\/www.cadellartesuite.com\/de\/#website","url":"https:\/\/www.cadellartesuite.com\/de\/","name":"Ca' Dell\u2019Arte Suite","description":"Ecco un altro sito ms.decms.eu","potentialAction":[{"@type":"SearchAction","target":{"@type":"EntryPoint","urlTemplate":"https:\/\/www.cadellartesuite.com\/de\/?s={search_term_string}"},"query-input":{"@type":"PropertyValueSpecification","valueRequired":true,"valueName":"search_term_string"}}],"inLanguage":"de-DE"}]}},"acf":[],"_links":{"self":[{"href":"https:\/\/www.cadellartesuite.com\/de\/wp-json\/wp\/v2\/pages\/374","targetHints":{"allow":["GET"]}}],"collection":[{"href":"https:\/\/www.cadellartesuite.com\/de\/wp-json\/wp\/v2\/pages"}],"about":[{"href":"https:\/\/www.cadellartesuite.com\/de\/wp-json\/wp\/v2\/types\/page"}],"author":[{"embeddable":true,"href":"https:\/\/www.cadellartesuite.com\/de\/wp-json\/wp\/v2\/users\/13"}],"replies":[{"embeddable":true,"href":"https:\/\/www.cadellartesuite.com\/de\/wp-json\/wp\/v2\/comments?post=374"}],"version-history":[{"count":0,"href":"https:\/\/www.cadellartesuite.com\/de\/wp-json\/wp\/v2\/pages\/374\/revisions"}],"up":[{"embeddable":true,"href":"https:\/\/www.cadellartesuite.com\/de\/wp-json\/wp\/v2\/pages\/373"}],"wp:attachment":[{"href":"https:\/\/www.cadellartesuite.com\/de\/wp-json\/wp\/v2\/media?parent=374"}],"curies":[{"name":"wp","href":"https:\/\/api.w.org\/{rel}","templated":true}]}}