{"id":375,"date":"2021-07-05T11:28:01","date_gmt":"2021-07-05T09:28:01","guid":{"rendered":"https:\/\/cadellartesuite.ms.decms.eu\/?page_id=375"},"modified":"2021-07-05T11:28:01","modified_gmt":"2021-07-05T09:28:01","slug":"inseln","status":"publish","type":"page","link":"https:\/\/www.cadellartesuite.com\/de\/venedig-und-umgebung\/inseln\/","title":{"rendered":"Inseln"},"content":{"rendered":"<p><strong>Murano:<\/strong><br \/>\nMurano (auf venezianisch Muran) ist ein bewohntes Zentrum der Lagune von Venedig, liegt nord\u00f6stlich von Venedig und besteht aus sieben Inseln.<\/p>\n<p>Die Inseln, auf denen Murano steht, liegen entlang des Marani-Kanals und sind durch Kan\u00e4le und Kan\u00e4le geteilt und durch Br\u00fccken miteinander verbunden; ihr Territorium ist vollst\u00e4ndig urbanisiert, mit Ausnahme von Sacca San Mattia, die noch immer rekultiviert wird. Zwei Inseln sind k\u00fcnstlichen Ursprungs: Sacca Serenella und Sacca San Mattia. Das Zentrum ist auf der ganzen Welt f\u00fcr die jahrhundertealte handwerkliche T\u00e4tigkeit bekannt, die Muranoglas herstellt.<\/p>\n<p>&nbsp;<\/p>\n<p><strong>Burano:<\/strong><br \/>\nBurano (Bur\u00e0n in Veneto) Es ist Teil der Gemeinde Venedig und insbesondere der Gemeinde Venedig-Murano-Burano. Es ist durch eine Br\u00fccke mit der Insel Mazzorbo verbunden, die zu einer Art Anh\u00e4ngsel geworden ist. Die Stadt ist bekannt f\u00fcr ihre typischen bunten H\u00e4user und f\u00fcr die jahrhundertealte Handarbeit aus Burano-Spitze. Die gastronomischen Traditionen sind bemerkenswert; typische S\u00fc\u00dfigkeiten sind die bussolai<\/p>\n<p>&nbsp;<\/p>\n<p><strong>Torcello:<\/strong><br \/>\nTorcello (Torce\u0142o im venezianischen Dialekt) ist eine Insel in der n\u00f6rdlichen venezianischen Lagune.<\/p>\n<p>Es war eine der \u00e4ltesten und wohlhabendsten Siedlungen in der Lagune, bis zum Niedergang infolge der Vorherrschaft des nahe gelegenen Venedigs und der sich \u00e4ndernden Umweltbedingungen. Derzeit hat die Insel nur elf Einwohner, aber das unbezahlbare arch\u00e4ologische Erbe, das sie noch immer bewahrt, macht sie zu einem sehr beliebten Touristenziel.<\/p>\n<p>&nbsp;<\/p>\n<p><strong>Malamocco:<\/strong><br \/>\nMalamocco ist eine der \u00e4ltesten Siedlungen in der Lagune von Venedig und hat seine Wurzeln in der R\u00f6merzeit. In dieser Zeit stellte es den Hafen von Padua dar, mit dem es direkt an der M\u00fcndung des Medoacus Maior (daher der Name), der heutigen Brenta, verbunden war. Es ist wahrscheinlich, dass die Stadt dank der Durchfahrt der Via Popilia auch von anderen wichtigen Zentren wie Ravenna, Altino und Aquileia leicht zu erreichen war.<\/p>\n","protected":false},"excerpt":{"rendered":"<p>Murano: Murano (auf venezianisch Muran) ist ein bewohntes Zentrum der Lagune von Venedig, liegt nord\u00f6stlich von Venedig und besteht aus sieben Inseln. Die Inseln, auf denen Murano steht, liegen entlang des Marani-Kanals und sind durch Kan\u00e4le und Kan\u00e4le geteilt und durch Br\u00fccken miteinander verbunden; ihr Territorium ist vollst\u00e4ndig urbanisiert, mit Ausnahme von Sacca San Mattia, [&hellip;]<\/p>\n","protected":false},"author":13,"featured_media":0,"parent":373,"menu_order":20,"comment_status":"closed","ping_status":"closed","template":"","meta":{"footnotes":""},"class_list":["post-375","page","type-page","status-publish","hentry"],"yoast_head":"<!-- This site is optimized with the Yoast SEO plugin v26.9 - https:\/\/yoast.com\/product\/yoast-seo-wordpress\/ -->\n<title>Inseln ~ Ca&#039; Dell\u2019Arte Suite ~<\/title>\n<meta name=\"description\" content=\"Murano: Murano (auf venezianisch Muran) ist ein bewohntes Zentrum der Lagune von Venedig, liegt nord\u00f6stlich von Venedig und besteht aus sieben Inseln.  Die Inseln, auf denen Murano steht, liegen entlang des Marani-Kanals und sind durch Kan\u00e4le und Kan\u00e4le geteilt und durch Br\u00fccken miteinander verbunden; ihr Territorium ist vollst\u00e4ndig urbanisiert, mit Ausnahme von Sacca San Mattia, die noch immer rekultiviert wird. Zwei Inseln sind k\u00fcnstlichen Ursprungs: Sacca Serenella und Sacca San Mattia\" \/>\n<meta name=\"robots\" content=\"index, follow, max-snippet:-1, max-image-preview:large, max-video-preview:-1\" \/>\n<link rel=\"canonical\" href=\"https:\/\/www.cadellartesuite.com\/de\/venedig-und-umgebung\/inseln\/\" \/>\n<meta property=\"og:locale\" content=\"de_DE\" \/>\n<meta property=\"og:type\" content=\"article\" \/>\n<meta property=\"og:title\" content=\"Inseln ~ Ca&#039; Dell\u2019Arte Suite ~\" \/>\n<meta property=\"og:description\" content=\"Murano: Murano (auf venezianisch Muran) ist ein bewohntes Zentrum der Lagune von Venedig, liegt nord\u00f6stlich von Venedig und besteht aus sieben Inseln.  Die Inseln, auf denen Murano steht, liegen entlang des Marani-Kanals und sind durch Kan\u00e4le und Kan\u00e4le geteilt und durch Br\u00fccken miteinander verbunden; ihr Territorium ist vollst\u00e4ndig urbanisiert, mit Ausnahme von Sacca San Mattia, die noch immer rekultiviert wird. Zwei Inseln sind k\u00fcnstlichen Ursprungs: Sacca Serenella und Sacca San Mattia\" \/>\n<meta property=\"og:url\" content=\"https:\/\/www.cadellartesuite.com\/de\/venedig-und-umgebung\/inseln\/\" \/>\n<meta property=\"og:site_name\" content=\"Ca&#039; Dell\u2019Arte Suite\" \/>\n<meta name=\"twitter:card\" content=\"summary_large_image\" \/>\n<meta name=\"twitter:label1\" content=\"Gesch\u00e4tzte Lesezeit\" \/>\n\t<meta name=\"twitter:data1\" content=\"2 Minuten\" \/>\n<script type=\"application\/ld+json\" class=\"yoast-schema-graph\">{\"@context\":\"https:\/\/schema.org\",\"@graph\":[{\"@type\":\"WebPage\",\"@id\":\"https:\/\/www.cadellartesuite.com\/de\/venedig-und-umgebung\/inseln\/\",\"url\":\"https:\/\/www.cadellartesuite.com\/de\/venedig-und-umgebung\/inseln\/\",\"name\":\"Inseln ~ Ca' Dell\u2019Arte Suite ~\",\"isPartOf\":{\"@id\":\"https:\/\/www.cadellartesuite.com\/de\/#website\"},\"datePublished\":\"2021-07-05T09:28:01+00:00\",\"description\":\"Murano: Murano (auf venezianisch Muran) ist ein bewohntes Zentrum der Lagune von Venedig, liegt nord\u00f6stlich von Venedig und besteht aus sieben Inseln. Die Inseln, auf denen Murano steht, liegen entlang des Marani-Kanals und sind durch Kan\u00e4le und Kan\u00e4le geteilt und durch Br\u00fccken miteinander verbunden; ihr Territorium ist vollst\u00e4ndig urbanisiert, mit Ausnahme von Sacca San Mattia, die noch immer rekultiviert wird. Zwei Inseln sind k\u00fcnstlichen Ursprungs: Sacca Serenella und Sacca San Mattia\",\"breadcrumb\":{\"@id\":\"https:\/\/www.cadellartesuite.com\/de\/venedig-und-umgebung\/inseln\/#breadcrumb\"},\"inLanguage\":\"de-DE\",\"potentialAction\":[{\"@type\":\"ReadAction\",\"target\":[\"https:\/\/www.cadellartesuite.com\/de\/venedig-und-umgebung\/inseln\/\"]}]},{\"@type\":\"BreadcrumbList\",\"@id\":\"https:\/\/www.cadellartesuite.com\/de\/venedig-und-umgebung\/inseln\/#breadcrumb\",\"itemListElement\":[{\"@type\":\"ListItem\",\"position\":1,\"name\":\"Home\",\"item\":\"https:\/\/www.cadellartesuite.com\/de\/\"},{\"@type\":\"ListItem\",\"position\":2,\"name\":\"Venedig und Umgebung\",\"item\":\"https:\/\/www.cadellartesuite.com\/de\/venedig-und-umgebung\/\"},{\"@type\":\"ListItem\",\"position\":3,\"name\":\"Inseln\"}]},{\"@type\":\"WebSite\",\"@id\":\"https:\/\/www.cadellartesuite.com\/de\/#website\",\"url\":\"https:\/\/www.cadellartesuite.com\/de\/\",\"name\":\"Ca' Dell\u2019Arte Suite\",\"description\":\"Ecco un altro sito ms.decms.eu\",\"potentialAction\":[{\"@type\":\"SearchAction\",\"target\":{\"@type\":\"EntryPoint\",\"urlTemplate\":\"https:\/\/www.cadellartesuite.com\/de\/?s={search_term_string}\"},\"query-input\":{\"@type\":\"PropertyValueSpecification\",\"valueRequired\":true,\"valueName\":\"search_term_string\"}}],\"inLanguage\":\"de-DE\"}]}<\/script>\n<!-- \/ Yoast SEO plugin. -->","yoast_head_json":{"title":"Inseln ~ Ca' Dell\u2019Arte Suite ~","description":"Murano: Murano (auf venezianisch Muran) ist ein bewohntes Zentrum der Lagune von Venedig, liegt nord\u00f6stlich von Venedig und besteht aus sieben Inseln.  Die Inseln, auf denen Murano steht, liegen entlang des Marani-Kanals und sind durch Kan\u00e4le und Kan\u00e4le geteilt und durch Br\u00fccken miteinander verbunden; ihr Territorium ist vollst\u00e4ndig urbanisiert, mit Ausnahme von Sacca San Mattia, die noch immer rekultiviert wird. Zwei Inseln sind k\u00fcnstlichen Ursprungs: Sacca Serenella und Sacca San Mattia","robots":{"index":"index","follow":"follow","max-snippet":"max-snippet:-1","max-image-preview":"max-image-preview:large","max-video-preview":"max-video-preview:-1"},"canonical":"https:\/\/www.cadellartesuite.com\/de\/venedig-und-umgebung\/inseln\/","og_locale":"de_DE","og_type":"article","og_title":"Inseln ~ Ca' Dell\u2019Arte Suite ~","og_description":"Murano: Murano (auf venezianisch Muran) ist ein bewohntes Zentrum der Lagune von Venedig, liegt nord\u00f6stlich von Venedig und besteht aus sieben Inseln.  Die Inseln, auf denen Murano steht, liegen entlang des Marani-Kanals und sind durch Kan\u00e4le und Kan\u00e4le geteilt und durch Br\u00fccken miteinander verbunden; ihr Territorium ist vollst\u00e4ndig urbanisiert, mit Ausnahme von Sacca San Mattia, die noch immer rekultiviert wird. Zwei Inseln sind k\u00fcnstlichen Ursprungs: Sacca Serenella und Sacca San Mattia","og_url":"https:\/\/www.cadellartesuite.com\/de\/venedig-und-umgebung\/inseln\/","og_site_name":"Ca' Dell\u2019Arte Suite","twitter_card":"summary_large_image","twitter_misc":{"Gesch\u00e4tzte Lesezeit":"2 Minuten"},"schema":{"@context":"https:\/\/schema.org","@graph":[{"@type":"WebPage","@id":"https:\/\/www.cadellartesuite.com\/de\/venedig-und-umgebung\/inseln\/","url":"https:\/\/www.cadellartesuite.com\/de\/venedig-und-umgebung\/inseln\/","name":"Inseln ~ Ca' Dell\u2019Arte Suite ~","isPartOf":{"@id":"https:\/\/www.cadellartesuite.com\/de\/#website"},"datePublished":"2021-07-05T09:28:01+00:00","description":"Murano: Murano (auf venezianisch Muran) ist ein bewohntes Zentrum der Lagune von Venedig, liegt nord\u00f6stlich von Venedig und besteht aus sieben Inseln. Die Inseln, auf denen Murano steht, liegen entlang des Marani-Kanals und sind durch Kan\u00e4le und Kan\u00e4le geteilt und durch Br\u00fccken miteinander verbunden; ihr Territorium ist vollst\u00e4ndig urbanisiert, mit Ausnahme von Sacca San Mattia, die noch immer rekultiviert wird. Zwei Inseln sind k\u00fcnstlichen Ursprungs: Sacca Serenella und Sacca San Mattia","breadcrumb":{"@id":"https:\/\/www.cadellartesuite.com\/de\/venedig-und-umgebung\/inseln\/#breadcrumb"},"inLanguage":"de-DE","potentialAction":[{"@type":"ReadAction","target":["https:\/\/www.cadellartesuite.com\/de\/venedig-und-umgebung\/inseln\/"]}]},{"@type":"BreadcrumbList","@id":"https:\/\/www.cadellartesuite.com\/de\/venedig-und-umgebung\/inseln\/#breadcrumb","itemListElement":[{"@type":"ListItem","position":1,"name":"Home","item":"https:\/\/www.cadellartesuite.com\/de\/"},{"@type":"ListItem","position":2,"name":"Venedig und Umgebung","item":"https:\/\/www.cadellartesuite.com\/de\/venedig-und-umgebung\/"},{"@type":"ListItem","position":3,"name":"Inseln"}]},{"@type":"WebSite","@id":"https:\/\/www.cadellartesuite.com\/de\/#website","url":"https:\/\/www.cadellartesuite.com\/de\/","name":"Ca' Dell\u2019Arte Suite","description":"Ecco un altro sito ms.decms.eu","potentialAction":[{"@type":"SearchAction","target":{"@type":"EntryPoint","urlTemplate":"https:\/\/www.cadellartesuite.com\/de\/?s={search_term_string}"},"query-input":{"@type":"PropertyValueSpecification","valueRequired":true,"valueName":"search_term_string"}}],"inLanguage":"de-DE"}]}},"acf":[],"_links":{"self":[{"href":"https:\/\/www.cadellartesuite.com\/de\/wp-json\/wp\/v2\/pages\/375","targetHints":{"allow":["GET"]}}],"collection":[{"href":"https:\/\/www.cadellartesuite.com\/de\/wp-json\/wp\/v2\/pages"}],"about":[{"href":"https:\/\/www.cadellartesuite.com\/de\/wp-json\/wp\/v2\/types\/page"}],"author":[{"embeddable":true,"href":"https:\/\/www.cadellartesuite.com\/de\/wp-json\/wp\/v2\/users\/13"}],"replies":[{"embeddable":true,"href":"https:\/\/www.cadellartesuite.com\/de\/wp-json\/wp\/v2\/comments?post=375"}],"version-history":[{"count":0,"href":"https:\/\/www.cadellartesuite.com\/de\/wp-json\/wp\/v2\/pages\/375\/revisions"}],"up":[{"embeddable":true,"href":"https:\/\/www.cadellartesuite.com\/de\/wp-json\/wp\/v2\/pages\/373"}],"wp:attachment":[{"href":"https:\/\/www.cadellartesuite.com\/de\/wp-json\/wp\/v2\/media?parent=375"}],"curies":[{"name":"wp","href":"https:\/\/api.w.org\/{rel}","templated":true}]}}