{"id":380,"date":"2021-07-05T14:21:51","date_gmt":"2021-07-05T12:21:51","guid":{"rendered":"https:\/\/cadellartesuite.ms.decms.eu\/?page_id=380"},"modified":"2025-10-13T14:19:25","modified_gmt":"2025-10-13T12:19:25","slug":"prestige-dandolo-suite","status":"publish","type":"page","link":"https:\/\/www.cadellartesuite.com\/de\/unsere-suiten\/prestige-dandolo-suite\/","title":{"rendered":"Prestige-Dandolo-Suite"},"content":{"rendered":"<p><strong>Wohnungsgr\u00f6\u00dfe:<\/strong> 81 m\u00b2 + 16 m\u00b2 Terrasse<\/p>\n<p>2 Doppelzimmer mit Doppelbett\/zwei Einzelbetten<\/p>\n<p>Luxury Suite mit Blick auf den Glockenturm und die Kuppel des Markusdoms.<\/p>\n<p>Auf Anfrage kann ein Schlafsofa f\u00fcr eine 3. Person untergebracht werden.<\/p>\n<p><strong>Ausstattung der Wohnung:<\/strong> Terrasse, Telefon, Radio, Sat-TV, Flat-TV, Safe, Klimaanlage, B\u00fcgeleisen und B\u00fcgelbrett, Wohnbereich, Waschmaschine, Heizung, eigener Eingang, Sofa, Parkett- oder Holzboden, Kleiderschrank\/Schrank, F\u00f6n, kostenlose Toilettenartikel, WC, eigenes Bad mit Dusche, Kochnische, K\u00fchlschrank, Mikrowelle, Herd, Kochutensilien, Bettw\u00e4sche.<\/p>\n<p>Kostenloses WLAN ist in allen Zimmern verf\u00fcgbar.<\/p>\n","protected":false},"excerpt":{"rendered":"<p>Wohnungsgr\u00f6\u00dfe: 81 m\u00b2 + 16 m\u00b2 Terrasse 2 Doppelzimmer mit Doppelbett\/zwei Einzelbetten Luxury Suite mit Blick auf den Glockenturm und die Kuppel des Markusdoms. Auf Anfrage kann ein Schlafsofa f\u00fcr eine 3. Person untergebracht werden. Ausstattung der Wohnung: Terrasse, Telefon, Radio, Sat-TV, Flat-TV, Safe, Klimaanlage, B\u00fcgeleisen und B\u00fcgelbrett, Wohnbereich, Waschmaschine, Heizung, eigener Eingang, Sofa, Parkett- [&hellip;]<\/p>\n","protected":false},"author":13,"featured_media":635,"parent":335,"menu_order":40,"comment_status":"closed","ping_status":"closed","template":"template-single-room.php","meta":{"footnotes":""},"class_list":["post-380","page","type-page","status-publish","has-post-thumbnail","hentry"],"yoast_head":"<!-- This site is optimized with the Yoast SEO plugin v26.9 - https:\/\/yoast.com\/product\/yoast-seo-wordpress\/ -->\n<title>Prestige-Dandolo-Suite ~ Ca&#039; Dell\u2019Arte Suite ~<\/title>\n<meta name=\"description\" content=\"Wohnungsgr\u00f6\u00dfe: 81 m\u00b2 + 16 m\u00b2 Terrasse  2 Doppelzimmer mit Doppelbett\/zwei Einzelbetten  Luxury Suite mit Blick auf den Glockenturm und die Kuppel des Markusdoms.  Auf Anfrage kann ein Schlafsofa f\u00fcr eine 3. Person untergebracht werden.  Ausstattung der Wohnung: Terrasse, Telefon, Radio, Sat-TV, Flat-TV, Safe, Klimaanlage, B\u00fcgeleisen und B\u00fcgelbrett, Wohnbereich, Waschmaschine, Heizung, eigener Eingang, Sofa, Parkett- oder Holzboden, Kleiderschrank\/Schrank, F\u00f6n, kostenlose Toilettenartikel, WC, eigenes Bad mit Dusche, Kochnische, K\u00fchlschrank, Mikrowelle, Herd, Kochutensilien, Bettw\u00e4sche.  Kostenloses WLAN ist in allen Zimmern verf\u00fcgbar.\" \/>\n<meta name=\"robots\" content=\"index, follow, max-snippet:-1, max-image-preview:large, max-video-preview:-1\" \/>\n<link rel=\"canonical\" href=\"https:\/\/www.cadellartesuite.com\/de\/unsere-suiten\/prestige-dandolo-suite\/\" \/>\n<meta property=\"og:locale\" content=\"de_DE\" \/>\n<meta property=\"og:type\" content=\"article\" \/>\n<meta property=\"og:title\" content=\"Prestige-Dandolo-Suite ~ Ca&#039; Dell\u2019Arte Suite ~\" \/>\n<meta property=\"og:description\" content=\"Wohnungsgr\u00f6\u00dfe: 81 m\u00b2 + 16 m\u00b2 Terrasse  2 Doppelzimmer mit Doppelbett\/zwei Einzelbetten  Luxury Suite mit Blick auf den Glockenturm und die Kuppel des Markusdoms.  Auf Anfrage kann ein Schlafsofa f\u00fcr eine 3. Person untergebracht werden.  Ausstattung der Wohnung: Terrasse, Telefon, Radio, Sat-TV, Flat-TV, Safe, Klimaanlage, B\u00fcgeleisen und B\u00fcgelbrett, Wohnbereich, Waschmaschine, Heizung, eigener Eingang, Sofa, Parkett- oder Holzboden, Kleiderschrank\/Schrank, F\u00f6n, kostenlose Toilettenartikel, WC, eigenes Bad mit Dusche, Kochnische, K\u00fchlschrank, Mikrowelle, Herd, Kochutensilien, Bettw\u00e4sche.  Kostenloses WLAN ist in allen Zimmern verf\u00fcgbar.\" \/>\n<meta property=\"og:url\" content=\"https:\/\/www.cadellartesuite.com\/de\/unsere-suiten\/prestige-dandolo-suite\/\" \/>\n<meta property=\"og:site_name\" content=\"Ca&#039; Dell\u2019Arte Suite\" \/>\n<meta property=\"article:modified_time\" content=\"2025-10-13T12:19:25+00:00\" \/>\n<meta property=\"og:image\" content=\"https:\/\/www.cadellartesuite.com\/wp-content\/uploads\/sites\/289\/2025\/03\/017-1.jpg\" \/>\n\t<meta property=\"og:image:width\" content=\"1799\" \/>\n\t<meta property=\"og:image:height\" content=\"1200\" \/>\n\t<meta property=\"og:image:type\" content=\"image\/jpeg\" \/>\n<meta name=\"twitter:card\" content=\"summary_large_image\" \/>\n<meta name=\"twitter:label1\" content=\"Gesch\u00e4tzte Lesezeit\" \/>\n\t<meta name=\"twitter:data1\" content=\"1 Minute\" \/>\n<script type=\"application\/ld+json\" class=\"yoast-schema-graph\">{\"@context\":\"https:\/\/schema.org\",\"@graph\":[{\"@type\":\"WebPage\",\"@id\":\"https:\/\/www.cadellartesuite.com\/de\/unsere-suiten\/prestige-dandolo-suite\/\",\"url\":\"https:\/\/www.cadellartesuite.com\/de\/unsere-suiten\/prestige-dandolo-suite\/\",\"name\":\"Prestige-Dandolo-Suite ~ Ca' Dell\u2019Arte Suite ~\",\"isPartOf\":{\"@id\":\"https:\/\/www.cadellartesuite.com\/de\/#website\"},\"primaryImageOfPage\":{\"@id\":\"https:\/\/www.cadellartesuite.com\/de\/unsere-suiten\/prestige-dandolo-suite\/#primaryimage\"},\"image\":{\"@id\":\"https:\/\/www.cadellartesuite.com\/de\/unsere-suiten\/prestige-dandolo-suite\/#primaryimage\"},\"thumbnailUrl\":\"https:\/\/www.cadellartesuite.com\/wp-content\/uploads\/sites\/289\/2025\/03\/017-1.jpg\",\"datePublished\":\"2021-07-05T12:21:51+00:00\",\"dateModified\":\"2025-10-13T12:19:25+00:00\",\"description\":\"Wohnungsgr\u00f6\u00dfe: 81 m\u00b2 + 16 m\u00b2 Terrasse 2 Doppelzimmer mit Doppelbett\/zwei Einzelbetten Luxury Suite mit Blick auf den Glockenturm und die Kuppel des Markusdoms. Auf Anfrage kann ein Schlafsofa f\u00fcr eine 3. Person untergebracht werden. Ausstattung der Wohnung: Terrasse, Telefon, Radio, Sat-TV, Flat-TV, Safe, Klimaanlage, B\u00fcgeleisen und B\u00fcgelbrett, Wohnbereich, Waschmaschine, Heizung, eigener Eingang, Sofa, Parkett- oder Holzboden, Kleiderschrank\/Schrank, F\u00f6n, kostenlose Toilettenartikel, WC, eigenes Bad mit Dusche, Kochnische, K\u00fchlschrank, Mikrowelle, Herd, Kochutensilien, Bettw\u00e4sche. Kostenloses WLAN ist in allen Zimmern verf\u00fcgbar.\",\"breadcrumb\":{\"@id\":\"https:\/\/www.cadellartesuite.com\/de\/unsere-suiten\/prestige-dandolo-suite\/#breadcrumb\"},\"inLanguage\":\"de-DE\",\"potentialAction\":[{\"@type\":\"ReadAction\",\"target\":[\"https:\/\/www.cadellartesuite.com\/de\/unsere-suiten\/prestige-dandolo-suite\/\"]}]},{\"@type\":\"ImageObject\",\"inLanguage\":\"de-DE\",\"@id\":\"https:\/\/www.cadellartesuite.com\/de\/unsere-suiten\/prestige-dandolo-suite\/#primaryimage\",\"url\":\"https:\/\/www.cadellartesuite.com\/wp-content\/uploads\/sites\/289\/2025\/03\/017-1.jpg\",\"contentUrl\":\"https:\/\/www.cadellartesuite.com\/wp-content\/uploads\/sites\/289\/2025\/03\/017-1.jpg\",\"width\":1799,\"height\":1200},{\"@type\":\"BreadcrumbList\",\"@id\":\"https:\/\/www.cadellartesuite.com\/de\/unsere-suiten\/prestige-dandolo-suite\/#breadcrumb\",\"itemListElement\":[{\"@type\":\"ListItem\",\"position\":1,\"name\":\"Home\",\"item\":\"https:\/\/www.cadellartesuite.com\/de\/\"},{\"@type\":\"ListItem\",\"position\":2,\"name\":\"Unsere Suiten\",\"item\":\"https:\/\/www.cadellartesuite.com\/de\/unsere-suiten\/\"},{\"@type\":\"ListItem\",\"position\":3,\"name\":\"Prestige-Dandolo-Suite\"}]},{\"@type\":\"WebSite\",\"@id\":\"https:\/\/www.cadellartesuite.com\/de\/#website\",\"url\":\"https:\/\/www.cadellartesuite.com\/de\/\",\"name\":\"Ca' Dell\u2019Arte Suite\",\"description\":\"Ecco un altro sito ms.decms.eu\",\"potentialAction\":[{\"@type\":\"SearchAction\",\"target\":{\"@type\":\"EntryPoint\",\"urlTemplate\":\"https:\/\/www.cadellartesuite.com\/de\/?s={search_term_string}\"},\"query-input\":{\"@type\":\"PropertyValueSpecification\",\"valueRequired\":true,\"valueName\":\"search_term_string\"}}],\"inLanguage\":\"de-DE\"}]}<\/script>\n<!-- \/ Yoast SEO plugin. -->","yoast_head_json":{"title":"Prestige-Dandolo-Suite ~ Ca' Dell\u2019Arte Suite ~","description":"Wohnungsgr\u00f6\u00dfe: 81 m\u00b2 + 16 m\u00b2 Terrasse  2 Doppelzimmer mit Doppelbett\/zwei Einzelbetten  Luxury Suite mit Blick auf den Glockenturm und die Kuppel des Markusdoms.  Auf Anfrage kann ein Schlafsofa f\u00fcr eine 3. Person untergebracht werden.  Ausstattung der Wohnung: Terrasse, Telefon, Radio, Sat-TV, Flat-TV, Safe, Klimaanlage, B\u00fcgeleisen und B\u00fcgelbrett, Wohnbereich, Waschmaschine, Heizung, eigener Eingang, Sofa, Parkett- oder Holzboden, Kleiderschrank\/Schrank, F\u00f6n, kostenlose Toilettenartikel, WC, eigenes Bad mit Dusche, Kochnische, K\u00fchlschrank, Mikrowelle, Herd, Kochutensilien, Bettw\u00e4sche.  Kostenloses WLAN ist in allen Zimmern verf\u00fcgbar.","robots":{"index":"index","follow":"follow","max-snippet":"max-snippet:-1","max-image-preview":"max-image-preview:large","max-video-preview":"max-video-preview:-1"},"canonical":"https:\/\/www.cadellartesuite.com\/de\/unsere-suiten\/prestige-dandolo-suite\/","og_locale":"de_DE","og_type":"article","og_title":"Prestige-Dandolo-Suite ~ Ca' Dell\u2019Arte Suite ~","og_description":"Wohnungsgr\u00f6\u00dfe: 81 m\u00b2 + 16 m\u00b2 Terrasse  2 Doppelzimmer mit Doppelbett\/zwei Einzelbetten  Luxury Suite mit Blick auf den Glockenturm und die Kuppel des Markusdoms.  Auf Anfrage kann ein Schlafsofa f\u00fcr eine 3. Person untergebracht werden.  Ausstattung der Wohnung: Terrasse, Telefon, Radio, Sat-TV, Flat-TV, Safe, Klimaanlage, B\u00fcgeleisen und B\u00fcgelbrett, Wohnbereich, Waschmaschine, Heizung, eigener Eingang, Sofa, Parkett- oder Holzboden, Kleiderschrank\/Schrank, F\u00f6n, kostenlose Toilettenartikel, WC, eigenes Bad mit Dusche, Kochnische, K\u00fchlschrank, Mikrowelle, Herd, Kochutensilien, Bettw\u00e4sche.  Kostenloses WLAN ist in allen Zimmern verf\u00fcgbar.","og_url":"https:\/\/www.cadellartesuite.com\/de\/unsere-suiten\/prestige-dandolo-suite\/","og_site_name":"Ca' Dell\u2019Arte Suite","article_modified_time":"2025-10-13T12:19:25+00:00","og_image":[{"width":1799,"height":1200,"url":"https:\/\/www.cadellartesuite.com\/wp-content\/uploads\/sites\/289\/2025\/03\/017-1.jpg","type":"image\/jpeg"}],"twitter_card":"summary_large_image","twitter_misc":{"Gesch\u00e4tzte Lesezeit":"1 Minute"},"schema":{"@context":"https:\/\/schema.org","@graph":[{"@type":"WebPage","@id":"https:\/\/www.cadellartesuite.com\/de\/unsere-suiten\/prestige-dandolo-suite\/","url":"https:\/\/www.cadellartesuite.com\/de\/unsere-suiten\/prestige-dandolo-suite\/","name":"Prestige-Dandolo-Suite ~ Ca' Dell\u2019Arte Suite ~","isPartOf":{"@id":"https:\/\/www.cadellartesuite.com\/de\/#website"},"primaryImageOfPage":{"@id":"https:\/\/www.cadellartesuite.com\/de\/unsere-suiten\/prestige-dandolo-suite\/#primaryimage"},"image":{"@id":"https:\/\/www.cadellartesuite.com\/de\/unsere-suiten\/prestige-dandolo-suite\/#primaryimage"},"thumbnailUrl":"https:\/\/www.cadellartesuite.com\/wp-content\/uploads\/sites\/289\/2025\/03\/017-1.jpg","datePublished":"2021-07-05T12:21:51+00:00","dateModified":"2025-10-13T12:19:25+00:00","description":"Wohnungsgr\u00f6\u00dfe: 81 m\u00b2 + 16 m\u00b2 Terrasse 2 Doppelzimmer mit Doppelbett\/zwei Einzelbetten Luxury Suite mit Blick auf den Glockenturm und die Kuppel des Markusdoms. Auf Anfrage kann ein Schlafsofa f\u00fcr eine 3. Person untergebracht werden. Ausstattung der Wohnung: Terrasse, Telefon, Radio, Sat-TV, Flat-TV, Safe, Klimaanlage, B\u00fcgeleisen und B\u00fcgelbrett, Wohnbereich, Waschmaschine, Heizung, eigener Eingang, Sofa, Parkett- oder Holzboden, Kleiderschrank\/Schrank, F\u00f6n, kostenlose Toilettenartikel, WC, eigenes Bad mit Dusche, Kochnische, K\u00fchlschrank, Mikrowelle, Herd, Kochutensilien, Bettw\u00e4sche. Kostenloses WLAN ist in allen Zimmern verf\u00fcgbar.","breadcrumb":{"@id":"https:\/\/www.cadellartesuite.com\/de\/unsere-suiten\/prestige-dandolo-suite\/#breadcrumb"},"inLanguage":"de-DE","potentialAction":[{"@type":"ReadAction","target":["https:\/\/www.cadellartesuite.com\/de\/unsere-suiten\/prestige-dandolo-suite\/"]}]},{"@type":"ImageObject","inLanguage":"de-DE","@id":"https:\/\/www.cadellartesuite.com\/de\/unsere-suiten\/prestige-dandolo-suite\/#primaryimage","url":"https:\/\/www.cadellartesuite.com\/wp-content\/uploads\/sites\/289\/2025\/03\/017-1.jpg","contentUrl":"https:\/\/www.cadellartesuite.com\/wp-content\/uploads\/sites\/289\/2025\/03\/017-1.jpg","width":1799,"height":1200},{"@type":"BreadcrumbList","@id":"https:\/\/www.cadellartesuite.com\/de\/unsere-suiten\/prestige-dandolo-suite\/#breadcrumb","itemListElement":[{"@type":"ListItem","position":1,"name":"Home","item":"https:\/\/www.cadellartesuite.com\/de\/"},{"@type":"ListItem","position":2,"name":"Unsere Suiten","item":"https:\/\/www.cadellartesuite.com\/de\/unsere-suiten\/"},{"@type":"ListItem","position":3,"name":"Prestige-Dandolo-Suite"}]},{"@type":"WebSite","@id":"https:\/\/www.cadellartesuite.com\/de\/#website","url":"https:\/\/www.cadellartesuite.com\/de\/","name":"Ca' Dell\u2019Arte Suite","description":"Ecco un altro sito ms.decms.eu","potentialAction":[{"@type":"SearchAction","target":{"@type":"EntryPoint","urlTemplate":"https:\/\/www.cadellartesuite.com\/de\/?s={search_term_string}"},"query-input":{"@type":"PropertyValueSpecification","valueRequired":true,"valueName":"search_term_string"}}],"inLanguage":"de-DE"}]}},"acf":[],"_links":{"self":[{"href":"https:\/\/www.cadellartesuite.com\/de\/wp-json\/wp\/v2\/pages\/380","targetHints":{"allow":["GET"]}}],"collection":[{"href":"https:\/\/www.cadellartesuite.com\/de\/wp-json\/wp\/v2\/pages"}],"about":[{"href":"https:\/\/www.cadellartesuite.com\/de\/wp-json\/wp\/v2\/types\/page"}],"author":[{"embeddable":true,"href":"https:\/\/www.cadellartesuite.com\/de\/wp-json\/wp\/v2\/users\/13"}],"replies":[{"embeddable":true,"href":"https:\/\/www.cadellartesuite.com\/de\/wp-json\/wp\/v2\/comments?post=380"}],"version-history":[{"count":0,"href":"https:\/\/www.cadellartesuite.com\/de\/wp-json\/wp\/v2\/pages\/380\/revisions"}],"up":[{"embeddable":true,"href":"https:\/\/www.cadellartesuite.com\/de\/wp-json\/wp\/v2\/pages\/335"}],"wp:featuredmedia":[{"embeddable":true,"href":"https:\/\/www.cadellartesuite.com\/de\/wp-json\/wp\/v2\/media\/635"}],"wp:attachment":[{"href":"https:\/\/www.cadellartesuite.com\/de\/wp-json\/wp\/v2\/media?parent=380"}],"curies":[{"name":"wp","href":"https:\/\/api.w.org\/{rel}","templated":true}]}}