{"id":269,"date":"2021-06-09T16:21:19","date_gmt":"2021-06-09T14:21:19","guid":{"rendered":"https:\/\/cadellartesuite.ms.decms.eu\/?page_id=269"},"modified":"2021-06-09T16:21:19","modified_gmt":"2021-06-09T14:21:19","slug":"accueil","status":"publish","type":"page","link":"https:\/\/www.cadellartesuite.com\/fr\/","title":{"rendered":"Accueil"},"content":{"rendered":"<p>Au c\u0153ur de Venise, \u00e0 deux pas de la Piazza San Marco, la seule vraie place de la ville, se trouve la suite C\u00e0 Dell\u2019Arte. Compos\u00e9 de suites \u00e9l\u00e9gantes et confortables, enti\u00e8rement r\u00e9nov\u00e9es, il offre \u00e0 nos h\u00f4tes la chaleur d&rsquo;un palace pour leur faire vivre des vacances uniques dans l&rsquo;atmosph\u00e8re unique et enchant\u00e9e de Venise. Les suites \u00e9l\u00e9gantes et calmes sont \u00e9quip\u00e9es de salle de bain priv\u00e9e, TV satellite, t\u00e9l\u00e9phone, coffre-fort, connexion PC, climatisation et cuisine enti\u00e8rement \u00e9quip\u00e9e.<\/p>\n<p>Un lit b\u00e9b\u00e9 est disponible sur demande.<\/p>\n","protected":false},"excerpt":{"rendered":"<p>Au c\u0153ur de Venise, \u00e0 deux pas de la Piazza San Marco, la seule vraie place de la ville, se trouve la suite C\u00e0 Dell\u2019Arte. Compos\u00e9 de suites \u00e9l\u00e9gantes et confortables, enti\u00e8rement r\u00e9nov\u00e9es, il offre \u00e0 nos h\u00f4tes la chaleur d&rsquo;un palace pour leur faire vivre des vacances uniques dans l&rsquo;atmosph\u00e8re unique et enchant\u00e9e de [&hellip;]<\/p>\n","protected":false},"author":13,"featured_media":0,"parent":0,"menu_order":10,"comment_status":"closed","ping_status":"open","template":"","meta":{"footnotes":""},"class_list":["post-269","page","type-page","status-publish","hentry"],"yoast_head":"<!-- This site is optimized with the Yoast SEO plugin v26.9 - https:\/\/yoast.com\/product\/yoast-seo-wordpress\/ -->\n<title>Accueil ~ Ca&#039; Dell\u2019Arte Suite ~<\/title>\n<meta name=\"description\" content=\"Au c\u0153ur de Venise, \u00e0 deux pas de la Piazza San Marco, la seule vraie place de la ville, se trouve la suite C\u00e0 Dell\u2019Arte. Compos\u00e9 de suites \u00e9l\u00e9gantes et confortables, enti\u00e8rement r\u00e9nov\u00e9es, il offre \u00e0 nos h\u00f4tes la chaleur d&#039;un palace pour leur faire vivre des vacances uniques dans l&#039;atmosph\u00e8re unique et enchant\u00e9e de Venise\" \/>\n<meta name=\"robots\" content=\"index, follow, max-snippet:-1, max-image-preview:large, max-video-preview:-1\" \/>\n<link rel=\"canonical\" href=\"https:\/\/www.cadellartesuite.com\/fr\/\" \/>\n<meta property=\"og:locale\" content=\"fr_FR\" \/>\n<meta property=\"og:type\" content=\"article\" \/>\n<meta property=\"og:title\" content=\"Accueil ~ Ca&#039; Dell\u2019Arte Suite ~\" \/>\n<meta property=\"og:description\" content=\"Au c\u0153ur de Venise, \u00e0 deux pas de la Piazza San Marco, la seule vraie place de la ville, se trouve la suite C\u00e0 Dell\u2019Arte. Compos\u00e9 de suites \u00e9l\u00e9gantes et confortables, enti\u00e8rement r\u00e9nov\u00e9es, il offre \u00e0 nos h\u00f4tes la chaleur d&#039;un palace pour leur faire vivre des vacances uniques dans l&#039;atmosph\u00e8re unique et enchant\u00e9e de Venise\" \/>\n<meta property=\"og:url\" content=\"https:\/\/www.cadellartesuite.com\/fr\/\" \/>\n<meta property=\"og:site_name\" content=\"Ca&#039; Dell\u2019Arte Suite\" \/>\n<meta name=\"twitter:card\" content=\"summary_large_image\" \/>\n<meta name=\"twitter:label1\" content=\"Dur\u00e9e de lecture estim\u00e9e\" \/>\n\t<meta name=\"twitter:data1\" content=\"1 minute\" \/>\n<script type=\"application\/ld+json\" class=\"yoast-schema-graph\">{\"@context\":\"https:\/\/schema.org\",\"@graph\":[{\"@type\":\"WebPage\",\"@id\":\"https:\/\/www.cadellartesuite.com\/fr\/\",\"url\":\"https:\/\/www.cadellartesuite.com\/fr\/\",\"name\":\"Accueil ~ Ca' Dell\u2019Arte Suite ~\",\"isPartOf\":{\"@id\":\"https:\/\/www.cadellartesuite.com\/fr\/#website\"},\"datePublished\":\"2021-06-09T14:21:19+00:00\",\"description\":\"Au c\u0153ur de Venise, \u00e0 deux pas de la Piazza San Marco, la seule vraie place de la ville, se trouve la suite C\u00e0 Dell\u2019Arte. Compos\u00e9 de suites \u00e9l\u00e9gantes et confortables, enti\u00e8rement r\u00e9nov\u00e9es, il offre \u00e0 nos h\u00f4tes la chaleur d'un palace pour leur faire vivre des vacances uniques dans l'atmosph\u00e8re unique et enchant\u00e9e de Venise\",\"breadcrumb\":{\"@id\":\"https:\/\/www.cadellartesuite.com\/fr\/#breadcrumb\"},\"inLanguage\":\"fr-FR\",\"potentialAction\":[{\"@type\":\"ReadAction\",\"target\":[\"https:\/\/www.cadellartesuite.com\/fr\/\"]}]},{\"@type\":\"BreadcrumbList\",\"@id\":\"https:\/\/www.cadellartesuite.com\/fr\/#breadcrumb\",\"itemListElement\":[{\"@type\":\"ListItem\",\"position\":1,\"name\":\"Home\",\"item\":\"https:\/\/www.cadellartesuite.com\/fr\/\"},{\"@type\":\"ListItem\",\"position\":2,\"name\":\"Accueil\"}]},{\"@type\":\"WebSite\",\"@id\":\"https:\/\/www.cadellartesuite.com\/fr\/#website\",\"url\":\"https:\/\/www.cadellartesuite.com\/fr\/\",\"name\":\"Ca' Dell\u2019Arte Suite\",\"description\":\"Ecco un altro sito ms.decms.eu\",\"potentialAction\":[{\"@type\":\"SearchAction\",\"target\":{\"@type\":\"EntryPoint\",\"urlTemplate\":\"https:\/\/www.cadellartesuite.com\/fr\/?s={search_term_string}\"},\"query-input\":{\"@type\":\"PropertyValueSpecification\",\"valueRequired\":true,\"valueName\":\"search_term_string\"}}],\"inLanguage\":\"fr-FR\"}]}<\/script>\n<!-- \/ Yoast SEO plugin. -->","yoast_head_json":{"title":"Accueil ~ Ca' Dell\u2019Arte Suite ~","description":"Au c\u0153ur de Venise, \u00e0 deux pas de la Piazza San Marco, la seule vraie place de la ville, se trouve la suite C\u00e0 Dell\u2019Arte. Compos\u00e9 de suites \u00e9l\u00e9gantes et confortables, enti\u00e8rement r\u00e9nov\u00e9es, il offre \u00e0 nos h\u00f4tes la chaleur d'un palace pour leur faire vivre des vacances uniques dans l'atmosph\u00e8re unique et enchant\u00e9e de Venise","robots":{"index":"index","follow":"follow","max-snippet":"max-snippet:-1","max-image-preview":"max-image-preview:large","max-video-preview":"max-video-preview:-1"},"canonical":"https:\/\/www.cadellartesuite.com\/fr\/","og_locale":"fr_FR","og_type":"article","og_title":"Accueil ~ Ca' Dell\u2019Arte Suite ~","og_description":"Au c\u0153ur de Venise, \u00e0 deux pas de la Piazza San Marco, la seule vraie place de la ville, se trouve la suite C\u00e0 Dell\u2019Arte. Compos\u00e9 de suites \u00e9l\u00e9gantes et confortables, enti\u00e8rement r\u00e9nov\u00e9es, il offre \u00e0 nos h\u00f4tes la chaleur d'un palace pour leur faire vivre des vacances uniques dans l'atmosph\u00e8re unique et enchant\u00e9e de Venise","og_url":"https:\/\/www.cadellartesuite.com\/fr\/","og_site_name":"Ca' Dell\u2019Arte Suite","twitter_card":"summary_large_image","twitter_misc":{"Dur\u00e9e de lecture estim\u00e9e":"1 minute"},"schema":{"@context":"https:\/\/schema.org","@graph":[{"@type":"WebPage","@id":"https:\/\/www.cadellartesuite.com\/fr\/","url":"https:\/\/www.cadellartesuite.com\/fr\/","name":"Accueil ~ Ca' Dell\u2019Arte Suite ~","isPartOf":{"@id":"https:\/\/www.cadellartesuite.com\/fr\/#website"},"datePublished":"2021-06-09T14:21:19+00:00","description":"Au c\u0153ur de Venise, \u00e0 deux pas de la Piazza San Marco, la seule vraie place de la ville, se trouve la suite C\u00e0 Dell\u2019Arte. Compos\u00e9 de suites \u00e9l\u00e9gantes et confortables, enti\u00e8rement r\u00e9nov\u00e9es, il offre \u00e0 nos h\u00f4tes la chaleur d'un palace pour leur faire vivre des vacances uniques dans l'atmosph\u00e8re unique et enchant\u00e9e de Venise","breadcrumb":{"@id":"https:\/\/www.cadellartesuite.com\/fr\/#breadcrumb"},"inLanguage":"fr-FR","potentialAction":[{"@type":"ReadAction","target":["https:\/\/www.cadellartesuite.com\/fr\/"]}]},{"@type":"BreadcrumbList","@id":"https:\/\/www.cadellartesuite.com\/fr\/#breadcrumb","itemListElement":[{"@type":"ListItem","position":1,"name":"Home","item":"https:\/\/www.cadellartesuite.com\/fr\/"},{"@type":"ListItem","position":2,"name":"Accueil"}]},{"@type":"WebSite","@id":"https:\/\/www.cadellartesuite.com\/fr\/#website","url":"https:\/\/www.cadellartesuite.com\/fr\/","name":"Ca' Dell\u2019Arte Suite","description":"Ecco un altro sito ms.decms.eu","potentialAction":[{"@type":"SearchAction","target":{"@type":"EntryPoint","urlTemplate":"https:\/\/www.cadellartesuite.com\/fr\/?s={search_term_string}"},"query-input":{"@type":"PropertyValueSpecification","valueRequired":true,"valueName":"search_term_string"}}],"inLanguage":"fr-FR"}]}},"acf":[],"_links":{"self":[{"href":"https:\/\/www.cadellartesuite.com\/fr\/wp-json\/wp\/v2\/pages\/269","targetHints":{"allow":["GET"]}}],"collection":[{"href":"https:\/\/www.cadellartesuite.com\/fr\/wp-json\/wp\/v2\/pages"}],"about":[{"href":"https:\/\/www.cadellartesuite.com\/fr\/wp-json\/wp\/v2\/types\/page"}],"author":[{"embeddable":true,"href":"https:\/\/www.cadellartesuite.com\/fr\/wp-json\/wp\/v2\/users\/13"}],"replies":[{"embeddable":true,"href":"https:\/\/www.cadellartesuite.com\/fr\/wp-json\/wp\/v2\/comments?post=269"}],"version-history":[{"count":0,"href":"https:\/\/www.cadellartesuite.com\/fr\/wp-json\/wp\/v2\/pages\/269\/revisions"}],"wp:attachment":[{"href":"https:\/\/www.cadellartesuite.com\/fr\/wp-json\/wp\/v2\/media?parent=269"}],"curies":[{"name":"wp","href":"https:\/\/api.w.org\/{rel}","templated":true}]}}