{"id":276,"date":"2021-06-09T16:24:13","date_gmt":"2021-06-09T14:24:13","guid":{"rendered":"https:\/\/cadellartesuite.ms.decms.eu\/?page_id=276"},"modified":"2021-06-09T16:25:00","modified_gmt":"2021-06-09T14:25:00","slug":"ou-nous-sommes","status":"publish","type":"page","link":"https:\/\/www.cadellartesuite.com\/fr\/ou-nous-sommes\/","title":{"rendered":"O\u00f9 nous sommes"},"content":{"rendered":"<p>C\u00e0 Dell&rsquo;Arte Suite est situ\u00e9 au c\u0153ur de la ville, parmi les meilleurs magasins, restaurants, cin\u00e9mas, th\u00e9\u00e2tres, galeries d&rsquo;art et points de rencontre. Piazza San Marco, le palais des Doges, le pont des Soupirs, les galeries de l&rsquo;Acad\u00e9mie, le mus\u00e9e Guggenheim, le pont du Rialto et le march\u00e9 aux poissons ne sont que quelques-unes des merveilles de Venise que l&rsquo;on peut atteindre avec une agr\u00e9able promenade le long des calli. Venise<\/p>\n<p>La suite C\u00e0 Dell\u2019Arte est facilement accessible depuis la gare et depuis les parkings en utilisant les transports en commun<\/p>\n<p><strong>Comment nous joindre:<\/strong><br \/>\nC\u00e0 Dell&rsquo;Arte Suite est situ\u00e9 \u00e0 100 pas de la c\u00e9l\u00e8bre Piazza San Marco, le centre vital de Venise et ses principales attractions touristiques. La suite C\u00e0 Dell\u2019Arte est situ\u00e9e au bout du Rio della Canonica, mieux connu sous le nom de Rio del Ponte dei Sospiri. Il b\u00e9n\u00e9ficie ainsi d&rsquo;une excellente position pour visiter la ville confortablement \u00e0 pied: entre le labyrinthe pittoresque de calli et campielli: la basilique de San Marco, le mus\u00e9e Correr, le palais des Doges et les caf\u00e9s historiques sont tous \u00e0 distance de marche des suites et des c\u00e9l\u00e8bres des th\u00e9\u00e2tres du monde entier, le Goldoni, La Fenice, le Malibran \u00e0 quelques minutes \u00e0 pied. Vous trouverez \u00e9galement dans la r\u00e9gion les boutiques de mode italiennes et internationales les plus prestigieuses.<\/p>\n","protected":false},"excerpt":{"rendered":"<p>C\u00e0 Dell&rsquo;Arte Suite est situ\u00e9 au c\u0153ur de la ville, parmi les meilleurs magasins, restaurants, cin\u00e9mas, th\u00e9\u00e2tres, galeries d&rsquo;art et points de rencontre. Piazza San Marco, le palais des Doges, le pont des Soupirs, les galeries de l&rsquo;Acad\u00e9mie, le mus\u00e9e Guggenheim, le pont du Rialto et le march\u00e9 aux poissons ne sont que quelques-unes des [&hellip;]<\/p>\n","protected":false},"author":13,"featured_media":0,"parent":0,"menu_order":50,"comment_status":"closed","ping_status":"closed","template":"template-location.php","meta":{"footnotes":""},"class_list":["post-276","page","type-page","status-publish","hentry"],"yoast_head":"<!-- This site is optimized with the Yoast SEO plugin v26.9 - https:\/\/yoast.com\/product\/yoast-seo-wordpress\/ -->\n<title>O\u00f9 nous sommes ~ Ca&#039; Dell\u2019Arte Suite ~<\/title>\n<meta name=\"description\" content=\"C\u00e0 Dell&#039;Arte Suite est situ\u00e9 au c\u0153ur de la ville, parmi les meilleurs magasins, restaurants, cin\u00e9mas, th\u00e9\u00e2tres, galeries d&#039;art et points de rencontre. Piazza San Marco, le palais des Doges, le pont des Soupirs, les galeries de l&#039;Acad\u00e9mie, le mus\u00e9e Guggenheim, le pont du Rialto et le march\u00e9 aux poissons ne sont que quelques-unes des merveilles de Venise que l&#039;on peut atteindre avec une agr\u00e9able promenade le long des calli\" \/>\n<meta name=\"robots\" content=\"index, follow, max-snippet:-1, max-image-preview:large, max-video-preview:-1\" \/>\n<link rel=\"canonical\" href=\"https:\/\/www.cadellartesuite.com\/fr\/ou-nous-sommes\/\" \/>\n<meta property=\"og:locale\" content=\"fr_FR\" \/>\n<meta property=\"og:type\" content=\"article\" \/>\n<meta property=\"og:title\" content=\"O\u00f9 nous sommes ~ Ca&#039; Dell\u2019Arte Suite ~\" \/>\n<meta property=\"og:description\" content=\"C\u00e0 Dell&#039;Arte Suite est situ\u00e9 au c\u0153ur de la ville, parmi les meilleurs magasins, restaurants, cin\u00e9mas, th\u00e9\u00e2tres, galeries d&#039;art et points de rencontre. Piazza San Marco, le palais des Doges, le pont des Soupirs, les galeries de l&#039;Acad\u00e9mie, le mus\u00e9e Guggenheim, le pont du Rialto et le march\u00e9 aux poissons ne sont que quelques-unes des merveilles de Venise que l&#039;on peut atteindre avec une agr\u00e9able promenade le long des calli\" \/>\n<meta property=\"og:url\" content=\"https:\/\/www.cadellartesuite.com\/fr\/ou-nous-sommes\/\" \/>\n<meta property=\"og:site_name\" content=\"Ca&#039; Dell\u2019Arte Suite\" \/>\n<meta property=\"article:modified_time\" content=\"2021-06-09T14:25:00+00:00\" \/>\n<meta name=\"twitter:card\" content=\"summary_large_image\" \/>\n<meta name=\"twitter:label1\" content=\"Dur\u00e9e de lecture estim\u00e9e\" \/>\n\t<meta name=\"twitter:data1\" content=\"1 minute\" \/>\n<script type=\"application\/ld+json\" class=\"yoast-schema-graph\">{\"@context\":\"https:\/\/schema.org\",\"@graph\":[{\"@type\":\"WebPage\",\"@id\":\"https:\/\/www.cadellartesuite.com\/fr\/ou-nous-sommes\/\",\"url\":\"https:\/\/www.cadellartesuite.com\/fr\/ou-nous-sommes\/\",\"name\":\"O\u00f9 nous sommes ~ Ca' Dell\u2019Arte Suite ~\",\"isPartOf\":{\"@id\":\"https:\/\/www.cadellartesuite.com\/fr\/#website\"},\"datePublished\":\"2021-06-09T14:24:13+00:00\",\"dateModified\":\"2021-06-09T14:25:00+00:00\",\"description\":\"C\u00e0 Dell'Arte Suite est situ\u00e9 au c\u0153ur de la ville, parmi les meilleurs magasins, restaurants, cin\u00e9mas, th\u00e9\u00e2tres, galeries d'art et points de rencontre. Piazza San Marco, le palais des Doges, le pont des Soupirs, les galeries de l'Acad\u00e9mie, le mus\u00e9e Guggenheim, le pont du Rialto et le march\u00e9 aux poissons ne sont que quelques-unes des merveilles de Venise que l'on peut atteindre avec une agr\u00e9able promenade le long des calli\",\"breadcrumb\":{\"@id\":\"https:\/\/www.cadellartesuite.com\/fr\/ou-nous-sommes\/#breadcrumb\"},\"inLanguage\":\"fr-FR\",\"potentialAction\":[{\"@type\":\"ReadAction\",\"target\":[\"https:\/\/www.cadellartesuite.com\/fr\/ou-nous-sommes\/\"]}]},{\"@type\":\"BreadcrumbList\",\"@id\":\"https:\/\/www.cadellartesuite.com\/fr\/ou-nous-sommes\/#breadcrumb\",\"itemListElement\":[{\"@type\":\"ListItem\",\"position\":1,\"name\":\"Home\",\"item\":\"https:\/\/www.cadellartesuite.com\/fr\/\"},{\"@type\":\"ListItem\",\"position\":2,\"name\":\"O\u00f9 nous sommes\"}]},{\"@type\":\"WebSite\",\"@id\":\"https:\/\/www.cadellartesuite.com\/fr\/#website\",\"url\":\"https:\/\/www.cadellartesuite.com\/fr\/\",\"name\":\"Ca' Dell\u2019Arte Suite\",\"description\":\"Ecco un altro sito ms.decms.eu\",\"potentialAction\":[{\"@type\":\"SearchAction\",\"target\":{\"@type\":\"EntryPoint\",\"urlTemplate\":\"https:\/\/www.cadellartesuite.com\/fr\/?s={search_term_string}\"},\"query-input\":{\"@type\":\"PropertyValueSpecification\",\"valueRequired\":true,\"valueName\":\"search_term_string\"}}],\"inLanguage\":\"fr-FR\"}]}<\/script>\n<!-- \/ Yoast SEO plugin. -->","yoast_head_json":{"title":"O\u00f9 nous sommes ~ Ca' Dell\u2019Arte Suite ~","description":"C\u00e0 Dell'Arte Suite est situ\u00e9 au c\u0153ur de la ville, parmi les meilleurs magasins, restaurants, cin\u00e9mas, th\u00e9\u00e2tres, galeries d'art et points de rencontre. Piazza San Marco, le palais des Doges, le pont des Soupirs, les galeries de l'Acad\u00e9mie, le mus\u00e9e Guggenheim, le pont du Rialto et le march\u00e9 aux poissons ne sont que quelques-unes des merveilles de Venise que l'on peut atteindre avec une agr\u00e9able promenade le long des calli","robots":{"index":"index","follow":"follow","max-snippet":"max-snippet:-1","max-image-preview":"max-image-preview:large","max-video-preview":"max-video-preview:-1"},"canonical":"https:\/\/www.cadellartesuite.com\/fr\/ou-nous-sommes\/","og_locale":"fr_FR","og_type":"article","og_title":"O\u00f9 nous sommes ~ Ca' Dell\u2019Arte Suite ~","og_description":"C\u00e0 Dell'Arte Suite est situ\u00e9 au c\u0153ur de la ville, parmi les meilleurs magasins, restaurants, cin\u00e9mas, th\u00e9\u00e2tres, galeries d'art et points de rencontre. Piazza San Marco, le palais des Doges, le pont des Soupirs, les galeries de l'Acad\u00e9mie, le mus\u00e9e Guggenheim, le pont du Rialto et le march\u00e9 aux poissons ne sont que quelques-unes des merveilles de Venise que l'on peut atteindre avec une agr\u00e9able promenade le long des calli","og_url":"https:\/\/www.cadellartesuite.com\/fr\/ou-nous-sommes\/","og_site_name":"Ca' Dell\u2019Arte Suite","article_modified_time":"2021-06-09T14:25:00+00:00","twitter_card":"summary_large_image","twitter_misc":{"Dur\u00e9e de lecture estim\u00e9e":"1 minute"},"schema":{"@context":"https:\/\/schema.org","@graph":[{"@type":"WebPage","@id":"https:\/\/www.cadellartesuite.com\/fr\/ou-nous-sommes\/","url":"https:\/\/www.cadellartesuite.com\/fr\/ou-nous-sommes\/","name":"O\u00f9 nous sommes ~ Ca' Dell\u2019Arte Suite ~","isPartOf":{"@id":"https:\/\/www.cadellartesuite.com\/fr\/#website"},"datePublished":"2021-06-09T14:24:13+00:00","dateModified":"2021-06-09T14:25:00+00:00","description":"C\u00e0 Dell'Arte Suite est situ\u00e9 au c\u0153ur de la ville, parmi les meilleurs magasins, restaurants, cin\u00e9mas, th\u00e9\u00e2tres, galeries d'art et points de rencontre. Piazza San Marco, le palais des Doges, le pont des Soupirs, les galeries de l'Acad\u00e9mie, le mus\u00e9e Guggenheim, le pont du Rialto et le march\u00e9 aux poissons ne sont que quelques-unes des merveilles de Venise que l'on peut atteindre avec une agr\u00e9able promenade le long des calli","breadcrumb":{"@id":"https:\/\/www.cadellartesuite.com\/fr\/ou-nous-sommes\/#breadcrumb"},"inLanguage":"fr-FR","potentialAction":[{"@type":"ReadAction","target":["https:\/\/www.cadellartesuite.com\/fr\/ou-nous-sommes\/"]}]},{"@type":"BreadcrumbList","@id":"https:\/\/www.cadellartesuite.com\/fr\/ou-nous-sommes\/#breadcrumb","itemListElement":[{"@type":"ListItem","position":1,"name":"Home","item":"https:\/\/www.cadellartesuite.com\/fr\/"},{"@type":"ListItem","position":2,"name":"O\u00f9 nous sommes"}]},{"@type":"WebSite","@id":"https:\/\/www.cadellartesuite.com\/fr\/#website","url":"https:\/\/www.cadellartesuite.com\/fr\/","name":"Ca' Dell\u2019Arte Suite","description":"Ecco un altro sito ms.decms.eu","potentialAction":[{"@type":"SearchAction","target":{"@type":"EntryPoint","urlTemplate":"https:\/\/www.cadellartesuite.com\/fr\/?s={search_term_string}"},"query-input":{"@type":"PropertyValueSpecification","valueRequired":true,"valueName":"search_term_string"}}],"inLanguage":"fr-FR"}]}},"acf":[],"_links":{"self":[{"href":"https:\/\/www.cadellartesuite.com\/fr\/wp-json\/wp\/v2\/pages\/276","targetHints":{"allow":["GET"]}}],"collection":[{"href":"https:\/\/www.cadellartesuite.com\/fr\/wp-json\/wp\/v2\/pages"}],"about":[{"href":"https:\/\/www.cadellartesuite.com\/fr\/wp-json\/wp\/v2\/types\/page"}],"author":[{"embeddable":true,"href":"https:\/\/www.cadellartesuite.com\/fr\/wp-json\/wp\/v2\/users\/13"}],"replies":[{"embeddable":true,"href":"https:\/\/www.cadellartesuite.com\/fr\/wp-json\/wp\/v2\/comments?post=276"}],"version-history":[{"count":0,"href":"https:\/\/www.cadellartesuite.com\/fr\/wp-json\/wp\/v2\/pages\/276\/revisions"}],"wp:attachment":[{"href":"https:\/\/www.cadellartesuite.com\/fr\/wp-json\/wp\/v2\/media?parent=276"}],"curies":[{"name":"wp","href":"https:\/\/api.w.org\/{rel}","templated":true}]}}