{"id":279,"date":"2021-06-09T16:52:07","date_gmt":"2021-06-09T14:52:07","guid":{"rendered":"https:\/\/cadellartesuite.ms.decms.eu\/?page_id=279"},"modified":"2021-06-09T16:54:11","modified_gmt":"2021-06-09T14:54:11","slug":"aeroport-marco-polo-venise","status":"publish","type":"page","link":"https:\/\/www.cadellartesuite.com\/fr\/ou-nous-sommes\/aeroport-marco-polo-venise\/","title":{"rendered":"A\u00e9roport Marco Polo (Venise)"},"content":{"rendered":"<p><em><strong>Par lagune \/ eau<br \/>\n<\/strong><\/em>En quittant le hall des arriv\u00e9es de l&rsquo;a\u00e9roport, vous pouvez tourner \u00e0 gauche et suivre le trottoir balis\u00e9 couvert de pluie qui vous m\u00e8nera en 7 minutes environ au quai \/ port de plaisance d&rsquo;o\u00f9 vous aurez la possibilit\u00e9 d&#8217;embarquer ou dans un bateau-taxi de service public ( bande jaune) qui en 40 minutes environ vous conduira directement au Rio Della Canonica \u00e0 quelques pas des Suites, ou dans l&rsquo;un des grands bateaux \u00e0 moteur des lignes <a href=\"http:\/\/www.alilaguna.it\/\">Alilaguna<\/a> qui vous conduira, apr\u00e8s quelques arr\u00eats interm\u00e9diaires, au San Marco &#8211; Jet\u00e9e de Vallaresso ou San Zaccaria-Jolanda en environ 1 heure et 15\/30 minutes. Depuis le d\u00e9barcad\u00e8re \/ jet\u00e9e, vous devrez continuer \u00e0 pied pendant environ 10 minutes<\/p>\n<p><em><strong>Par voie terrestre<\/strong><\/em><br \/>\nEn quittant le hall des arriv\u00e9es de l&rsquo;a\u00e9roport, vous pouvez prendre le bus <a href=\"http:\/\/www.atvo.it\/index.php?lang=it&amp;area=23&amp;menuid=35\">ATVO<\/a> sans arr\u00eats interm\u00e9diaires (20 min.) Ou le bus de service public LINE 5 (AeroBus) avec arr\u00eats (30 min) <a href=\"http:\/\/www.actv.it\/muoversiinterraferma\/lineeurbane\">ACTV<\/a> pour Venise &#8211; Piazzale Roma, \u00e0 partir de l\u00e0, vous pouvez continuer soit avec un bateau-taxi de service public (bande jaune) qui en environ 15\/20 minutes via Rio Novo, vous emm\u00e8nera directement aux Suites ou avec le vaporetto public ligne 2 (saison d&rsquo;\u00e9t\u00e9 uniquement) ou ligne 1 (toute l&rsquo;ann\u00e9e) qui prend vous en 35 minutes jusqu&rsquo;\u00e0 l&rsquo;arr\u00eat San Marco Vallaresso et d&rsquo;o\u00f9 vous continuez pendant 10\/15 minutes \u00e0 pied jusqu&rsquo;aux Suites<\/p>\n","protected":false},"excerpt":{"rendered":"<p>Par lagune \/ eau En quittant le hall des arriv\u00e9es de l&rsquo;a\u00e9roport, vous pouvez tourner \u00e0 gauche et suivre le trottoir balis\u00e9 couvert de pluie qui vous m\u00e8nera en 7 minutes environ au quai \/ port de plaisance d&rsquo;o\u00f9 vous aurez la possibilit\u00e9 d&#8217;embarquer ou dans un bateau-taxi de service public ( bande jaune) qui [&hellip;]<\/p>\n","protected":false},"author":13,"featured_media":0,"parent":276,"menu_order":10,"comment_status":"closed","ping_status":"closed","template":"","meta":{"footnotes":""},"class_list":["post-279","page","type-page","status-publish","hentry"],"yoast_head":"<!-- This site is optimized with the Yoast SEO plugin v26.9 - https:\/\/yoast.com\/product\/yoast-seo-wordpress\/ -->\n<title>A\u00e9roport Marco Polo (Venise) ~ Ca&#039; Dell\u2019Arte Suite ~<\/title>\n<meta name=\"description\" content=\"Par lagune \/ eau En quittant le hall des arriv\u00e9es de l&#039;a\u00e9roport, vous pouvez tourner \u00e0 gauche et suivre le trottoir balis\u00e9 couvert de pluie qui vous m\u00e8nera en 7 minutes environ au quai \/ port de plaisance d&#039;o\u00f9 vous aurez la possibilit\u00e9 d&#039;embarquer ou dans un bateau-taxi de service public ( bande jaune) qui en 40 minutes environ vous conduira directement au Rio Della Canonica \u00e0 quelques pas des Suites, ou dans l&#039;un des grands bateaux \u00e0 moteur des lignes Alilaguna qui vous conduira, apr\u00e8s quelques arr\u00eats interm\u00e9diaires, au San Marco - Jet\u00e9e de Vallaresso ou San Zaccaria-Jolanda en environ 1 heure et 15\/30 minutes. Depuis le d\u00e9barcad\u00e8re \/ jet\u00e9e, vous devrez continuer \u00e0 pied pendant environ 10 minutes  Par voie terrestre En quittant le hall des arriv\u00e9es de l&#039;a\u00e9roport, vous pouvez prendre le bus ATVO sans arr\u00eats interm\u00e9diaires (20 min.) Ou le bus de service public LINE 5 (AeroBus) avec arr\u00eats (30 min) ACTV pour Venise - Piazzale Roma, \u00e0 partir de l\u00e0, vous pouvez continuer soit avec un bateau-taxi de service public (bande jaune) qui en environ 15\/20 minutes via Rio Novo, vous emm\u00e8nera directement aux Suites ou avec le vaporetto public ligne 2 (saison d&#039;\u00e9t\u00e9 uniquement) ou ligne 1 (toute l&#039;ann\u00e9e) qui prend vous en 35 minutes jusqu&#039;\u00e0 l&#039;arr\u00eat San Marco Vallaresso et d&#039;o\u00f9 vous continuez pendant 10\/15 minutes \u00e0 pied jusqu&#039;aux Suites\" \/>\n<meta name=\"robots\" content=\"index, follow, max-snippet:-1, max-image-preview:large, max-video-preview:-1\" \/>\n<link rel=\"canonical\" href=\"https:\/\/www.cadellartesuite.com\/fr\/ou-nous-sommes\/aeroport-marco-polo-venise\/\" \/>\n<meta property=\"og:locale\" content=\"fr_FR\" \/>\n<meta property=\"og:type\" content=\"article\" \/>\n<meta property=\"og:title\" content=\"A\u00e9roport Marco Polo (Venise) ~ Ca&#039; Dell\u2019Arte Suite ~\" \/>\n<meta property=\"og:description\" content=\"Par lagune \/ eau En quittant le hall des arriv\u00e9es de l&#039;a\u00e9roport, vous pouvez tourner \u00e0 gauche et suivre le trottoir balis\u00e9 couvert de pluie qui vous m\u00e8nera en 7 minutes environ au quai \/ port de plaisance d&#039;o\u00f9 vous aurez la possibilit\u00e9 d&#039;embarquer ou dans un bateau-taxi de service public ( bande jaune) qui en 40 minutes environ vous conduira directement au Rio Della Canonica \u00e0 quelques pas des Suites, ou dans l&#039;un des grands bateaux \u00e0 moteur des lignes Alilaguna qui vous conduira, apr\u00e8s quelques arr\u00eats interm\u00e9diaires, au San Marco - Jet\u00e9e de Vallaresso ou San Zaccaria-Jolanda en environ 1 heure et 15\/30 minutes. Depuis le d\u00e9barcad\u00e8re \/ jet\u00e9e, vous devrez continuer \u00e0 pied pendant environ 10 minutes  Par voie terrestre En quittant le hall des arriv\u00e9es de l&#039;a\u00e9roport, vous pouvez prendre le bus ATVO sans arr\u00eats interm\u00e9diaires (20 min.) Ou le bus de service public LINE 5 (AeroBus) avec arr\u00eats (30 min) ACTV pour Venise - Piazzale Roma, \u00e0 partir de l\u00e0, vous pouvez continuer soit avec un bateau-taxi de service public (bande jaune) qui en environ 15\/20 minutes via Rio Novo, vous emm\u00e8nera directement aux Suites ou avec le vaporetto public ligne 2 (saison d&#039;\u00e9t\u00e9 uniquement) ou ligne 1 (toute l&#039;ann\u00e9e) qui prend vous en 35 minutes jusqu&#039;\u00e0 l&#039;arr\u00eat San Marco Vallaresso et d&#039;o\u00f9 vous continuez pendant 10\/15 minutes \u00e0 pied jusqu&#039;aux Suites\" \/>\n<meta property=\"og:url\" content=\"https:\/\/www.cadellartesuite.com\/fr\/ou-nous-sommes\/aeroport-marco-polo-venise\/\" \/>\n<meta property=\"og:site_name\" content=\"Ca&#039; Dell\u2019Arte Suite\" \/>\n<meta property=\"article:modified_time\" content=\"2021-06-09T14:54:11+00:00\" \/>\n<meta name=\"twitter:card\" content=\"summary_large_image\" \/>\n<meta name=\"twitter:label1\" content=\"Dur\u00e9e de lecture estim\u00e9e\" \/>\n\t<meta name=\"twitter:data1\" content=\"1 minute\" \/>\n<script type=\"application\/ld+json\" class=\"yoast-schema-graph\">{\"@context\":\"https:\/\/schema.org\",\"@graph\":[{\"@type\":\"WebPage\",\"@id\":\"https:\/\/www.cadellartesuite.com\/fr\/ou-nous-sommes\/aeroport-marco-polo-venise\/\",\"url\":\"https:\/\/www.cadellartesuite.com\/fr\/ou-nous-sommes\/aeroport-marco-polo-venise\/\",\"name\":\"A\u00e9roport Marco Polo (Venise) ~ Ca' Dell\u2019Arte Suite ~\",\"isPartOf\":{\"@id\":\"https:\/\/www.cadellartesuite.com\/fr\/#website\"},\"datePublished\":\"2021-06-09T14:52:07+00:00\",\"dateModified\":\"2021-06-09T14:54:11+00:00\",\"description\":\"Par lagune \/ eau En quittant le hall des arriv\u00e9es de l'a\u00e9roport, vous pouvez tourner \u00e0 gauche et suivre le trottoir balis\u00e9 couvert de pluie qui vous m\u00e8nera en 7 minutes environ au quai \/ port de plaisance d'o\u00f9 vous aurez la possibilit\u00e9 d'embarquer ou dans un bateau-taxi de service public ( bande jaune) qui en 40 minutes environ vous conduira directement au Rio Della Canonica \u00e0 quelques pas des Suites, ou dans l'un des grands bateaux \u00e0 moteur des lignes Alilaguna qui vous conduira, apr\u00e8s quelques arr\u00eats interm\u00e9diaires, au San Marco - Jet\u00e9e de Vallaresso ou San Zaccaria-Jolanda en environ 1 heure et 15\/30 minutes. Depuis le d\u00e9barcad\u00e8re \/ jet\u00e9e, vous devrez continuer \u00e0 pied pendant environ 10 minutes Par voie terrestre En quittant le hall des arriv\u00e9es de l'a\u00e9roport, vous pouvez prendre le bus ATVO sans arr\u00eats interm\u00e9diaires (20 min.) Ou le bus de service public LINE 5 (AeroBus) avec arr\u00eats (30 min) ACTV pour Venise - Piazzale Roma, \u00e0 partir de l\u00e0, vous pouvez continuer soit avec un bateau-taxi de service public (bande jaune) qui en environ 15\/20 minutes via Rio Novo, vous emm\u00e8nera directement aux Suites ou avec le vaporetto public ligne 2 (saison d'\u00e9t\u00e9 uniquement) ou ligne 1 (toute l'ann\u00e9e) qui prend vous en 35 minutes jusqu'\u00e0 l'arr\u00eat San Marco Vallaresso et d'o\u00f9 vous continuez pendant 10\/15 minutes \u00e0 pied jusqu'aux Suites\",\"breadcrumb\":{\"@id\":\"https:\/\/www.cadellartesuite.com\/fr\/ou-nous-sommes\/aeroport-marco-polo-venise\/#breadcrumb\"},\"inLanguage\":\"fr-FR\",\"potentialAction\":[{\"@type\":\"ReadAction\",\"target\":[\"https:\/\/www.cadellartesuite.com\/fr\/ou-nous-sommes\/aeroport-marco-polo-venise\/\"]}]},{\"@type\":\"BreadcrumbList\",\"@id\":\"https:\/\/www.cadellartesuite.com\/fr\/ou-nous-sommes\/aeroport-marco-polo-venise\/#breadcrumb\",\"itemListElement\":[{\"@type\":\"ListItem\",\"position\":1,\"name\":\"Home\",\"item\":\"https:\/\/www.cadellartesuite.com\/fr\/\"},{\"@type\":\"ListItem\",\"position\":2,\"name\":\"O\u00f9 nous sommes\",\"item\":\"https:\/\/www.cadellartesuite.com\/fr\/ou-nous-sommes\/\"},{\"@type\":\"ListItem\",\"position\":3,\"name\":\"A\u00e9roport Marco Polo (Venise)\"}]},{\"@type\":\"WebSite\",\"@id\":\"https:\/\/www.cadellartesuite.com\/fr\/#website\",\"url\":\"https:\/\/www.cadellartesuite.com\/fr\/\",\"name\":\"Ca' Dell\u2019Arte Suite\",\"description\":\"Ecco un altro sito ms.decms.eu\",\"potentialAction\":[{\"@type\":\"SearchAction\",\"target\":{\"@type\":\"EntryPoint\",\"urlTemplate\":\"https:\/\/www.cadellartesuite.com\/fr\/?s={search_term_string}\"},\"query-input\":{\"@type\":\"PropertyValueSpecification\",\"valueRequired\":true,\"valueName\":\"search_term_string\"}}],\"inLanguage\":\"fr-FR\"}]}<\/script>\n<!-- \/ Yoast SEO plugin. -->","yoast_head_json":{"title":"A\u00e9roport Marco Polo (Venise) ~ Ca' Dell\u2019Arte Suite ~","description":"Par lagune \/ eau En quittant le hall des arriv\u00e9es de l'a\u00e9roport, vous pouvez tourner \u00e0 gauche et suivre le trottoir balis\u00e9 couvert de pluie qui vous m\u00e8nera en 7 minutes environ au quai \/ port de plaisance d'o\u00f9 vous aurez la possibilit\u00e9 d'embarquer ou dans un bateau-taxi de service public ( bande jaune) qui en 40 minutes environ vous conduira directement au Rio Della Canonica \u00e0 quelques pas des Suites, ou dans l'un des grands bateaux \u00e0 moteur des lignes Alilaguna qui vous conduira, apr\u00e8s quelques arr\u00eats interm\u00e9diaires, au San Marco - Jet\u00e9e de Vallaresso ou San Zaccaria-Jolanda en environ 1 heure et 15\/30 minutes. Depuis le d\u00e9barcad\u00e8re \/ jet\u00e9e, vous devrez continuer \u00e0 pied pendant environ 10 minutes  Par voie terrestre En quittant le hall des arriv\u00e9es de l'a\u00e9roport, vous pouvez prendre le bus ATVO sans arr\u00eats interm\u00e9diaires (20 min.) Ou le bus de service public LINE 5 (AeroBus) avec arr\u00eats (30 min) ACTV pour Venise - Piazzale Roma, \u00e0 partir de l\u00e0, vous pouvez continuer soit avec un bateau-taxi de service public (bande jaune) qui en environ 15\/20 minutes via Rio Novo, vous emm\u00e8nera directement aux Suites ou avec le vaporetto public ligne 2 (saison d'\u00e9t\u00e9 uniquement) ou ligne 1 (toute l'ann\u00e9e) qui prend vous en 35 minutes jusqu'\u00e0 l'arr\u00eat San Marco Vallaresso et d'o\u00f9 vous continuez pendant 10\/15 minutes \u00e0 pied jusqu'aux Suites","robots":{"index":"index","follow":"follow","max-snippet":"max-snippet:-1","max-image-preview":"max-image-preview:large","max-video-preview":"max-video-preview:-1"},"canonical":"https:\/\/www.cadellartesuite.com\/fr\/ou-nous-sommes\/aeroport-marco-polo-venise\/","og_locale":"fr_FR","og_type":"article","og_title":"A\u00e9roport Marco Polo (Venise) ~ Ca' Dell\u2019Arte Suite ~","og_description":"Par lagune \/ eau En quittant le hall des arriv\u00e9es de l'a\u00e9roport, vous pouvez tourner \u00e0 gauche et suivre le trottoir balis\u00e9 couvert de pluie qui vous m\u00e8nera en 7 minutes environ au quai \/ port de plaisance d'o\u00f9 vous aurez la possibilit\u00e9 d'embarquer ou dans un bateau-taxi de service public ( bande jaune) qui en 40 minutes environ vous conduira directement au Rio Della Canonica \u00e0 quelques pas des Suites, ou dans l'un des grands bateaux \u00e0 moteur des lignes Alilaguna qui vous conduira, apr\u00e8s quelques arr\u00eats interm\u00e9diaires, au San Marco - Jet\u00e9e de Vallaresso ou San Zaccaria-Jolanda en environ 1 heure et 15\/30 minutes. Depuis le d\u00e9barcad\u00e8re \/ jet\u00e9e, vous devrez continuer \u00e0 pied pendant environ 10 minutes  Par voie terrestre En quittant le hall des arriv\u00e9es de l'a\u00e9roport, vous pouvez prendre le bus ATVO sans arr\u00eats interm\u00e9diaires (20 min.) Ou le bus de service public LINE 5 (AeroBus) avec arr\u00eats (30 min) ACTV pour Venise - Piazzale Roma, \u00e0 partir de l\u00e0, vous pouvez continuer soit avec un bateau-taxi de service public (bande jaune) qui en environ 15\/20 minutes via Rio Novo, vous emm\u00e8nera directement aux Suites ou avec le vaporetto public ligne 2 (saison d'\u00e9t\u00e9 uniquement) ou ligne 1 (toute l'ann\u00e9e) qui prend vous en 35 minutes jusqu'\u00e0 l'arr\u00eat San Marco Vallaresso et d'o\u00f9 vous continuez pendant 10\/15 minutes \u00e0 pied jusqu'aux Suites","og_url":"https:\/\/www.cadellartesuite.com\/fr\/ou-nous-sommes\/aeroport-marco-polo-venise\/","og_site_name":"Ca' Dell\u2019Arte Suite","article_modified_time":"2021-06-09T14:54:11+00:00","twitter_card":"summary_large_image","twitter_misc":{"Dur\u00e9e de lecture estim\u00e9e":"1 minute"},"schema":{"@context":"https:\/\/schema.org","@graph":[{"@type":"WebPage","@id":"https:\/\/www.cadellartesuite.com\/fr\/ou-nous-sommes\/aeroport-marco-polo-venise\/","url":"https:\/\/www.cadellartesuite.com\/fr\/ou-nous-sommes\/aeroport-marco-polo-venise\/","name":"A\u00e9roport Marco Polo (Venise) ~ Ca' Dell\u2019Arte Suite ~","isPartOf":{"@id":"https:\/\/www.cadellartesuite.com\/fr\/#website"},"datePublished":"2021-06-09T14:52:07+00:00","dateModified":"2021-06-09T14:54:11+00:00","description":"Par lagune \/ eau En quittant le hall des arriv\u00e9es de l'a\u00e9roport, vous pouvez tourner \u00e0 gauche et suivre le trottoir balis\u00e9 couvert de pluie qui vous m\u00e8nera en 7 minutes environ au quai \/ port de plaisance d'o\u00f9 vous aurez la possibilit\u00e9 d'embarquer ou dans un bateau-taxi de service public ( bande jaune) qui en 40 minutes environ vous conduira directement au Rio Della Canonica \u00e0 quelques pas des Suites, ou dans l'un des grands bateaux \u00e0 moteur des lignes Alilaguna qui vous conduira, apr\u00e8s quelques arr\u00eats interm\u00e9diaires, au San Marco - Jet\u00e9e de Vallaresso ou San Zaccaria-Jolanda en environ 1 heure et 15\/30 minutes. Depuis le d\u00e9barcad\u00e8re \/ jet\u00e9e, vous devrez continuer \u00e0 pied pendant environ 10 minutes Par voie terrestre En quittant le hall des arriv\u00e9es de l'a\u00e9roport, vous pouvez prendre le bus ATVO sans arr\u00eats interm\u00e9diaires (20 min.) Ou le bus de service public LINE 5 (AeroBus) avec arr\u00eats (30 min) ACTV pour Venise - Piazzale Roma, \u00e0 partir de l\u00e0, vous pouvez continuer soit avec un bateau-taxi de service public (bande jaune) qui en environ 15\/20 minutes via Rio Novo, vous emm\u00e8nera directement aux Suites ou avec le vaporetto public ligne 2 (saison d'\u00e9t\u00e9 uniquement) ou ligne 1 (toute l'ann\u00e9e) qui prend vous en 35 minutes jusqu'\u00e0 l'arr\u00eat San Marco Vallaresso et d'o\u00f9 vous continuez pendant 10\/15 minutes \u00e0 pied jusqu'aux Suites","breadcrumb":{"@id":"https:\/\/www.cadellartesuite.com\/fr\/ou-nous-sommes\/aeroport-marco-polo-venise\/#breadcrumb"},"inLanguage":"fr-FR","potentialAction":[{"@type":"ReadAction","target":["https:\/\/www.cadellartesuite.com\/fr\/ou-nous-sommes\/aeroport-marco-polo-venise\/"]}]},{"@type":"BreadcrumbList","@id":"https:\/\/www.cadellartesuite.com\/fr\/ou-nous-sommes\/aeroport-marco-polo-venise\/#breadcrumb","itemListElement":[{"@type":"ListItem","position":1,"name":"Home","item":"https:\/\/www.cadellartesuite.com\/fr\/"},{"@type":"ListItem","position":2,"name":"O\u00f9 nous sommes","item":"https:\/\/www.cadellartesuite.com\/fr\/ou-nous-sommes\/"},{"@type":"ListItem","position":3,"name":"A\u00e9roport Marco Polo (Venise)"}]},{"@type":"WebSite","@id":"https:\/\/www.cadellartesuite.com\/fr\/#website","url":"https:\/\/www.cadellartesuite.com\/fr\/","name":"Ca' Dell\u2019Arte Suite","description":"Ecco un altro sito ms.decms.eu","potentialAction":[{"@type":"SearchAction","target":{"@type":"EntryPoint","urlTemplate":"https:\/\/www.cadellartesuite.com\/fr\/?s={search_term_string}"},"query-input":{"@type":"PropertyValueSpecification","valueRequired":true,"valueName":"search_term_string"}}],"inLanguage":"fr-FR"}]}},"acf":[],"_links":{"self":[{"href":"https:\/\/www.cadellartesuite.com\/fr\/wp-json\/wp\/v2\/pages\/279","targetHints":{"allow":["GET"]}}],"collection":[{"href":"https:\/\/www.cadellartesuite.com\/fr\/wp-json\/wp\/v2\/pages"}],"about":[{"href":"https:\/\/www.cadellartesuite.com\/fr\/wp-json\/wp\/v2\/types\/page"}],"author":[{"embeddable":true,"href":"https:\/\/www.cadellartesuite.com\/fr\/wp-json\/wp\/v2\/users\/13"}],"replies":[{"embeddable":true,"href":"https:\/\/www.cadellartesuite.com\/fr\/wp-json\/wp\/v2\/comments?post=279"}],"version-history":[{"count":0,"href":"https:\/\/www.cadellartesuite.com\/fr\/wp-json\/wp\/v2\/pages\/279\/revisions"}],"up":[{"embeddable":true,"href":"https:\/\/www.cadellartesuite.com\/fr\/wp-json\/wp\/v2\/pages\/276"}],"wp:attachment":[{"href":"https:\/\/www.cadellartesuite.com\/fr\/wp-json\/wp\/v2\/media?parent=279"}],"curies":[{"name":"wp","href":"https:\/\/api.w.org\/{rel}","templated":true}]}}