{"id":283,"date":"2021-06-09T16:55:26","date_gmt":"2021-06-09T14:55:26","guid":{"rendered":"https:\/\/cadellartesuite.ms.decms.eu\/?page_id=283"},"modified":"2021-06-09T16:57:08","modified_gmt":"2021-06-09T14:57:08","slug":"aeroport-antonio-canova-trevise","status":"publish","type":"page","link":"https:\/\/www.cadellartesuite.com\/fr\/ou-nous-sommes\/aeroport-antonio-canova-trevise\/","title":{"rendered":"A\u00e9roport Antonio Canova (Tr\u00e9vise)"},"content":{"rendered":"<p>En quittant le hall des arriv\u00e9es de l&rsquo;a\u00e9roport, vous pouvez prendre le bus <a href=\"http:\/\/www.atvo.it\/index.php?lang=it&amp;area=23&amp;menuid=35\">ATVO<\/a> (1 heure et 20 min) \u00ab\u00a0ou le <a href=\"http:\/\/www.barziservice.com\/\">BARZI BUS<\/a> (via Autostrada)\u00a0\u00bb ou un taxi (30\/40 min) jusqu&rsquo;\u00e0 Venise &#8211; Piazzale Roma, \u00e0 partir de l\u00e0, vous pouvez continuer soit avec un bateau-taxi de service public (bande jaune) qui en environ 15\/20 minutes via Rio Novo, vous m\u00e8nera directement aux Suites ou avec le vaporetto public ligne 2 (saison d&rsquo;\u00e9t\u00e9 uniquement) ou ligne 1 (toute l&rsquo;ann\u00e9e) qui vous emm\u00e8ne en 35 minutes \u00e0 l&rsquo;arr\u00eat San Marco Vallaresso et d&rsquo;o\u00f9 vous continuez pendant 10 minutes \u00e0 pied jusqu&rsquo;aux Suites<\/p>\n","protected":false},"excerpt":{"rendered":"<p>En quittant le hall des arriv\u00e9es de l&rsquo;a\u00e9roport, vous pouvez prendre le bus ATVO (1 heure et 20 min) \u00ab\u00a0ou le BARZI BUS (via Autostrada)\u00a0\u00bb ou un taxi (30\/40 min) jusqu&rsquo;\u00e0 Venise &#8211; Piazzale Roma, \u00e0 partir de l\u00e0, vous pouvez continuer soit avec un bateau-taxi de service public (bande jaune) qui en environ 15\/20 [&hellip;]<\/p>\n","protected":false},"author":13,"featured_media":0,"parent":276,"menu_order":20,"comment_status":"closed","ping_status":"closed","template":"","meta":{"footnotes":""},"class_list":["post-283","page","type-page","status-publish","hentry"],"yoast_head":"<!-- This site is optimized with the Yoast SEO plugin v26.9 - https:\/\/yoast.com\/product\/yoast-seo-wordpress\/ -->\n<title>A\u00e9roport Antonio Canova (Tr\u00e9vise) ~ Ca&#039; Dell\u2019Arte Suite ~<\/title>\n<meta name=\"description\" content=\"En quittant le hall des arriv\u00e9es de l&#039;a\u00e9roport, vous pouvez prendre le bus ATVO (1 heure et 20 min) &quot;ou le BARZI BUS (via Autostrada)&quot; ou un taxi (30\/40 min) jusqu&#039;\u00e0 Venise - Piazzale Roma, \u00e0 partir de l\u00e0, vous pouvez continuer soit avec un bateau-taxi de service public (bande jaune) qui en environ 15\/20 minutes via Rio Novo, vous m\u00e8nera directement aux Suites ou avec le vaporetto public ligne 2 (saison d&#039;\u00e9t\u00e9 uniquement) ou ligne 1 (toute l&#039;ann\u00e9e) qui vous emm\u00e8ne en 35 minutes \u00e0 l&#039;arr\u00eat San Marco Vallaresso et d&#039;o\u00f9 vous continuez pendant 10 minutes \u00e0 pied jusqu&#039;aux Suites.\" \/>\n<meta name=\"robots\" content=\"index, follow, max-snippet:-1, max-image-preview:large, max-video-preview:-1\" \/>\n<link rel=\"canonical\" href=\"https:\/\/www.cadellartesuite.com\/fr\/ou-nous-sommes\/aeroport-antonio-canova-trevise\/\" \/>\n<meta property=\"og:locale\" content=\"fr_FR\" \/>\n<meta property=\"og:type\" content=\"article\" \/>\n<meta property=\"og:title\" content=\"A\u00e9roport Antonio Canova (Tr\u00e9vise) ~ Ca&#039; Dell\u2019Arte Suite ~\" \/>\n<meta property=\"og:description\" content=\"En quittant le hall des arriv\u00e9es de l&#039;a\u00e9roport, vous pouvez prendre le bus ATVO (1 heure et 20 min) &quot;ou le BARZI BUS (via Autostrada)&quot; ou un taxi (30\/40 min) jusqu&#039;\u00e0 Venise - Piazzale Roma, \u00e0 partir de l\u00e0, vous pouvez continuer soit avec un bateau-taxi de service public (bande jaune) qui en environ 15\/20 minutes via Rio Novo, vous m\u00e8nera directement aux Suites ou avec le vaporetto public ligne 2 (saison d&#039;\u00e9t\u00e9 uniquement) ou ligne 1 (toute l&#039;ann\u00e9e) qui vous emm\u00e8ne en 35 minutes \u00e0 l&#039;arr\u00eat San Marco Vallaresso et d&#039;o\u00f9 vous continuez pendant 10 minutes \u00e0 pied jusqu&#039;aux Suites.\" \/>\n<meta property=\"og:url\" content=\"https:\/\/www.cadellartesuite.com\/fr\/ou-nous-sommes\/aeroport-antonio-canova-trevise\/\" \/>\n<meta property=\"og:site_name\" content=\"Ca&#039; Dell\u2019Arte Suite\" \/>\n<meta property=\"article:modified_time\" content=\"2021-06-09T14:57:08+00:00\" \/>\n<meta name=\"twitter:card\" content=\"summary_large_image\" \/>\n<script type=\"application\/ld+json\" class=\"yoast-schema-graph\">{\"@context\":\"https:\/\/schema.org\",\"@graph\":[{\"@type\":\"WebPage\",\"@id\":\"https:\/\/www.cadellartesuite.com\/fr\/ou-nous-sommes\/aeroport-antonio-canova-trevise\/\",\"url\":\"https:\/\/www.cadellartesuite.com\/fr\/ou-nous-sommes\/aeroport-antonio-canova-trevise\/\",\"name\":\"A\u00e9roport Antonio Canova (Tr\u00e9vise) ~ Ca' Dell\u2019Arte Suite ~\",\"isPartOf\":{\"@id\":\"https:\/\/www.cadellartesuite.com\/fr\/#website\"},\"datePublished\":\"2021-06-09T14:55:26+00:00\",\"dateModified\":\"2021-06-09T14:57:08+00:00\",\"description\":\"En quittant le hall des arriv\u00e9es de l'a\u00e9roport, vous pouvez prendre le bus ATVO (1 heure et 20 min) \\\"ou le BARZI BUS (via Autostrada)\\\" ou un taxi (30\/40 min) jusqu'\u00e0 Venise - Piazzale Roma, \u00e0 partir de l\u00e0, vous pouvez continuer soit avec un bateau-taxi de service public (bande jaune) qui en environ 15\/20 minutes via Rio Novo, vous m\u00e8nera directement aux Suites ou avec le vaporetto public ligne 2 (saison d'\u00e9t\u00e9 uniquement) ou ligne 1 (toute l'ann\u00e9e) qui vous emm\u00e8ne en 35 minutes \u00e0 l'arr\u00eat San Marco Vallaresso et d'o\u00f9 vous continuez pendant 10 minutes \u00e0 pied jusqu'aux Suites.\",\"breadcrumb\":{\"@id\":\"https:\/\/www.cadellartesuite.com\/fr\/ou-nous-sommes\/aeroport-antonio-canova-trevise\/#breadcrumb\"},\"inLanguage\":\"fr-FR\",\"potentialAction\":[{\"@type\":\"ReadAction\",\"target\":[\"https:\/\/www.cadellartesuite.com\/fr\/ou-nous-sommes\/aeroport-antonio-canova-trevise\/\"]}]},{\"@type\":\"BreadcrumbList\",\"@id\":\"https:\/\/www.cadellartesuite.com\/fr\/ou-nous-sommes\/aeroport-antonio-canova-trevise\/#breadcrumb\",\"itemListElement\":[{\"@type\":\"ListItem\",\"position\":1,\"name\":\"Home\",\"item\":\"https:\/\/www.cadellartesuite.com\/fr\/\"},{\"@type\":\"ListItem\",\"position\":2,\"name\":\"O\u00f9 nous sommes\",\"item\":\"https:\/\/www.cadellartesuite.com\/fr\/ou-nous-sommes\/\"},{\"@type\":\"ListItem\",\"position\":3,\"name\":\"A\u00e9roport Antonio Canova (Tr\u00e9vise)\"}]},{\"@type\":\"WebSite\",\"@id\":\"https:\/\/www.cadellartesuite.com\/fr\/#website\",\"url\":\"https:\/\/www.cadellartesuite.com\/fr\/\",\"name\":\"Ca' Dell\u2019Arte Suite\",\"description\":\"Ecco un altro sito ms.decms.eu\",\"potentialAction\":[{\"@type\":\"SearchAction\",\"target\":{\"@type\":\"EntryPoint\",\"urlTemplate\":\"https:\/\/www.cadellartesuite.com\/fr\/?s={search_term_string}\"},\"query-input\":{\"@type\":\"PropertyValueSpecification\",\"valueRequired\":true,\"valueName\":\"search_term_string\"}}],\"inLanguage\":\"fr-FR\"}]}<\/script>\n<!-- \/ Yoast SEO plugin. -->","yoast_head_json":{"title":"A\u00e9roport Antonio Canova (Tr\u00e9vise) ~ Ca' Dell\u2019Arte Suite ~","description":"En quittant le hall des arriv\u00e9es de l'a\u00e9roport, vous pouvez prendre le bus ATVO (1 heure et 20 min) \"ou le BARZI BUS (via Autostrada)\" ou un taxi (30\/40 min) jusqu'\u00e0 Venise - Piazzale Roma, \u00e0 partir de l\u00e0, vous pouvez continuer soit avec un bateau-taxi de service public (bande jaune) qui en environ 15\/20 minutes via Rio Novo, vous m\u00e8nera directement aux Suites ou avec le vaporetto public ligne 2 (saison d'\u00e9t\u00e9 uniquement) ou ligne 1 (toute l'ann\u00e9e) qui vous emm\u00e8ne en 35 minutes \u00e0 l'arr\u00eat San Marco Vallaresso et d'o\u00f9 vous continuez pendant 10 minutes \u00e0 pied jusqu'aux Suites.","robots":{"index":"index","follow":"follow","max-snippet":"max-snippet:-1","max-image-preview":"max-image-preview:large","max-video-preview":"max-video-preview:-1"},"canonical":"https:\/\/www.cadellartesuite.com\/fr\/ou-nous-sommes\/aeroport-antonio-canova-trevise\/","og_locale":"fr_FR","og_type":"article","og_title":"A\u00e9roport Antonio Canova (Tr\u00e9vise) ~ Ca' Dell\u2019Arte Suite ~","og_description":"En quittant le hall des arriv\u00e9es de l'a\u00e9roport, vous pouvez prendre le bus ATVO (1 heure et 20 min) \"ou le BARZI BUS (via Autostrada)\" ou un taxi (30\/40 min) jusqu'\u00e0 Venise - Piazzale Roma, \u00e0 partir de l\u00e0, vous pouvez continuer soit avec un bateau-taxi de service public (bande jaune) qui en environ 15\/20 minutes via Rio Novo, vous m\u00e8nera directement aux Suites ou avec le vaporetto public ligne 2 (saison d'\u00e9t\u00e9 uniquement) ou ligne 1 (toute l'ann\u00e9e) qui vous emm\u00e8ne en 35 minutes \u00e0 l'arr\u00eat San Marco Vallaresso et d'o\u00f9 vous continuez pendant 10 minutes \u00e0 pied jusqu'aux Suites.","og_url":"https:\/\/www.cadellartesuite.com\/fr\/ou-nous-sommes\/aeroport-antonio-canova-trevise\/","og_site_name":"Ca' Dell\u2019Arte Suite","article_modified_time":"2021-06-09T14:57:08+00:00","twitter_card":"summary_large_image","schema":{"@context":"https:\/\/schema.org","@graph":[{"@type":"WebPage","@id":"https:\/\/www.cadellartesuite.com\/fr\/ou-nous-sommes\/aeroport-antonio-canova-trevise\/","url":"https:\/\/www.cadellartesuite.com\/fr\/ou-nous-sommes\/aeroport-antonio-canova-trevise\/","name":"A\u00e9roport Antonio Canova (Tr\u00e9vise) ~ Ca' Dell\u2019Arte Suite ~","isPartOf":{"@id":"https:\/\/www.cadellartesuite.com\/fr\/#website"},"datePublished":"2021-06-09T14:55:26+00:00","dateModified":"2021-06-09T14:57:08+00:00","description":"En quittant le hall des arriv\u00e9es de l'a\u00e9roport, vous pouvez prendre le bus ATVO (1 heure et 20 min) \"ou le BARZI BUS (via Autostrada)\" ou un taxi (30\/40 min) jusqu'\u00e0 Venise - Piazzale Roma, \u00e0 partir de l\u00e0, vous pouvez continuer soit avec un bateau-taxi de service public (bande jaune) qui en environ 15\/20 minutes via Rio Novo, vous m\u00e8nera directement aux Suites ou avec le vaporetto public ligne 2 (saison d'\u00e9t\u00e9 uniquement) ou ligne 1 (toute l'ann\u00e9e) qui vous emm\u00e8ne en 35 minutes \u00e0 l'arr\u00eat San Marco Vallaresso et d'o\u00f9 vous continuez pendant 10 minutes \u00e0 pied jusqu'aux Suites.","breadcrumb":{"@id":"https:\/\/www.cadellartesuite.com\/fr\/ou-nous-sommes\/aeroport-antonio-canova-trevise\/#breadcrumb"},"inLanguage":"fr-FR","potentialAction":[{"@type":"ReadAction","target":["https:\/\/www.cadellartesuite.com\/fr\/ou-nous-sommes\/aeroport-antonio-canova-trevise\/"]}]},{"@type":"BreadcrumbList","@id":"https:\/\/www.cadellartesuite.com\/fr\/ou-nous-sommes\/aeroport-antonio-canova-trevise\/#breadcrumb","itemListElement":[{"@type":"ListItem","position":1,"name":"Home","item":"https:\/\/www.cadellartesuite.com\/fr\/"},{"@type":"ListItem","position":2,"name":"O\u00f9 nous sommes","item":"https:\/\/www.cadellartesuite.com\/fr\/ou-nous-sommes\/"},{"@type":"ListItem","position":3,"name":"A\u00e9roport Antonio Canova (Tr\u00e9vise)"}]},{"@type":"WebSite","@id":"https:\/\/www.cadellartesuite.com\/fr\/#website","url":"https:\/\/www.cadellartesuite.com\/fr\/","name":"Ca' Dell\u2019Arte Suite","description":"Ecco un altro sito ms.decms.eu","potentialAction":[{"@type":"SearchAction","target":{"@type":"EntryPoint","urlTemplate":"https:\/\/www.cadellartesuite.com\/fr\/?s={search_term_string}"},"query-input":{"@type":"PropertyValueSpecification","valueRequired":true,"valueName":"search_term_string"}}],"inLanguage":"fr-FR"}]}},"acf":[],"_links":{"self":[{"href":"https:\/\/www.cadellartesuite.com\/fr\/wp-json\/wp\/v2\/pages\/283","targetHints":{"allow":["GET"]}}],"collection":[{"href":"https:\/\/www.cadellartesuite.com\/fr\/wp-json\/wp\/v2\/pages"}],"about":[{"href":"https:\/\/www.cadellartesuite.com\/fr\/wp-json\/wp\/v2\/types\/page"}],"author":[{"embeddable":true,"href":"https:\/\/www.cadellartesuite.com\/fr\/wp-json\/wp\/v2\/users\/13"}],"replies":[{"embeddable":true,"href":"https:\/\/www.cadellartesuite.com\/fr\/wp-json\/wp\/v2\/comments?post=283"}],"version-history":[{"count":0,"href":"https:\/\/www.cadellartesuite.com\/fr\/wp-json\/wp\/v2\/pages\/283\/revisions"}],"up":[{"embeddable":true,"href":"https:\/\/www.cadellartesuite.com\/fr\/wp-json\/wp\/v2\/pages\/276"}],"wp:attachment":[{"href":"https:\/\/www.cadellartesuite.com\/fr\/wp-json\/wp\/v2\/media?parent=283"}],"curies":[{"name":"wp","href":"https:\/\/api.w.org\/{rel}","templated":true}]}}