{"id":297,"date":"2021-06-09T17:05:23","date_gmt":"2021-06-09T15:05:23","guid":{"rendered":"https:\/\/cadellartesuite.ms.decms.eu\/?page_id=297"},"modified":"2021-07-05T10:53:32","modified_gmt":"2021-07-05T08:53:32","slug":"arrivee-en-voiture","status":"publish","type":"page","link":"https:\/\/www.cadellartesuite.com\/fr\/ou-nous-sommes\/arrivee-en-voiture\/","title":{"rendered":"Arriver en voiture"},"content":{"rendered":"<p>Des Autoroutes A4 (venant de Padova \/ Quarto d\u2019Altino \/ Trieste \/ Udine) ou A27 (venant de Belluno) ou Route \u00ab\u00a0SS Romea 309\u2033 il suffit de suivre les indications pour Venise. Conduissez \u00e0 travers tout \u00ab\u00a0Ponte della Libert\u00e0\u00a0\u00bb (<em>Pont de la Libert\u00e9<\/em>), bord\u00e9 par la lagune de Venise sur les deux c\u00f4t\u00e9s, en vous assurant de respecter la limite de vitesse, en tenant compte de les deux cam\u00e9ras fixes des limites de vitesse qui sont plac\u00e9es long le pont, dans les deux directions, et vous arriverez \u00e0 un feu de circulation o\u00f9, au cas o\u00f9 vous souhaitez vous garer au\u00a0\u00a0\u00bb<strong>Garage de l\u2019<\/strong><strong>\u00ce<\/strong><strong>le de Tronchetto<\/strong>\u00ab\u00a0, vous devrez tourner \u00e0 droite pour l\u2019atteindre, sinon vous pouvez aller tout droit si vous pr\u00e9f\u00e9rez garer \u00e0 Piazzale Roma en \u00ab\u00a0<a href=\"http:\/\/www.veniceconnected.com\/fr\/node\/1561\" target=\"_blank\" rel=\"noopener\"><strong>Autorimessa Comunale<\/strong><\/a>\u00a0\u00bb ou en \u00ab\u00a0<a href=\"http:\/\/www.garagesanmarco.it\/index.php?lang=en\" target=\"_blank\" rel=\"noopener\"><strong>Garage San Marco<\/strong><\/a>\u00a0\u00bb garages.<\/p>\n<p><a href=\"http:\/\/www.vtp.it\/\"><em>VTP \u2013 Venezia Terminal Passeggeri S.p.A \u2013 Approdi e crociere<\/em><\/a><\/p>\n<p>Vous pouvez alors choisir de prendre un taxi d\u2019eau priv\u00e9 (bande jaune sur ses c\u00f4t\u00e9s, officiellement autoris\u00e9s) qui, \u00e0 partir de Piazzale Roma, en passant par Rio Novo, vous m\u00e8nera directement, en 15-20 minutes, \u00e0 l\u2019embarcad\u00e8re priv\u00e9 de l\u2019h\u00f4tel, sinon vous pouvez prendre le <em>vaporetto\u00a0<\/em><a href=\"http:\/\/www.actv.it\/en\" target=\"_blank\" rel=\"noopener\"><strong>ACTV<\/strong><\/a> ligne 2 (seulement pendant l\u2019\u00e8t\u00e8) ou ligne 1 (toute l\u2019ann\u00e9e) qui vous m\u00e8nera, en environ 35 minutes, \u00e0 le quai de \u00ab\u00a0San Marco \u2013 Vallaresso \u00ab\u00a0, d\u2019o\u00f9 vous aurez \u00e0 marcher pendant environ 10 minutes pour rejoindre C\u00e0 Dell\u2019Arte Suite en suivant les instructions d\u00e9crites ci-dessous.<br \/>\nDans le cas o\u00f9 vous avez gar\u00e9 \u00e0 l\u2019\u00cele de Tronchetto, vous pouvez \u00e9galement choisir de prendre un taxi d\u2019eau priv\u00e9 (bande jaune sur ses c\u00f4t\u00e9s, officiellement autoris\u00e9s) qui vous m\u00e8nera directement, en 15-20 minutes, en passant par Canale della Giudecca, \u00e0 C\u00e0 Dell\u2019Arte Suite, ou prendre le <em>vaporetto\u00a0<\/em><a href=\"http:\/\/www.actv.it\/en\" target=\"_blank\" rel=\"noopener\"><strong>ACTV<\/strong><\/a> ligne 2 (direction: Piazzale Roma \u2013 Rialto \u2013 San Marco) qui vous emm\u00e8nera en environ 45 minutes \u00e0 le quai de \u00ab\u00a0San Marco \u2013 Vallaresso\u00a0\u00bb, d\u2019o\u00f9 vous aurez \u00e0 marcher pendant environ 10 minutes pour rejoindreC\u00e0 Dell\u2019Arte Suite en suivant les instructions d\u00e9crites ci-dessous.<\/p>\n","protected":false},"excerpt":{"rendered":"<p>Des Autoroutes A4 (venant de Padova \/ Quarto d\u2019Altino \/ Trieste \/ Udine) ou A27 (venant de Belluno) ou Route \u00ab\u00a0SS Romea 309\u2033 il suffit de suivre les indications pour Venise. Conduissez \u00e0 travers tout \u00ab\u00a0Ponte della Libert\u00e0\u00a0\u00bb (Pont de la Libert\u00e9), bord\u00e9 par la lagune de Venise sur les deux c\u00f4t\u00e9s, en vous assurant [&hellip;]<\/p>\n","protected":false},"author":13,"featured_media":0,"parent":276,"menu_order":30,"comment_status":"closed","ping_status":"closed","template":"","meta":{"footnotes":""},"class_list":["post-297","page","type-page","status-publish","hentry"],"yoast_head":"<!-- This site is optimized with the Yoast SEO plugin v26.9 - https:\/\/yoast.com\/product\/yoast-seo-wordpress\/ -->\n<title>Arriver en voiture ~ Ca&#039; Dell\u2019Arte Suite ~<\/title>\n<meta name=\"description\" content=\"Des Autoroutes A4 (venant de Padova \/ Quarto d\u2019Altino \/ Trieste \/ Udine) ou A27 (venant de Belluno) ou Route \u00ab\u00a0SS Romea 309\u2033 il suffit de suivre les indications pour Venise. Conduissez \u00e0 travers tout \u00ab\u00a0Ponte della Libert\u00e0\u00a0\u00bb (Pont de la Libert\u00e9), bord\u00e9 par la lagune de Venise sur les deux c\u00f4t\u00e9s, en vous assurant de respecter la limite de vitesse, en tenant compte de les deux cam\u00e9ras fixes des limites de vitesse qui sont plac\u00e9es long le pont, dans les deux directions, et vous arriverez \u00e0 un feu de circulation o\u00f9, au cas o\u00f9 vous souhaitez vous garer au\u00a0\u00a0\u00bbGarage de l\u2019\u00cele de Tronchetto\u00ab\u00a0, vous devrez tourner \u00e0 droite pour l\u2019atteindre, sinon vous pouvez aller tout droit si vous pr\u00e9f\u00e9rez garer \u00e0 Piazzale Roma en \u00ab\u00a0Autorimessa Comunale\u00a0\u00bb ou en \u00ab\u00a0Garage San Marco\u00a0\u00bb garages.  VTP \u2013 Venezia Terminal Passeggeri S.p.A \u2013 Approdi e crociere  Vous pouvez alors choisir de prendre un taxi d\u2019eau priv\u00e9 (bande jaune sur ses c\u00f4t\u00e9s, officiellement autoris\u00e9s) qui, \u00e0 partir de Piazzale Roma, en passant par Rio Novo, vous m\u00e8nera directement, en 15-20 minutes, \u00e0 l\u2019embarcad\u00e8re priv\u00e9 de l\u2019h\u00f4tel, sinon vous pouvez prendre le vaporetto\u00a0ACTV ligne 2 (seulement pendant l\u2019\u00e8t\u00e8) ou ligne 1 (toute l\u2019ann\u00e9e) qui vous m\u00e8nera, en environ 35 minutes, \u00e0 le quai de \u00ab\u00a0San Marco \u2013 Vallaresso \u00ab\u00a0, d\u2019o\u00f9 vous aurez \u00e0 marcher pendant environ 10 minutes pour rejoindre C\u00e0 Dell\u2019Arte Suite en suivant les instructions d\u00e9crites ci-dessous. Dans le cas o\u00f9 vous avez gar\u00e9 \u00e0 l\u2019\u00cele de Tronchetto, vous pouvez \u00e9galement choisir de prendre un taxi d\u2019eau priv\u00e9 (bande jaune sur ses c\u00f4t\u00e9s, officiellement autoris\u00e9s) qui vous m\u00e8nera directement, en 15-20 minutes, en passant par Canale della Giudecca, \u00e0 C\u00e0 Dell\u2019Arte Suite, ou prendre le vaporetto\u00a0ACTV ligne 2 (direction: Piazzale Roma \u2013 Rialto \u2013 San Marco) qui vous emm\u00e8nera en environ 45 minutes \u00e0 le quai de \u00ab\u00a0San Marco \u2013 Vallaresso\u00a0\u00bb, d\u2019o\u00f9 vous aurez \u00e0 marcher pendant environ 10 minutes pour rejoindreC\u00e0 Dell\u2019Arte Suite en suivant les instructions d\u00e9crites ci-dessous.\" \/>\n<meta name=\"robots\" content=\"index, follow, max-snippet:-1, max-image-preview:large, max-video-preview:-1\" \/>\n<link rel=\"canonical\" href=\"https:\/\/www.cadellartesuite.com\/fr\/ou-nous-sommes\/arrivee-en-voiture\/\" \/>\n<meta property=\"og:locale\" content=\"fr_FR\" \/>\n<meta property=\"og:type\" content=\"article\" \/>\n<meta property=\"og:title\" content=\"Arriver en voiture ~ Ca&#039; Dell\u2019Arte Suite ~\" \/>\n<meta property=\"og:description\" content=\"Des Autoroutes A4 (venant de Padova \/ Quarto d\u2019Altino \/ Trieste \/ Udine) ou A27 (venant de Belluno) ou Route \u00ab\u00a0SS Romea 309\u2033 il suffit de suivre les indications pour Venise. Conduissez \u00e0 travers tout \u00ab\u00a0Ponte della Libert\u00e0\u00a0\u00bb (Pont de la Libert\u00e9), bord\u00e9 par la lagune de Venise sur les deux c\u00f4t\u00e9s, en vous assurant de respecter la limite de vitesse, en tenant compte de les deux cam\u00e9ras fixes des limites de vitesse qui sont plac\u00e9es long le pont, dans les deux directions, et vous arriverez \u00e0 un feu de circulation o\u00f9, au cas o\u00f9 vous souhaitez vous garer au\u00a0\u00a0\u00bbGarage de l\u2019\u00cele de Tronchetto\u00ab\u00a0, vous devrez tourner \u00e0 droite pour l\u2019atteindre, sinon vous pouvez aller tout droit si vous pr\u00e9f\u00e9rez garer \u00e0 Piazzale Roma en \u00ab\u00a0Autorimessa Comunale\u00a0\u00bb ou en \u00ab\u00a0Garage San Marco\u00a0\u00bb garages.  VTP \u2013 Venezia Terminal Passeggeri S.p.A \u2013 Approdi e crociere  Vous pouvez alors choisir de prendre un taxi d\u2019eau priv\u00e9 (bande jaune sur ses c\u00f4t\u00e9s, officiellement autoris\u00e9s) qui, \u00e0 partir de Piazzale Roma, en passant par Rio Novo, vous m\u00e8nera directement, en 15-20 minutes, \u00e0 l\u2019embarcad\u00e8re priv\u00e9 de l\u2019h\u00f4tel, sinon vous pouvez prendre le vaporetto\u00a0ACTV ligne 2 (seulement pendant l\u2019\u00e8t\u00e8) ou ligne 1 (toute l\u2019ann\u00e9e) qui vous m\u00e8nera, en environ 35 minutes, \u00e0 le quai de \u00ab\u00a0San Marco \u2013 Vallaresso \u00ab\u00a0, d\u2019o\u00f9 vous aurez \u00e0 marcher pendant environ 10 minutes pour rejoindre C\u00e0 Dell\u2019Arte Suite en suivant les instructions d\u00e9crites ci-dessous. Dans le cas o\u00f9 vous avez gar\u00e9 \u00e0 l\u2019\u00cele de Tronchetto, vous pouvez \u00e9galement choisir de prendre un taxi d\u2019eau priv\u00e9 (bande jaune sur ses c\u00f4t\u00e9s, officiellement autoris\u00e9s) qui vous m\u00e8nera directement, en 15-20 minutes, en passant par Canale della Giudecca, \u00e0 C\u00e0 Dell\u2019Arte Suite, ou prendre le vaporetto\u00a0ACTV ligne 2 (direction: Piazzale Roma \u2013 Rialto \u2013 San Marco) qui vous emm\u00e8nera en environ 45 minutes \u00e0 le quai de \u00ab\u00a0San Marco \u2013 Vallaresso\u00a0\u00bb, d\u2019o\u00f9 vous aurez \u00e0 marcher pendant environ 10 minutes pour rejoindreC\u00e0 Dell\u2019Arte Suite en suivant les instructions d\u00e9crites ci-dessous.\" \/>\n<meta property=\"og:url\" content=\"https:\/\/www.cadellartesuite.com\/fr\/ou-nous-sommes\/arrivee-en-voiture\/\" \/>\n<meta property=\"og:site_name\" content=\"Ca&#039; Dell\u2019Arte Suite\" \/>\n<meta property=\"article:modified_time\" content=\"2021-07-05T08:53:32+00:00\" \/>\n<meta name=\"twitter:card\" content=\"summary_large_image\" \/>\n<meta name=\"twitter:label1\" content=\"Dur\u00e9e de lecture estim\u00e9e\" \/>\n\t<meta name=\"twitter:data1\" content=\"2 minutes\" \/>\n<script type=\"application\/ld+json\" class=\"yoast-schema-graph\">{\"@context\":\"https:\/\/schema.org\",\"@graph\":[{\"@type\":\"WebPage\",\"@id\":\"https:\/\/www.cadellartesuite.com\/fr\/ou-nous-sommes\/arrivee-en-voiture\/\",\"url\":\"https:\/\/www.cadellartesuite.com\/fr\/ou-nous-sommes\/arrivee-en-voiture\/\",\"name\":\"Arriver en voiture ~ Ca' Dell\u2019Arte Suite ~\",\"isPartOf\":{\"@id\":\"https:\/\/www.cadellartesuite.com\/fr\/#website\"},\"datePublished\":\"2021-06-09T15:05:23+00:00\",\"dateModified\":\"2021-07-05T08:53:32+00:00\",\"description\":\"Des Autoroutes A4 (venant de Padova \/ Quarto d\u2019Altino \/ Trieste \/ Udine) ou A27 (venant de Belluno) ou Route \u00ab\u00a0SS Romea 309\u2033 il suffit de suivre les indications pour Venise. Conduissez \u00e0 travers tout \u00ab\u00a0Ponte della Libert\u00e0\u00a0\u00bb (Pont de la Libert\u00e9), bord\u00e9 par la lagune de Venise sur les deux c\u00f4t\u00e9s, en vous assurant de respecter la limite de vitesse, en tenant compte de les deux cam\u00e9ras fixes des limites de vitesse qui sont plac\u00e9es long le pont, dans les deux directions, et vous arriverez \u00e0 un feu de circulation o\u00f9, au cas o\u00f9 vous souhaitez vous garer au\u00a0\u00a0\u00bbGarage de l\u2019\u00cele de Tronchetto\u00ab\u00a0, vous devrez tourner \u00e0 droite pour l\u2019atteindre, sinon vous pouvez aller tout droit si vous pr\u00e9f\u00e9rez garer \u00e0 Piazzale Roma en \u00ab\u00a0Autorimessa Comunale\u00a0\u00bb ou en \u00ab\u00a0Garage San Marco\u00a0\u00bb garages. VTP \u2013 Venezia Terminal Passeggeri S.p.A \u2013 Approdi e crociere Vous pouvez alors choisir de prendre un taxi d\u2019eau priv\u00e9 (bande jaune sur ses c\u00f4t\u00e9s, officiellement autoris\u00e9s) qui, \u00e0 partir de Piazzale Roma, en passant par Rio Novo, vous m\u00e8nera directement, en 15-20 minutes, \u00e0 l\u2019embarcad\u00e8re priv\u00e9 de l\u2019h\u00f4tel, sinon vous pouvez prendre le vaporetto\u00a0ACTV ligne 2 (seulement pendant l\u2019\u00e8t\u00e8) ou ligne 1 (toute l\u2019ann\u00e9e) qui vous m\u00e8nera, en environ 35 minutes, \u00e0 le quai de \u00ab\u00a0San Marco \u2013 Vallaresso \u00ab\u00a0, d\u2019o\u00f9 vous aurez \u00e0 marcher pendant environ 10 minutes pour rejoindre C\u00e0 Dell\u2019Arte Suite en suivant les instructions d\u00e9crites ci-dessous. Dans le cas o\u00f9 vous avez gar\u00e9 \u00e0 l\u2019\u00cele de Tronchetto, vous pouvez \u00e9galement choisir de prendre un taxi d\u2019eau priv\u00e9 (bande jaune sur ses c\u00f4t\u00e9s, officiellement autoris\u00e9s) qui vous m\u00e8nera directement, en 15-20 minutes, en passant par Canale della Giudecca, \u00e0 C\u00e0 Dell\u2019Arte Suite, ou prendre le vaporetto\u00a0ACTV ligne 2 (direction: Piazzale Roma \u2013 Rialto \u2013 San Marco) qui vous emm\u00e8nera en environ 45 minutes \u00e0 le quai de \u00ab\u00a0San Marco \u2013 Vallaresso\u00a0\u00bb, d\u2019o\u00f9 vous aurez \u00e0 marcher pendant environ 10 minutes pour rejoindreC\u00e0 Dell\u2019Arte Suite en suivant les instructions d\u00e9crites ci-dessous.\",\"breadcrumb\":{\"@id\":\"https:\/\/www.cadellartesuite.com\/fr\/ou-nous-sommes\/arrivee-en-voiture\/#breadcrumb\"},\"inLanguage\":\"fr-FR\",\"potentialAction\":[{\"@type\":\"ReadAction\",\"target\":[\"https:\/\/www.cadellartesuite.com\/fr\/ou-nous-sommes\/arrivee-en-voiture\/\"]}]},{\"@type\":\"BreadcrumbList\",\"@id\":\"https:\/\/www.cadellartesuite.com\/fr\/ou-nous-sommes\/arrivee-en-voiture\/#breadcrumb\",\"itemListElement\":[{\"@type\":\"ListItem\",\"position\":1,\"name\":\"Home\",\"item\":\"https:\/\/www.cadellartesuite.com\/fr\/\"},{\"@type\":\"ListItem\",\"position\":2,\"name\":\"O\u00f9 nous sommes\",\"item\":\"https:\/\/www.cadellartesuite.com\/fr\/ou-nous-sommes\/\"},{\"@type\":\"ListItem\",\"position\":3,\"name\":\"Arriver en voiture\"}]},{\"@type\":\"WebSite\",\"@id\":\"https:\/\/www.cadellartesuite.com\/fr\/#website\",\"url\":\"https:\/\/www.cadellartesuite.com\/fr\/\",\"name\":\"Ca' Dell\u2019Arte Suite\",\"description\":\"Ecco un altro sito ms.decms.eu\",\"potentialAction\":[{\"@type\":\"SearchAction\",\"target\":{\"@type\":\"EntryPoint\",\"urlTemplate\":\"https:\/\/www.cadellartesuite.com\/fr\/?s={search_term_string}\"},\"query-input\":{\"@type\":\"PropertyValueSpecification\",\"valueRequired\":true,\"valueName\":\"search_term_string\"}}],\"inLanguage\":\"fr-FR\"}]}<\/script>\n<!-- \/ Yoast SEO plugin. -->","yoast_head_json":{"title":"Arriver en voiture ~ Ca' Dell\u2019Arte Suite ~","description":"Des Autoroutes A4 (venant de Padova \/ Quarto d\u2019Altino \/ Trieste \/ Udine) ou A27 (venant de Belluno) ou Route \u00ab\u00a0SS Romea 309\u2033 il suffit de suivre les indications pour Venise. Conduissez \u00e0 travers tout \u00ab\u00a0Ponte della Libert\u00e0\u00a0\u00bb (Pont de la Libert\u00e9), bord\u00e9 par la lagune de Venise sur les deux c\u00f4t\u00e9s, en vous assurant de respecter la limite de vitesse, en tenant compte de les deux cam\u00e9ras fixes des limites de vitesse qui sont plac\u00e9es long le pont, dans les deux directions, et vous arriverez \u00e0 un feu de circulation o\u00f9, au cas o\u00f9 vous souhaitez vous garer au\u00a0\u00a0\u00bbGarage de l\u2019\u00cele de Tronchetto\u00ab\u00a0, vous devrez tourner \u00e0 droite pour l\u2019atteindre, sinon vous pouvez aller tout droit si vous pr\u00e9f\u00e9rez garer \u00e0 Piazzale Roma en \u00ab\u00a0Autorimessa Comunale\u00a0\u00bb ou en \u00ab\u00a0Garage San Marco\u00a0\u00bb garages.  VTP \u2013 Venezia Terminal Passeggeri S.p.A \u2013 Approdi e crociere  Vous pouvez alors choisir de prendre un taxi d\u2019eau priv\u00e9 (bande jaune sur ses c\u00f4t\u00e9s, officiellement autoris\u00e9s) qui, \u00e0 partir de Piazzale Roma, en passant par Rio Novo, vous m\u00e8nera directement, en 15-20 minutes, \u00e0 l\u2019embarcad\u00e8re priv\u00e9 de l\u2019h\u00f4tel, sinon vous pouvez prendre le vaporetto\u00a0ACTV ligne 2 (seulement pendant l\u2019\u00e8t\u00e8) ou ligne 1 (toute l\u2019ann\u00e9e) qui vous m\u00e8nera, en environ 35 minutes, \u00e0 le quai de \u00ab\u00a0San Marco \u2013 Vallaresso \u00ab\u00a0, d\u2019o\u00f9 vous aurez \u00e0 marcher pendant environ 10 minutes pour rejoindre C\u00e0 Dell\u2019Arte Suite en suivant les instructions d\u00e9crites ci-dessous. Dans le cas o\u00f9 vous avez gar\u00e9 \u00e0 l\u2019\u00cele de Tronchetto, vous pouvez \u00e9galement choisir de prendre un taxi d\u2019eau priv\u00e9 (bande jaune sur ses c\u00f4t\u00e9s, officiellement autoris\u00e9s) qui vous m\u00e8nera directement, en 15-20 minutes, en passant par Canale della Giudecca, \u00e0 C\u00e0 Dell\u2019Arte Suite, ou prendre le vaporetto\u00a0ACTV ligne 2 (direction: Piazzale Roma \u2013 Rialto \u2013 San Marco) qui vous emm\u00e8nera en environ 45 minutes \u00e0 le quai de \u00ab\u00a0San Marco \u2013 Vallaresso\u00a0\u00bb, d\u2019o\u00f9 vous aurez \u00e0 marcher pendant environ 10 minutes pour rejoindreC\u00e0 Dell\u2019Arte Suite en suivant les instructions d\u00e9crites ci-dessous.","robots":{"index":"index","follow":"follow","max-snippet":"max-snippet:-1","max-image-preview":"max-image-preview:large","max-video-preview":"max-video-preview:-1"},"canonical":"https:\/\/www.cadellartesuite.com\/fr\/ou-nous-sommes\/arrivee-en-voiture\/","og_locale":"fr_FR","og_type":"article","og_title":"Arriver en voiture ~ Ca' Dell\u2019Arte Suite ~","og_description":"Des Autoroutes A4 (venant de Padova \/ Quarto d\u2019Altino \/ Trieste \/ Udine) ou A27 (venant de Belluno) ou Route \u00ab\u00a0SS Romea 309\u2033 il suffit de suivre les indications pour Venise. Conduissez \u00e0 travers tout \u00ab\u00a0Ponte della Libert\u00e0\u00a0\u00bb (Pont de la Libert\u00e9), bord\u00e9 par la lagune de Venise sur les deux c\u00f4t\u00e9s, en vous assurant de respecter la limite de vitesse, en tenant compte de les deux cam\u00e9ras fixes des limites de vitesse qui sont plac\u00e9es long le pont, dans les deux directions, et vous arriverez \u00e0 un feu de circulation o\u00f9, au cas o\u00f9 vous souhaitez vous garer au\u00a0\u00a0\u00bbGarage de l\u2019\u00cele de Tronchetto\u00ab\u00a0, vous devrez tourner \u00e0 droite pour l\u2019atteindre, sinon vous pouvez aller tout droit si vous pr\u00e9f\u00e9rez garer \u00e0 Piazzale Roma en \u00ab\u00a0Autorimessa Comunale\u00a0\u00bb ou en \u00ab\u00a0Garage San Marco\u00a0\u00bb garages.  VTP \u2013 Venezia Terminal Passeggeri S.p.A \u2013 Approdi e crociere  Vous pouvez alors choisir de prendre un taxi d\u2019eau priv\u00e9 (bande jaune sur ses c\u00f4t\u00e9s, officiellement autoris\u00e9s) qui, \u00e0 partir de Piazzale Roma, en passant par Rio Novo, vous m\u00e8nera directement, en 15-20 minutes, \u00e0 l\u2019embarcad\u00e8re priv\u00e9 de l\u2019h\u00f4tel, sinon vous pouvez prendre le vaporetto\u00a0ACTV ligne 2 (seulement pendant l\u2019\u00e8t\u00e8) ou ligne 1 (toute l\u2019ann\u00e9e) qui vous m\u00e8nera, en environ 35 minutes, \u00e0 le quai de \u00ab\u00a0San Marco \u2013 Vallaresso \u00ab\u00a0, d\u2019o\u00f9 vous aurez \u00e0 marcher pendant environ 10 minutes pour rejoindre C\u00e0 Dell\u2019Arte Suite en suivant les instructions d\u00e9crites ci-dessous. Dans le cas o\u00f9 vous avez gar\u00e9 \u00e0 l\u2019\u00cele de Tronchetto, vous pouvez \u00e9galement choisir de prendre un taxi d\u2019eau priv\u00e9 (bande jaune sur ses c\u00f4t\u00e9s, officiellement autoris\u00e9s) qui vous m\u00e8nera directement, en 15-20 minutes, en passant par Canale della Giudecca, \u00e0 C\u00e0 Dell\u2019Arte Suite, ou prendre le vaporetto\u00a0ACTV ligne 2 (direction: Piazzale Roma \u2013 Rialto \u2013 San Marco) qui vous emm\u00e8nera en environ 45 minutes \u00e0 le quai de \u00ab\u00a0San Marco \u2013 Vallaresso\u00a0\u00bb, d\u2019o\u00f9 vous aurez \u00e0 marcher pendant environ 10 minutes pour rejoindreC\u00e0 Dell\u2019Arte Suite en suivant les instructions d\u00e9crites ci-dessous.","og_url":"https:\/\/www.cadellartesuite.com\/fr\/ou-nous-sommes\/arrivee-en-voiture\/","og_site_name":"Ca' Dell\u2019Arte Suite","article_modified_time":"2021-07-05T08:53:32+00:00","twitter_card":"summary_large_image","twitter_misc":{"Dur\u00e9e de lecture estim\u00e9e":"2 minutes"},"schema":{"@context":"https:\/\/schema.org","@graph":[{"@type":"WebPage","@id":"https:\/\/www.cadellartesuite.com\/fr\/ou-nous-sommes\/arrivee-en-voiture\/","url":"https:\/\/www.cadellartesuite.com\/fr\/ou-nous-sommes\/arrivee-en-voiture\/","name":"Arriver en voiture ~ Ca' Dell\u2019Arte Suite ~","isPartOf":{"@id":"https:\/\/www.cadellartesuite.com\/fr\/#website"},"datePublished":"2021-06-09T15:05:23+00:00","dateModified":"2021-07-05T08:53:32+00:00","description":"Des Autoroutes A4 (venant de Padova \/ Quarto d\u2019Altino \/ Trieste \/ Udine) ou A27 (venant de Belluno) ou Route \u00ab\u00a0SS Romea 309\u2033 il suffit de suivre les indications pour Venise. Conduissez \u00e0 travers tout \u00ab\u00a0Ponte della Libert\u00e0\u00a0\u00bb (Pont de la Libert\u00e9), bord\u00e9 par la lagune de Venise sur les deux c\u00f4t\u00e9s, en vous assurant de respecter la limite de vitesse, en tenant compte de les deux cam\u00e9ras fixes des limites de vitesse qui sont plac\u00e9es long le pont, dans les deux directions, et vous arriverez \u00e0 un feu de circulation o\u00f9, au cas o\u00f9 vous souhaitez vous garer au\u00a0\u00a0\u00bbGarage de l\u2019\u00cele de Tronchetto\u00ab\u00a0, vous devrez tourner \u00e0 droite pour l\u2019atteindre, sinon vous pouvez aller tout droit si vous pr\u00e9f\u00e9rez garer \u00e0 Piazzale Roma en \u00ab\u00a0Autorimessa Comunale\u00a0\u00bb ou en \u00ab\u00a0Garage San Marco\u00a0\u00bb garages. VTP \u2013 Venezia Terminal Passeggeri S.p.A \u2013 Approdi e crociere Vous pouvez alors choisir de prendre un taxi d\u2019eau priv\u00e9 (bande jaune sur ses c\u00f4t\u00e9s, officiellement autoris\u00e9s) qui, \u00e0 partir de Piazzale Roma, en passant par Rio Novo, vous m\u00e8nera directement, en 15-20 minutes, \u00e0 l\u2019embarcad\u00e8re priv\u00e9 de l\u2019h\u00f4tel, sinon vous pouvez prendre le vaporetto\u00a0ACTV ligne 2 (seulement pendant l\u2019\u00e8t\u00e8) ou ligne 1 (toute l\u2019ann\u00e9e) qui vous m\u00e8nera, en environ 35 minutes, \u00e0 le quai de \u00ab\u00a0San Marco \u2013 Vallaresso \u00ab\u00a0, d\u2019o\u00f9 vous aurez \u00e0 marcher pendant environ 10 minutes pour rejoindre C\u00e0 Dell\u2019Arte Suite en suivant les instructions d\u00e9crites ci-dessous. Dans le cas o\u00f9 vous avez gar\u00e9 \u00e0 l\u2019\u00cele de Tronchetto, vous pouvez \u00e9galement choisir de prendre un taxi d\u2019eau priv\u00e9 (bande jaune sur ses c\u00f4t\u00e9s, officiellement autoris\u00e9s) qui vous m\u00e8nera directement, en 15-20 minutes, en passant par Canale della Giudecca, \u00e0 C\u00e0 Dell\u2019Arte Suite, ou prendre le vaporetto\u00a0ACTV ligne 2 (direction: Piazzale Roma \u2013 Rialto \u2013 San Marco) qui vous emm\u00e8nera en environ 45 minutes \u00e0 le quai de \u00ab\u00a0San Marco \u2013 Vallaresso\u00a0\u00bb, d\u2019o\u00f9 vous aurez \u00e0 marcher pendant environ 10 minutes pour rejoindreC\u00e0 Dell\u2019Arte Suite en suivant les instructions d\u00e9crites ci-dessous.","breadcrumb":{"@id":"https:\/\/www.cadellartesuite.com\/fr\/ou-nous-sommes\/arrivee-en-voiture\/#breadcrumb"},"inLanguage":"fr-FR","potentialAction":[{"@type":"ReadAction","target":["https:\/\/www.cadellartesuite.com\/fr\/ou-nous-sommes\/arrivee-en-voiture\/"]}]},{"@type":"BreadcrumbList","@id":"https:\/\/www.cadellartesuite.com\/fr\/ou-nous-sommes\/arrivee-en-voiture\/#breadcrumb","itemListElement":[{"@type":"ListItem","position":1,"name":"Home","item":"https:\/\/www.cadellartesuite.com\/fr\/"},{"@type":"ListItem","position":2,"name":"O\u00f9 nous sommes","item":"https:\/\/www.cadellartesuite.com\/fr\/ou-nous-sommes\/"},{"@type":"ListItem","position":3,"name":"Arriver en voiture"}]},{"@type":"WebSite","@id":"https:\/\/www.cadellartesuite.com\/fr\/#website","url":"https:\/\/www.cadellartesuite.com\/fr\/","name":"Ca' Dell\u2019Arte Suite","description":"Ecco un altro sito ms.decms.eu","potentialAction":[{"@type":"SearchAction","target":{"@type":"EntryPoint","urlTemplate":"https:\/\/www.cadellartesuite.com\/fr\/?s={search_term_string}"},"query-input":{"@type":"PropertyValueSpecification","valueRequired":true,"valueName":"search_term_string"}}],"inLanguage":"fr-FR"}]}},"acf":[],"_links":{"self":[{"href":"https:\/\/www.cadellartesuite.com\/fr\/wp-json\/wp\/v2\/pages\/297","targetHints":{"allow":["GET"]}}],"collection":[{"href":"https:\/\/www.cadellartesuite.com\/fr\/wp-json\/wp\/v2\/pages"}],"about":[{"href":"https:\/\/www.cadellartesuite.com\/fr\/wp-json\/wp\/v2\/types\/page"}],"author":[{"embeddable":true,"href":"https:\/\/www.cadellartesuite.com\/fr\/wp-json\/wp\/v2\/users\/13"}],"replies":[{"embeddable":true,"href":"https:\/\/www.cadellartesuite.com\/fr\/wp-json\/wp\/v2\/comments?post=297"}],"version-history":[{"count":0,"href":"https:\/\/www.cadellartesuite.com\/fr\/wp-json\/wp\/v2\/pages\/297\/revisions"}],"up":[{"embeddable":true,"href":"https:\/\/www.cadellartesuite.com\/fr\/wp-json\/wp\/v2\/pages\/276"}],"wp:attachment":[{"href":"https:\/\/www.cadellartesuite.com\/fr\/wp-json\/wp\/v2\/media?parent=297"}],"curies":[{"name":"wp","href":"https:\/\/api.w.org\/{rel}","templated":true}]}}