{"id":329,"date":"2021-06-10T09:53:46","date_gmt":"2021-06-10T07:53:46","guid":{"rendered":"https:\/\/cadellartesuite.ms.decms.eu\/?page_id=329"},"modified":"2021-08-27T12:16:48","modified_gmt":"2021-08-27T10:16:48","slug":"service","status":"publish","type":"page","link":"https:\/\/www.cadellartesuite.com\/fr\/service\/","title":{"rendered":"Service"},"content":{"rendered":"<p><strong>Taxi priv\u00e9:<\/strong><br \/>\nNous mettons \u00e0 la disposition de nos clients un bateau-taxi priv\u00e9 avec prise en charge \u00e0 l&rsquo;a\u00e9roport Marco Polo, \u00e0 la gare S. Lucia, \u00e0 Piazzale Roma et au port.<\/p>\n<p>Pour plus d&rsquo;informations sur le tarif contactez-nous!<\/p>\n<p>&nbsp;<\/p>\n<p><strong>Sans gluten:<\/strong><br \/>\nLes troubles de l&rsquo;alimentation sont de plus en plus fr\u00e9quents, un appel ou un simple message whatsapp quelques jours avant suffira \u00e0 r\u00e9pondre \u00e0 vos besoins!<\/p>\n","protected":false},"excerpt":{"rendered":"<p>Taxi priv\u00e9: Nous mettons \u00e0 la disposition de nos clients un bateau-taxi priv\u00e9 avec prise en charge \u00e0 l&rsquo;a\u00e9roport Marco Polo, \u00e0 la gare S. Lucia, \u00e0 Piazzale Roma et au port. Pour plus d&rsquo;informations sur le tarif contactez-nous! &nbsp; Sans gluten: Les troubles de l&rsquo;alimentation sont de plus en plus fr\u00e9quents, un appel ou [&hellip;]<\/p>\n","protected":false},"author":13,"featured_media":0,"parent":0,"menu_order":40,"comment_status":"closed","ping_status":"closed","template":"template-spa.php","meta":{"footnotes":""},"class_list":["post-329","page","type-page","status-publish","hentry"],"yoast_head":"<!-- This site is optimized with the Yoast SEO plugin v26.9 - https:\/\/yoast.com\/product\/yoast-seo-wordpress\/ -->\n<title>Service ~ Ca&#039; Dell\u2019Arte Suite ~<\/title>\n<meta name=\"description\" content=\"Taxi priv\u00e9: Nous mettons \u00e0 la disposition de nos clients un bateau-taxi priv\u00e9 avec prise en charge \u00e0 l&#039;a\u00e9roport Marco Polo, \u00e0 la gare S. Lucia, \u00e0 Piazzale Roma et au port.  Pour plus d&#039;informations sur le tarif contactez-nous!  &nbsp;  Sans gluten: Les troubles de l&#039;alimentation sont de plus en plus fr\u00e9quents, un appel ou un simple message whatsapp quelques jours avant suffira \u00e0 r\u00e9pondre \u00e0 vos besoins!\" \/>\n<meta name=\"robots\" content=\"index, follow, max-snippet:-1, max-image-preview:large, max-video-preview:-1\" \/>\n<link rel=\"canonical\" href=\"https:\/\/www.cadellartesuite.com\/fr\/service\/\" \/>\n<meta property=\"og:locale\" content=\"fr_FR\" \/>\n<meta property=\"og:type\" content=\"article\" \/>\n<meta property=\"og:title\" content=\"Service ~ Ca&#039; Dell\u2019Arte Suite ~\" \/>\n<meta property=\"og:description\" content=\"Taxi priv\u00e9: Nous mettons \u00e0 la disposition de nos clients un bateau-taxi priv\u00e9 avec prise en charge \u00e0 l&#039;a\u00e9roport Marco Polo, \u00e0 la gare S. Lucia, \u00e0 Piazzale Roma et au port.  Pour plus d&#039;informations sur le tarif contactez-nous!  &nbsp;  Sans gluten: Les troubles de l&#039;alimentation sont de plus en plus fr\u00e9quents, un appel ou un simple message whatsapp quelques jours avant suffira \u00e0 r\u00e9pondre \u00e0 vos besoins!\" \/>\n<meta property=\"og:url\" content=\"https:\/\/www.cadellartesuite.com\/fr\/service\/\" \/>\n<meta property=\"og:site_name\" content=\"Ca&#039; Dell\u2019Arte Suite\" \/>\n<meta property=\"article:modified_time\" content=\"2021-08-27T10:16:48+00:00\" \/>\n<meta name=\"twitter:card\" content=\"summary_large_image\" \/>\n<meta name=\"twitter:label1\" content=\"Dur\u00e9e de lecture estim\u00e9e\" \/>\n\t<meta name=\"twitter:data1\" content=\"1 minute\" \/>\n<script type=\"application\/ld+json\" class=\"yoast-schema-graph\">{\"@context\":\"https:\/\/schema.org\",\"@graph\":[{\"@type\":\"WebPage\",\"@id\":\"https:\/\/www.cadellartesuite.com\/fr\/service\/\",\"url\":\"https:\/\/www.cadellartesuite.com\/fr\/service\/\",\"name\":\"Service ~ Ca' Dell\u2019Arte Suite ~\",\"isPartOf\":{\"@id\":\"https:\/\/www.cadellartesuite.com\/fr\/#website\"},\"datePublished\":\"2021-06-10T07:53:46+00:00\",\"dateModified\":\"2021-08-27T10:16:48+00:00\",\"description\":\"Taxi priv\u00e9: Nous mettons \u00e0 la disposition de nos clients un bateau-taxi priv\u00e9 avec prise en charge \u00e0 l'a\u00e9roport Marco Polo, \u00e0 la gare S. Lucia, \u00e0 Piazzale Roma et au port. Pour plus d'informations sur le tarif contactez-nous! &nbsp; Sans gluten: Les troubles de l'alimentation sont de plus en plus fr\u00e9quents, un appel ou un simple message whatsapp quelques jours avant suffira \u00e0 r\u00e9pondre \u00e0 vos besoins!\",\"breadcrumb\":{\"@id\":\"https:\/\/www.cadellartesuite.com\/fr\/service\/#breadcrumb\"},\"inLanguage\":\"fr-FR\",\"potentialAction\":[{\"@type\":\"ReadAction\",\"target\":[\"https:\/\/www.cadellartesuite.com\/fr\/service\/\"]}]},{\"@type\":\"BreadcrumbList\",\"@id\":\"https:\/\/www.cadellartesuite.com\/fr\/service\/#breadcrumb\",\"itemListElement\":[{\"@type\":\"ListItem\",\"position\":1,\"name\":\"Home\",\"item\":\"https:\/\/www.cadellartesuite.com\/fr\/\"},{\"@type\":\"ListItem\",\"position\":2,\"name\":\"Service\"}]},{\"@type\":\"WebSite\",\"@id\":\"https:\/\/www.cadellartesuite.com\/fr\/#website\",\"url\":\"https:\/\/www.cadellartesuite.com\/fr\/\",\"name\":\"Ca' Dell\u2019Arte Suite\",\"description\":\"Ecco un altro sito ms.decms.eu\",\"potentialAction\":[{\"@type\":\"SearchAction\",\"target\":{\"@type\":\"EntryPoint\",\"urlTemplate\":\"https:\/\/www.cadellartesuite.com\/fr\/?s={search_term_string}\"},\"query-input\":{\"@type\":\"PropertyValueSpecification\",\"valueRequired\":true,\"valueName\":\"search_term_string\"}}],\"inLanguage\":\"fr-FR\"}]}<\/script>\n<!-- \/ Yoast SEO plugin. -->","yoast_head_json":{"title":"Service ~ Ca' Dell\u2019Arte Suite ~","description":"Taxi priv\u00e9: Nous mettons \u00e0 la disposition de nos clients un bateau-taxi priv\u00e9 avec prise en charge \u00e0 l'a\u00e9roport Marco Polo, \u00e0 la gare S. Lucia, \u00e0 Piazzale Roma et au port.  Pour plus d'informations sur le tarif contactez-nous!  &nbsp;  Sans gluten: Les troubles de l'alimentation sont de plus en plus fr\u00e9quents, un appel ou un simple message whatsapp quelques jours avant suffira \u00e0 r\u00e9pondre \u00e0 vos besoins!","robots":{"index":"index","follow":"follow","max-snippet":"max-snippet:-1","max-image-preview":"max-image-preview:large","max-video-preview":"max-video-preview:-1"},"canonical":"https:\/\/www.cadellartesuite.com\/fr\/service\/","og_locale":"fr_FR","og_type":"article","og_title":"Service ~ Ca' Dell\u2019Arte Suite ~","og_description":"Taxi priv\u00e9: Nous mettons \u00e0 la disposition de nos clients un bateau-taxi priv\u00e9 avec prise en charge \u00e0 l'a\u00e9roport Marco Polo, \u00e0 la gare S. Lucia, \u00e0 Piazzale Roma et au port.  Pour plus d'informations sur le tarif contactez-nous!  &nbsp;  Sans gluten: Les troubles de l'alimentation sont de plus en plus fr\u00e9quents, un appel ou un simple message whatsapp quelques jours avant suffira \u00e0 r\u00e9pondre \u00e0 vos besoins!","og_url":"https:\/\/www.cadellartesuite.com\/fr\/service\/","og_site_name":"Ca' Dell\u2019Arte Suite","article_modified_time":"2021-08-27T10:16:48+00:00","twitter_card":"summary_large_image","twitter_misc":{"Dur\u00e9e de lecture estim\u00e9e":"1 minute"},"schema":{"@context":"https:\/\/schema.org","@graph":[{"@type":"WebPage","@id":"https:\/\/www.cadellartesuite.com\/fr\/service\/","url":"https:\/\/www.cadellartesuite.com\/fr\/service\/","name":"Service ~ Ca' Dell\u2019Arte Suite ~","isPartOf":{"@id":"https:\/\/www.cadellartesuite.com\/fr\/#website"},"datePublished":"2021-06-10T07:53:46+00:00","dateModified":"2021-08-27T10:16:48+00:00","description":"Taxi priv\u00e9: Nous mettons \u00e0 la disposition de nos clients un bateau-taxi priv\u00e9 avec prise en charge \u00e0 l'a\u00e9roport Marco Polo, \u00e0 la gare S. Lucia, \u00e0 Piazzale Roma et au port. Pour plus d'informations sur le tarif contactez-nous! &nbsp; Sans gluten: Les troubles de l'alimentation sont de plus en plus fr\u00e9quents, un appel ou un simple message whatsapp quelques jours avant suffira \u00e0 r\u00e9pondre \u00e0 vos besoins!","breadcrumb":{"@id":"https:\/\/www.cadellartesuite.com\/fr\/service\/#breadcrumb"},"inLanguage":"fr-FR","potentialAction":[{"@type":"ReadAction","target":["https:\/\/www.cadellartesuite.com\/fr\/service\/"]}]},{"@type":"BreadcrumbList","@id":"https:\/\/www.cadellartesuite.com\/fr\/service\/#breadcrumb","itemListElement":[{"@type":"ListItem","position":1,"name":"Home","item":"https:\/\/www.cadellartesuite.com\/fr\/"},{"@type":"ListItem","position":2,"name":"Service"}]},{"@type":"WebSite","@id":"https:\/\/www.cadellartesuite.com\/fr\/#website","url":"https:\/\/www.cadellartesuite.com\/fr\/","name":"Ca' Dell\u2019Arte Suite","description":"Ecco un altro sito ms.decms.eu","potentialAction":[{"@type":"SearchAction","target":{"@type":"EntryPoint","urlTemplate":"https:\/\/www.cadellartesuite.com\/fr\/?s={search_term_string}"},"query-input":{"@type":"PropertyValueSpecification","valueRequired":true,"valueName":"search_term_string"}}],"inLanguage":"fr-FR"}]}},"acf":[],"_links":{"self":[{"href":"https:\/\/www.cadellartesuite.com\/fr\/wp-json\/wp\/v2\/pages\/329","targetHints":{"allow":["GET"]}}],"collection":[{"href":"https:\/\/www.cadellartesuite.com\/fr\/wp-json\/wp\/v2\/pages"}],"about":[{"href":"https:\/\/www.cadellartesuite.com\/fr\/wp-json\/wp\/v2\/types\/page"}],"author":[{"embeddable":true,"href":"https:\/\/www.cadellartesuite.com\/fr\/wp-json\/wp\/v2\/users\/13"}],"replies":[{"embeddable":true,"href":"https:\/\/www.cadellartesuite.com\/fr\/wp-json\/wp\/v2\/comments?post=329"}],"version-history":[{"count":0,"href":"https:\/\/www.cadellartesuite.com\/fr\/wp-json\/wp\/v2\/pages\/329\/revisions"}],"wp:attachment":[{"href":"https:\/\/www.cadellartesuite.com\/fr\/wp-json\/wp\/v2\/media?parent=329"}],"curies":[{"name":"wp","href":"https:\/\/api.w.org\/{rel}","templated":true}]}}