{"id":351,"date":"2021-07-05T10:53:44","date_gmt":"2021-07-05T08:53:44","guid":{"rendered":"https:\/\/cadellartesuite.ms.decms.eu\/?page_id=351"},"modified":"2021-07-05T10:53:44","modified_gmt":"2021-07-05T08:53:44","slug":"arrivee-en-train","status":"publish","type":"page","link":"https:\/\/www.cadellartesuite.com\/fr\/ou-nous-sommes\/arrivee-en-train\/","title":{"rendered":"Arriv\u00e9e en train"},"content":{"rendered":"<p>S\u2019il vous pla\u00eet assurez-vous que votre train arrive \u00e0 la gare de Venise Santa Lucia et non \u00e0 la gare de Venise &#8211; Mestre sinon vous devrez prendre un train suppl\u00e9mentaire pour Venise.<\/p>\n<p>Si vous arrivez ensuite \u00e0 la gare de Venise Santa Lucia, vous descendez les marches de la gare, sur votre gauche, vous pouvez prendre un taxi nautique de service public (bande jaune) qui en environ 15\/20 minutes vous m\u00e8nera directement aux suites ou avec la ligne de vaporetto publique 2 (saison estivale uniquement) ou la ligne 1 (toute l\u2019ann\u00e9e) vers Rialto &#8211; San Marco qui vous emm\u00e8nera en environ 35 minutes \u00e0 l\u2019arr\u00eat de San Marco Vallaresso et d\u2019o\u00f9 vous continuerez pendant 10 minutes \u00e0 pied.<\/p>\n","protected":false},"excerpt":{"rendered":"<p>S\u2019il vous pla\u00eet assurez-vous que votre train arrive \u00e0 la gare de Venise Santa Lucia et non \u00e0 la gare de Venise &#8211; Mestre sinon vous devrez prendre un train suppl\u00e9mentaire pour Venise. Si vous arrivez ensuite \u00e0 la gare de Venise Santa Lucia, vous descendez les marches de la gare, sur votre gauche, vous [&hellip;]<\/p>\n","protected":false},"author":13,"featured_media":0,"parent":276,"menu_order":40,"comment_status":"closed","ping_status":"closed","template":"","meta":{"footnotes":""},"class_list":["post-351","page","type-page","status-publish","hentry"],"yoast_head":"<!-- This site is optimized with the Yoast SEO plugin v26.9 - https:\/\/yoast.com\/product\/yoast-seo-wordpress\/ -->\n<title>Arriv\u00e9e en train ~ Ca&#039; Dell\u2019Arte Suite ~<\/title>\n<meta name=\"description\" content=\"S\u2019il vous pla\u00eet assurez-vous que votre train arrive \u00e0 la gare de Venise Santa Lucia et non \u00e0 la gare de Venise - Mestre sinon vous devrez prendre un train suppl\u00e9mentaire pour Venise.  Si vous arrivez ensuite \u00e0 la gare de Venise Santa Lucia, vous descendez les marches de la gare, sur votre gauche, vous pouvez prendre un taxi nautique de service public (bande jaune) qui en environ 15\/20 minutes vous m\u00e8nera directement aux suites ou avec la ligne de vaporetto publique 2 (saison estivale uniquement) ou la ligne 1 (toute l\u2019ann\u00e9e) vers Rialto - San Marco qui vous emm\u00e8nera en environ 35 minutes \u00e0 l\u2019arr\u00eat de San Marco Vallaresso et d\u2019o\u00f9 vous continuerez pendant 10 minutes \u00e0 pied..\" \/>\n<meta name=\"robots\" content=\"index, follow, max-snippet:-1, max-image-preview:large, max-video-preview:-1\" \/>\n<link rel=\"canonical\" href=\"https:\/\/www.cadellartesuite.com\/fr\/ou-nous-sommes\/arrivee-en-train\/\" \/>\n<meta property=\"og:locale\" content=\"fr_FR\" \/>\n<meta property=\"og:type\" content=\"article\" \/>\n<meta property=\"og:title\" content=\"Arriv\u00e9e en train ~ Ca&#039; Dell\u2019Arte Suite ~\" \/>\n<meta property=\"og:description\" content=\"S\u2019il vous pla\u00eet assurez-vous que votre train arrive \u00e0 la gare de Venise Santa Lucia et non \u00e0 la gare de Venise - Mestre sinon vous devrez prendre un train suppl\u00e9mentaire pour Venise.  Si vous arrivez ensuite \u00e0 la gare de Venise Santa Lucia, vous descendez les marches de la gare, sur votre gauche, vous pouvez prendre un taxi nautique de service public (bande jaune) qui en environ 15\/20 minutes vous m\u00e8nera directement aux suites ou avec la ligne de vaporetto publique 2 (saison estivale uniquement) ou la ligne 1 (toute l\u2019ann\u00e9e) vers Rialto - San Marco qui vous emm\u00e8nera en environ 35 minutes \u00e0 l\u2019arr\u00eat de San Marco Vallaresso et d\u2019o\u00f9 vous continuerez pendant 10 minutes \u00e0 pied..\" \/>\n<meta property=\"og:url\" content=\"https:\/\/www.cadellartesuite.com\/fr\/ou-nous-sommes\/arrivee-en-train\/\" \/>\n<meta property=\"og:site_name\" content=\"Ca&#039; Dell\u2019Arte Suite\" \/>\n<meta name=\"twitter:card\" content=\"summary_large_image\" \/>\n<meta name=\"twitter:label1\" content=\"Dur\u00e9e de lecture estim\u00e9e\" \/>\n\t<meta name=\"twitter:data1\" content=\"1 minute\" \/>\n<script type=\"application\/ld+json\" class=\"yoast-schema-graph\">{\"@context\":\"https:\/\/schema.org\",\"@graph\":[{\"@type\":\"WebPage\",\"@id\":\"https:\/\/www.cadellartesuite.com\/fr\/ou-nous-sommes\/arrivee-en-train\/\",\"url\":\"https:\/\/www.cadellartesuite.com\/fr\/ou-nous-sommes\/arrivee-en-train\/\",\"name\":\"Arriv\u00e9e en train ~ Ca' Dell\u2019Arte Suite ~\",\"isPartOf\":{\"@id\":\"https:\/\/www.cadellartesuite.com\/fr\/#website\"},\"datePublished\":\"2021-07-05T08:53:44+00:00\",\"description\":\"S\u2019il vous pla\u00eet assurez-vous que votre train arrive \u00e0 la gare de Venise Santa Lucia et non \u00e0 la gare de Venise - Mestre sinon vous devrez prendre un train suppl\u00e9mentaire pour Venise. Si vous arrivez ensuite \u00e0 la gare de Venise Santa Lucia, vous descendez les marches de la gare, sur votre gauche, vous pouvez prendre un taxi nautique de service public (bande jaune) qui en environ 15\/20 minutes vous m\u00e8nera directement aux suites ou avec la ligne de vaporetto publique 2 (saison estivale uniquement) ou la ligne 1 (toute l\u2019ann\u00e9e) vers Rialto - San Marco qui vous emm\u00e8nera en environ 35 minutes \u00e0 l\u2019arr\u00eat de San Marco Vallaresso et d\u2019o\u00f9 vous continuerez pendant 10 minutes \u00e0 pied..\",\"breadcrumb\":{\"@id\":\"https:\/\/www.cadellartesuite.com\/fr\/ou-nous-sommes\/arrivee-en-train\/#breadcrumb\"},\"inLanguage\":\"fr-FR\",\"potentialAction\":[{\"@type\":\"ReadAction\",\"target\":[\"https:\/\/www.cadellartesuite.com\/fr\/ou-nous-sommes\/arrivee-en-train\/\"]}]},{\"@type\":\"BreadcrumbList\",\"@id\":\"https:\/\/www.cadellartesuite.com\/fr\/ou-nous-sommes\/arrivee-en-train\/#breadcrumb\",\"itemListElement\":[{\"@type\":\"ListItem\",\"position\":1,\"name\":\"Home\",\"item\":\"https:\/\/www.cadellartesuite.com\/fr\/\"},{\"@type\":\"ListItem\",\"position\":2,\"name\":\"O\u00f9 nous sommes\",\"item\":\"https:\/\/www.cadellartesuite.com\/fr\/ou-nous-sommes\/\"},{\"@type\":\"ListItem\",\"position\":3,\"name\":\"Arriv\u00e9e en train\"}]},{\"@type\":\"WebSite\",\"@id\":\"https:\/\/www.cadellartesuite.com\/fr\/#website\",\"url\":\"https:\/\/www.cadellartesuite.com\/fr\/\",\"name\":\"Ca' Dell\u2019Arte Suite\",\"description\":\"Ecco un altro sito ms.decms.eu\",\"potentialAction\":[{\"@type\":\"SearchAction\",\"target\":{\"@type\":\"EntryPoint\",\"urlTemplate\":\"https:\/\/www.cadellartesuite.com\/fr\/?s={search_term_string}\"},\"query-input\":{\"@type\":\"PropertyValueSpecification\",\"valueRequired\":true,\"valueName\":\"search_term_string\"}}],\"inLanguage\":\"fr-FR\"}]}<\/script>\n<!-- \/ Yoast SEO plugin. -->","yoast_head_json":{"title":"Arriv\u00e9e en train ~ Ca' Dell\u2019Arte Suite ~","description":"S\u2019il vous pla\u00eet assurez-vous que votre train arrive \u00e0 la gare de Venise Santa Lucia et non \u00e0 la gare de Venise - Mestre sinon vous devrez prendre un train suppl\u00e9mentaire pour Venise.  Si vous arrivez ensuite \u00e0 la gare de Venise Santa Lucia, vous descendez les marches de la gare, sur votre gauche, vous pouvez prendre un taxi nautique de service public (bande jaune) qui en environ 15\/20 minutes vous m\u00e8nera directement aux suites ou avec la ligne de vaporetto publique 2 (saison estivale uniquement) ou la ligne 1 (toute l\u2019ann\u00e9e) vers Rialto - San Marco qui vous emm\u00e8nera en environ 35 minutes \u00e0 l\u2019arr\u00eat de San Marco Vallaresso et d\u2019o\u00f9 vous continuerez pendant 10 minutes \u00e0 pied..","robots":{"index":"index","follow":"follow","max-snippet":"max-snippet:-1","max-image-preview":"max-image-preview:large","max-video-preview":"max-video-preview:-1"},"canonical":"https:\/\/www.cadellartesuite.com\/fr\/ou-nous-sommes\/arrivee-en-train\/","og_locale":"fr_FR","og_type":"article","og_title":"Arriv\u00e9e en train ~ Ca' Dell\u2019Arte Suite ~","og_description":"S\u2019il vous pla\u00eet assurez-vous que votre train arrive \u00e0 la gare de Venise Santa Lucia et non \u00e0 la gare de Venise - Mestre sinon vous devrez prendre un train suppl\u00e9mentaire pour Venise.  Si vous arrivez ensuite \u00e0 la gare de Venise Santa Lucia, vous descendez les marches de la gare, sur votre gauche, vous pouvez prendre un taxi nautique de service public (bande jaune) qui en environ 15\/20 minutes vous m\u00e8nera directement aux suites ou avec la ligne de vaporetto publique 2 (saison estivale uniquement) ou la ligne 1 (toute l\u2019ann\u00e9e) vers Rialto - San Marco qui vous emm\u00e8nera en environ 35 minutes \u00e0 l\u2019arr\u00eat de San Marco Vallaresso et d\u2019o\u00f9 vous continuerez pendant 10 minutes \u00e0 pied..","og_url":"https:\/\/www.cadellartesuite.com\/fr\/ou-nous-sommes\/arrivee-en-train\/","og_site_name":"Ca' Dell\u2019Arte Suite","twitter_card":"summary_large_image","twitter_misc":{"Dur\u00e9e de lecture estim\u00e9e":"1 minute"},"schema":{"@context":"https:\/\/schema.org","@graph":[{"@type":"WebPage","@id":"https:\/\/www.cadellartesuite.com\/fr\/ou-nous-sommes\/arrivee-en-train\/","url":"https:\/\/www.cadellartesuite.com\/fr\/ou-nous-sommes\/arrivee-en-train\/","name":"Arriv\u00e9e en train ~ Ca' Dell\u2019Arte Suite ~","isPartOf":{"@id":"https:\/\/www.cadellartesuite.com\/fr\/#website"},"datePublished":"2021-07-05T08:53:44+00:00","description":"S\u2019il vous pla\u00eet assurez-vous que votre train arrive \u00e0 la gare de Venise Santa Lucia et non \u00e0 la gare de Venise - Mestre sinon vous devrez prendre un train suppl\u00e9mentaire pour Venise. Si vous arrivez ensuite \u00e0 la gare de Venise Santa Lucia, vous descendez les marches de la gare, sur votre gauche, vous pouvez prendre un taxi nautique de service public (bande jaune) qui en environ 15\/20 minutes vous m\u00e8nera directement aux suites ou avec la ligne de vaporetto publique 2 (saison estivale uniquement) ou la ligne 1 (toute l\u2019ann\u00e9e) vers Rialto - San Marco qui vous emm\u00e8nera en environ 35 minutes \u00e0 l\u2019arr\u00eat de San Marco Vallaresso et d\u2019o\u00f9 vous continuerez pendant 10 minutes \u00e0 pied..","breadcrumb":{"@id":"https:\/\/www.cadellartesuite.com\/fr\/ou-nous-sommes\/arrivee-en-train\/#breadcrumb"},"inLanguage":"fr-FR","potentialAction":[{"@type":"ReadAction","target":["https:\/\/www.cadellartesuite.com\/fr\/ou-nous-sommes\/arrivee-en-train\/"]}]},{"@type":"BreadcrumbList","@id":"https:\/\/www.cadellartesuite.com\/fr\/ou-nous-sommes\/arrivee-en-train\/#breadcrumb","itemListElement":[{"@type":"ListItem","position":1,"name":"Home","item":"https:\/\/www.cadellartesuite.com\/fr\/"},{"@type":"ListItem","position":2,"name":"O\u00f9 nous sommes","item":"https:\/\/www.cadellartesuite.com\/fr\/ou-nous-sommes\/"},{"@type":"ListItem","position":3,"name":"Arriv\u00e9e en train"}]},{"@type":"WebSite","@id":"https:\/\/www.cadellartesuite.com\/fr\/#website","url":"https:\/\/www.cadellartesuite.com\/fr\/","name":"Ca' Dell\u2019Arte Suite","description":"Ecco un altro sito ms.decms.eu","potentialAction":[{"@type":"SearchAction","target":{"@type":"EntryPoint","urlTemplate":"https:\/\/www.cadellartesuite.com\/fr\/?s={search_term_string}"},"query-input":{"@type":"PropertyValueSpecification","valueRequired":true,"valueName":"search_term_string"}}],"inLanguage":"fr-FR"}]}},"acf":[],"_links":{"self":[{"href":"https:\/\/www.cadellartesuite.com\/fr\/wp-json\/wp\/v2\/pages\/351","targetHints":{"allow":["GET"]}}],"collection":[{"href":"https:\/\/www.cadellartesuite.com\/fr\/wp-json\/wp\/v2\/pages"}],"about":[{"href":"https:\/\/www.cadellartesuite.com\/fr\/wp-json\/wp\/v2\/types\/page"}],"author":[{"embeddable":true,"href":"https:\/\/www.cadellartesuite.com\/fr\/wp-json\/wp\/v2\/users\/13"}],"replies":[{"embeddable":true,"href":"https:\/\/www.cadellartesuite.com\/fr\/wp-json\/wp\/v2\/comments?post=351"}],"version-history":[{"count":0,"href":"https:\/\/www.cadellartesuite.com\/fr\/wp-json\/wp\/v2\/pages\/351\/revisions"}],"up":[{"embeddable":true,"href":"https:\/\/www.cadellartesuite.com\/fr\/wp-json\/wp\/v2\/pages\/276"}],"wp:attachment":[{"href":"https:\/\/www.cadellartesuite.com\/fr\/wp-json\/wp\/v2\/media?parent=351"}],"curies":[{"name":"wp","href":"https:\/\/api.w.org\/{rel}","templated":true}]}}