{"id":352,"date":"2021-07-05T10:53:57","date_gmt":"2021-07-05T08:53:57","guid":{"rendered":"https:\/\/cadellartesuite.ms.decms.eu\/?page_id=352"},"modified":"2021-07-05T10:53:57","modified_gmt":"2021-07-05T08:53:57","slug":"arrivee-par-bateau","status":"publish","type":"page","link":"https:\/\/www.cadellartesuite.com\/fr\/ou-nous-sommes\/arrivee-par-bateau\/","title":{"rendered":"Arriv\u00e9e par bateau"},"content":{"rendered":"<p>Pour nous rejoindre depuis le terminal de croisi\u00e8re (normalement pour MSC, Costa, Carnival, P &amp;O, Princess, Cunard, Aida, etc.), vous pouvez prendre un bateau-taxi de service public (bande jaune) de l\u2019atterrissage flottant \u00e0 proximit\u00e9 qui, en environ 15\/20 minutes, vous m\u00e8nera directement aux suites; ou marchez jusqu\u2019\u00e0 l\u2019arr\u00eat de train \u00ab People Mover \u00bb \u00e0 proximit\u00e9, prenez-le et rendez-vous \u00e0 Piazzale Roma et de l\u00e0, prenez la ligne de vaporetto publique 2 ligne 2 (saison estivale uniquement) ou la ligne 1 (toute l\u2019ann\u00e9e) qui arrive en environ 35 minutes \u00e0 l\u2019arr\u00eat San Marco Vallaresso.<\/p>\n<p>Pour nous rejoindre depuis le terminal San Basilio (normalement pour venezialines, Windstar, Yachts Charter, Club Med) depuis la jet\u00e9e flottante voisine de l\u2019ACTV, vous pouvez prendre un bateau-taxi priv\u00e9 confortable (bande jaune) qui vous m\u00e8nera directement aux suites ou \u00e0 la ligne de vaporetto public 2 en direction de San Marco qui vous m\u00e8nera en environ 25 minutes \u00e0 l\u2019arr\u00eat San Marco Vallaresso et d\u2019o\u00f9 vous continuerez pendant 10 minutes \u00e0 pied.<\/p>\n","protected":false},"excerpt":{"rendered":"<p>Pour nous rejoindre depuis le terminal de croisi\u00e8re (normalement pour MSC, Costa, Carnival, P &amp;O, Princess, Cunard, Aida, etc.), vous pouvez prendre un bateau-taxi de service public (bande jaune) de l\u2019atterrissage flottant \u00e0 proximit\u00e9 qui, en environ 15\/20 minutes, vous m\u00e8nera directement aux suites; ou marchez jusqu\u2019\u00e0 l\u2019arr\u00eat de train \u00ab People Mover \u00bb \u00e0 [&hellip;]<\/p>\n","protected":false},"author":13,"featured_media":0,"parent":276,"menu_order":50,"comment_status":"closed","ping_status":"closed","template":"","meta":{"footnotes":""},"class_list":["post-352","page","type-page","status-publish","hentry"],"yoast_head":"<!-- This site is optimized with the Yoast SEO plugin v26.9 - https:\/\/yoast.com\/product\/yoast-seo-wordpress\/ -->\n<title>Arriv\u00e9e par bateau ~ Ca&#039; Dell\u2019Arte Suite ~<\/title>\n<meta name=\"description\" content=\"Pour nous rejoindre depuis le terminal de croisi\u00e8re (normalement pour MSC, Costa, Carnival, P &amp;O, Princess, Cunard, Aida, etc.), vous pouvez prendre un bateau-taxi de service public (bande jaune) de l\u2019atterrissage flottant \u00e0 proximit\u00e9 qui, en environ 15\/20 minutes, vous m\u00e8nera directement aux suites; ou marchez jusqu\u2019\u00e0 l\u2019arr\u00eat de train \u00ab People Mover \u00bb \u00e0 proximit\u00e9, prenez-le et rendez-vous \u00e0 Piazzale Roma et de l\u00e0, prenez la ligne de vaporetto publique 2 ligne 2 (saison estivale uniquement) ou la ligne 1 (toute l\u2019ann\u00e9e) qui arrive en environ 35 minutes \u00e0 l\u2019arr\u00eat San Marco Vallaresso.  Pour nous rejoindre depuis le terminal San Basilio (normalement pour venezialines, Windstar, Yachts Charter, Club Med) depuis la jet\u00e9e flottante voisine de l\u2019ACTV, vous pouvez prendre un bateau-taxi priv\u00e9 confortable (bande jaune) qui vous m\u00e8nera directement aux suites ou \u00e0 la ligne de vaporetto public 2 en direction de San Marco qui vous m\u00e8nera en environ 25 minutes \u00e0 l\u2019arr\u00eat San Marco Vallaresso et d\u2019o\u00f9 vous continuerez pendant 10 minutes \u00e0 pied..\" \/>\n<meta name=\"robots\" content=\"index, follow, max-snippet:-1, max-image-preview:large, max-video-preview:-1\" \/>\n<link rel=\"canonical\" href=\"https:\/\/www.cadellartesuite.com\/fr\/ou-nous-sommes\/arrivee-par-bateau\/\" \/>\n<meta property=\"og:locale\" content=\"fr_FR\" \/>\n<meta property=\"og:type\" content=\"article\" \/>\n<meta property=\"og:title\" content=\"Arriv\u00e9e par bateau ~ Ca&#039; Dell\u2019Arte Suite ~\" \/>\n<meta property=\"og:description\" content=\"Pour nous rejoindre depuis le terminal de croisi\u00e8re (normalement pour MSC, Costa, Carnival, P &amp;O, Princess, Cunard, Aida, etc.), vous pouvez prendre un bateau-taxi de service public (bande jaune) de l\u2019atterrissage flottant \u00e0 proximit\u00e9 qui, en environ 15\/20 minutes, vous m\u00e8nera directement aux suites; ou marchez jusqu\u2019\u00e0 l\u2019arr\u00eat de train \u00ab People Mover \u00bb \u00e0 proximit\u00e9, prenez-le et rendez-vous \u00e0 Piazzale Roma et de l\u00e0, prenez la ligne de vaporetto publique 2 ligne 2 (saison estivale uniquement) ou la ligne 1 (toute l\u2019ann\u00e9e) qui arrive en environ 35 minutes \u00e0 l\u2019arr\u00eat San Marco Vallaresso.  Pour nous rejoindre depuis le terminal San Basilio (normalement pour venezialines, Windstar, Yachts Charter, Club Med) depuis la jet\u00e9e flottante voisine de l\u2019ACTV, vous pouvez prendre un bateau-taxi priv\u00e9 confortable (bande jaune) qui vous m\u00e8nera directement aux suites ou \u00e0 la ligne de vaporetto public 2 en direction de San Marco qui vous m\u00e8nera en environ 25 minutes \u00e0 l\u2019arr\u00eat San Marco Vallaresso et d\u2019o\u00f9 vous continuerez pendant 10 minutes \u00e0 pied..\" \/>\n<meta property=\"og:url\" content=\"https:\/\/www.cadellartesuite.com\/fr\/ou-nous-sommes\/arrivee-par-bateau\/\" \/>\n<meta property=\"og:site_name\" content=\"Ca&#039; Dell\u2019Arte Suite\" \/>\n<meta name=\"twitter:card\" content=\"summary_large_image\" \/>\n<meta name=\"twitter:label1\" content=\"Dur\u00e9e de lecture estim\u00e9e\" \/>\n\t<meta name=\"twitter:data1\" content=\"1 minute\" \/>\n<script type=\"application\/ld+json\" class=\"yoast-schema-graph\">{\"@context\":\"https:\/\/schema.org\",\"@graph\":[{\"@type\":\"WebPage\",\"@id\":\"https:\/\/www.cadellartesuite.com\/fr\/ou-nous-sommes\/arrivee-par-bateau\/\",\"url\":\"https:\/\/www.cadellartesuite.com\/fr\/ou-nous-sommes\/arrivee-par-bateau\/\",\"name\":\"Arriv\u00e9e par bateau ~ Ca' Dell\u2019Arte Suite ~\",\"isPartOf\":{\"@id\":\"https:\/\/www.cadellartesuite.com\/fr\/#website\"},\"datePublished\":\"2021-07-05T08:53:57+00:00\",\"description\":\"Pour nous rejoindre depuis le terminal de croisi\u00e8re (normalement pour MSC, Costa, Carnival, P &amp;O, Princess, Cunard, Aida, etc.), vous pouvez prendre un bateau-taxi de service public (bande jaune) de l\u2019atterrissage flottant \u00e0 proximit\u00e9 qui, en environ 15\/20 minutes, vous m\u00e8nera directement aux suites; ou marchez jusqu\u2019\u00e0 l\u2019arr\u00eat de train \u00ab People Mover \u00bb \u00e0 proximit\u00e9, prenez-le et rendez-vous \u00e0 Piazzale Roma et de l\u00e0, prenez la ligne de vaporetto publique 2 ligne 2 (saison estivale uniquement) ou la ligne 1 (toute l\u2019ann\u00e9e) qui arrive en environ 35 minutes \u00e0 l\u2019arr\u00eat San Marco Vallaresso. Pour nous rejoindre depuis le terminal San Basilio (normalement pour venezialines, Windstar, Yachts Charter, Club Med) depuis la jet\u00e9e flottante voisine de l\u2019ACTV, vous pouvez prendre un bateau-taxi priv\u00e9 confortable (bande jaune) qui vous m\u00e8nera directement aux suites ou \u00e0 la ligne de vaporetto public 2 en direction de San Marco qui vous m\u00e8nera en environ 25 minutes \u00e0 l\u2019arr\u00eat San Marco Vallaresso et d\u2019o\u00f9 vous continuerez pendant 10 minutes \u00e0 pied..\",\"breadcrumb\":{\"@id\":\"https:\/\/www.cadellartesuite.com\/fr\/ou-nous-sommes\/arrivee-par-bateau\/#breadcrumb\"},\"inLanguage\":\"fr-FR\",\"potentialAction\":[{\"@type\":\"ReadAction\",\"target\":[\"https:\/\/www.cadellartesuite.com\/fr\/ou-nous-sommes\/arrivee-par-bateau\/\"]}]},{\"@type\":\"BreadcrumbList\",\"@id\":\"https:\/\/www.cadellartesuite.com\/fr\/ou-nous-sommes\/arrivee-par-bateau\/#breadcrumb\",\"itemListElement\":[{\"@type\":\"ListItem\",\"position\":1,\"name\":\"Home\",\"item\":\"https:\/\/www.cadellartesuite.com\/fr\/\"},{\"@type\":\"ListItem\",\"position\":2,\"name\":\"O\u00f9 nous sommes\",\"item\":\"https:\/\/www.cadellartesuite.com\/fr\/ou-nous-sommes\/\"},{\"@type\":\"ListItem\",\"position\":3,\"name\":\"Arriv\u00e9e par bateau\"}]},{\"@type\":\"WebSite\",\"@id\":\"https:\/\/www.cadellartesuite.com\/fr\/#website\",\"url\":\"https:\/\/www.cadellartesuite.com\/fr\/\",\"name\":\"Ca' Dell\u2019Arte Suite\",\"description\":\"Ecco un altro sito ms.decms.eu\",\"potentialAction\":[{\"@type\":\"SearchAction\",\"target\":{\"@type\":\"EntryPoint\",\"urlTemplate\":\"https:\/\/www.cadellartesuite.com\/fr\/?s={search_term_string}\"},\"query-input\":{\"@type\":\"PropertyValueSpecification\",\"valueRequired\":true,\"valueName\":\"search_term_string\"}}],\"inLanguage\":\"fr-FR\"}]}<\/script>\n<!-- \/ Yoast SEO plugin. -->","yoast_head_json":{"title":"Arriv\u00e9e par bateau ~ Ca' Dell\u2019Arte Suite ~","description":"Pour nous rejoindre depuis le terminal de croisi\u00e8re (normalement pour MSC, Costa, Carnival, P &amp;O, Princess, Cunard, Aida, etc.), vous pouvez prendre un bateau-taxi de service public (bande jaune) de l\u2019atterrissage flottant \u00e0 proximit\u00e9 qui, en environ 15\/20 minutes, vous m\u00e8nera directement aux suites; ou marchez jusqu\u2019\u00e0 l\u2019arr\u00eat de train \u00ab People Mover \u00bb \u00e0 proximit\u00e9, prenez-le et rendez-vous \u00e0 Piazzale Roma et de l\u00e0, prenez la ligne de vaporetto publique 2 ligne 2 (saison estivale uniquement) ou la ligne 1 (toute l\u2019ann\u00e9e) qui arrive en environ 35 minutes \u00e0 l\u2019arr\u00eat San Marco Vallaresso.  Pour nous rejoindre depuis le terminal San Basilio (normalement pour venezialines, Windstar, Yachts Charter, Club Med) depuis la jet\u00e9e flottante voisine de l\u2019ACTV, vous pouvez prendre un bateau-taxi priv\u00e9 confortable (bande jaune) qui vous m\u00e8nera directement aux suites ou \u00e0 la ligne de vaporetto public 2 en direction de San Marco qui vous m\u00e8nera en environ 25 minutes \u00e0 l\u2019arr\u00eat San Marco Vallaresso et d\u2019o\u00f9 vous continuerez pendant 10 minutes \u00e0 pied..","robots":{"index":"index","follow":"follow","max-snippet":"max-snippet:-1","max-image-preview":"max-image-preview:large","max-video-preview":"max-video-preview:-1"},"canonical":"https:\/\/www.cadellartesuite.com\/fr\/ou-nous-sommes\/arrivee-par-bateau\/","og_locale":"fr_FR","og_type":"article","og_title":"Arriv\u00e9e par bateau ~ Ca' Dell\u2019Arte Suite ~","og_description":"Pour nous rejoindre depuis le terminal de croisi\u00e8re (normalement pour MSC, Costa, Carnival, P &amp;O, Princess, Cunard, Aida, etc.), vous pouvez prendre un bateau-taxi de service public (bande jaune) de l\u2019atterrissage flottant \u00e0 proximit\u00e9 qui, en environ 15\/20 minutes, vous m\u00e8nera directement aux suites; ou marchez jusqu\u2019\u00e0 l\u2019arr\u00eat de train \u00ab People Mover \u00bb \u00e0 proximit\u00e9, prenez-le et rendez-vous \u00e0 Piazzale Roma et de l\u00e0, prenez la ligne de vaporetto publique 2 ligne 2 (saison estivale uniquement) ou la ligne 1 (toute l\u2019ann\u00e9e) qui arrive en environ 35 minutes \u00e0 l\u2019arr\u00eat San Marco Vallaresso.  Pour nous rejoindre depuis le terminal San Basilio (normalement pour venezialines, Windstar, Yachts Charter, Club Med) depuis la jet\u00e9e flottante voisine de l\u2019ACTV, vous pouvez prendre un bateau-taxi priv\u00e9 confortable (bande jaune) qui vous m\u00e8nera directement aux suites ou \u00e0 la ligne de vaporetto public 2 en direction de San Marco qui vous m\u00e8nera en environ 25 minutes \u00e0 l\u2019arr\u00eat San Marco Vallaresso et d\u2019o\u00f9 vous continuerez pendant 10 minutes \u00e0 pied..","og_url":"https:\/\/www.cadellartesuite.com\/fr\/ou-nous-sommes\/arrivee-par-bateau\/","og_site_name":"Ca' Dell\u2019Arte Suite","twitter_card":"summary_large_image","twitter_misc":{"Dur\u00e9e de lecture estim\u00e9e":"1 minute"},"schema":{"@context":"https:\/\/schema.org","@graph":[{"@type":"WebPage","@id":"https:\/\/www.cadellartesuite.com\/fr\/ou-nous-sommes\/arrivee-par-bateau\/","url":"https:\/\/www.cadellartesuite.com\/fr\/ou-nous-sommes\/arrivee-par-bateau\/","name":"Arriv\u00e9e par bateau ~ Ca' Dell\u2019Arte Suite ~","isPartOf":{"@id":"https:\/\/www.cadellartesuite.com\/fr\/#website"},"datePublished":"2021-07-05T08:53:57+00:00","description":"Pour nous rejoindre depuis le terminal de croisi\u00e8re (normalement pour MSC, Costa, Carnival, P &amp;O, Princess, Cunard, Aida, etc.), vous pouvez prendre un bateau-taxi de service public (bande jaune) de l\u2019atterrissage flottant \u00e0 proximit\u00e9 qui, en environ 15\/20 minutes, vous m\u00e8nera directement aux suites; ou marchez jusqu\u2019\u00e0 l\u2019arr\u00eat de train \u00ab People Mover \u00bb \u00e0 proximit\u00e9, prenez-le et rendez-vous \u00e0 Piazzale Roma et de l\u00e0, prenez la ligne de vaporetto publique 2 ligne 2 (saison estivale uniquement) ou la ligne 1 (toute l\u2019ann\u00e9e) qui arrive en environ 35 minutes \u00e0 l\u2019arr\u00eat San Marco Vallaresso. Pour nous rejoindre depuis le terminal San Basilio (normalement pour venezialines, Windstar, Yachts Charter, Club Med) depuis la jet\u00e9e flottante voisine de l\u2019ACTV, vous pouvez prendre un bateau-taxi priv\u00e9 confortable (bande jaune) qui vous m\u00e8nera directement aux suites ou \u00e0 la ligne de vaporetto public 2 en direction de San Marco qui vous m\u00e8nera en environ 25 minutes \u00e0 l\u2019arr\u00eat San Marco Vallaresso et d\u2019o\u00f9 vous continuerez pendant 10 minutes \u00e0 pied..","breadcrumb":{"@id":"https:\/\/www.cadellartesuite.com\/fr\/ou-nous-sommes\/arrivee-par-bateau\/#breadcrumb"},"inLanguage":"fr-FR","potentialAction":[{"@type":"ReadAction","target":["https:\/\/www.cadellartesuite.com\/fr\/ou-nous-sommes\/arrivee-par-bateau\/"]}]},{"@type":"BreadcrumbList","@id":"https:\/\/www.cadellartesuite.com\/fr\/ou-nous-sommes\/arrivee-par-bateau\/#breadcrumb","itemListElement":[{"@type":"ListItem","position":1,"name":"Home","item":"https:\/\/www.cadellartesuite.com\/fr\/"},{"@type":"ListItem","position":2,"name":"O\u00f9 nous sommes","item":"https:\/\/www.cadellartesuite.com\/fr\/ou-nous-sommes\/"},{"@type":"ListItem","position":3,"name":"Arriv\u00e9e par bateau"}]},{"@type":"WebSite","@id":"https:\/\/www.cadellartesuite.com\/fr\/#website","url":"https:\/\/www.cadellartesuite.com\/fr\/","name":"Ca' Dell\u2019Arte Suite","description":"Ecco un altro sito ms.decms.eu","potentialAction":[{"@type":"SearchAction","target":{"@type":"EntryPoint","urlTemplate":"https:\/\/www.cadellartesuite.com\/fr\/?s={search_term_string}"},"query-input":{"@type":"PropertyValueSpecification","valueRequired":true,"valueName":"search_term_string"}}],"inLanguage":"fr-FR"}]}},"acf":[],"_links":{"self":[{"href":"https:\/\/www.cadellartesuite.com\/fr\/wp-json\/wp\/v2\/pages\/352","targetHints":{"allow":["GET"]}}],"collection":[{"href":"https:\/\/www.cadellartesuite.com\/fr\/wp-json\/wp\/v2\/pages"}],"about":[{"href":"https:\/\/www.cadellartesuite.com\/fr\/wp-json\/wp\/v2\/types\/page"}],"author":[{"embeddable":true,"href":"https:\/\/www.cadellartesuite.com\/fr\/wp-json\/wp\/v2\/users\/13"}],"replies":[{"embeddable":true,"href":"https:\/\/www.cadellartesuite.com\/fr\/wp-json\/wp\/v2\/comments?post=352"}],"version-history":[{"count":0,"href":"https:\/\/www.cadellartesuite.com\/fr\/wp-json\/wp\/v2\/pages\/352\/revisions"}],"up":[{"embeddable":true,"href":"https:\/\/www.cadellartesuite.com\/fr\/wp-json\/wp\/v2\/pages\/276"}],"wp:attachment":[{"href":"https:\/\/www.cadellartesuite.com\/fr\/wp-json\/wp\/v2\/media?parent=352"}],"curies":[{"name":"wp","href":"https:\/\/api.w.org\/{rel}","templated":true}]}}