{"id":356,"date":"2021-07-05T11:07:27","date_gmt":"2021-07-05T09:07:27","guid":{"rendered":"https:\/\/cadellartesuite.ms.decms.eu\/?page_id=356"},"modified":"2021-07-05T11:07:27","modified_gmt":"2021-07-05T09:07:27","slug":"musees","status":"publish","type":"page","link":"https:\/\/www.cadellartesuite.com\/fr\/venise-et-ses-environs\/musees\/","title":{"rendered":"Mus\u00e9es"},"content":{"rendered":"<p><strong>Palazzo Ducale:<br \/>\n<\/strong>Le Palais des Doges, anciennement aussi Palais des Doges en tant que si\u00e8ge du Doge, l&rsquo;un des symboles de la ville de Venise et un chef-d&rsquo;\u0153uvre du gothique v\u00e9nitien, est un b\u00e2timent qui se dresse dans la zone monumentale de Piazza San Marco, dans le San Quartier Marco, entre la place du m\u00eame nom et le quai du Palais des Doges, adjacent \u00e0 la basilique de San Marco.<br \/>\n<a href=\"http:\/\/palazzoducale.visitmuve.it\" target=\"_blank\" rel=\"noopener\">palazzoducale.visitmuve.it<\/a><\/p>\n<p>&nbsp;<\/p>\n<p><strong>Museo Correr:<br \/>\n<\/strong>La collection est bas\u00e9e sur la Piazza San Marco depuis 1922, dans les espaces de l&rsquo;aile napol\u00e9onienne et une partie des Procuratie Nuove.<br \/>\n<a href=\"http:\/\/correr.visitmuve.it\" target=\"_blank\" rel=\"noopener\">correr.visitmuve.it<\/a><\/p>\n<p>&nbsp;<\/p>\n<p><strong>Teatro la Fenice :<br \/>\n<\/strong>Le Gran Teatro La Fenice, situ\u00e9 dans le quartier de San Marco \u00e0 Campo San Fantin, est aujourd&rsquo;hui le principal op\u00e9ra de Venise, ainsi que l&rsquo;un des plus prestigieux au monde.<br \/>\n<a href=\"http:\/\/www.teatrolafenice.it\" target=\"_blank\" rel=\"noopener\">www.teatrolafenice.it<\/a><\/p>\n<p>&nbsp;<\/p>\n<p><strong>Peggy Guggenheim :<br \/>\n<\/strong>Peggy Guggenheim, de son vrai nom Marguerite Guggenheim, \u00e9tait une collectionneuse et m\u00e9c\u00e8ne am\u00e9ricaine. Elle \u00e9tait la fille de Benjamin Guggenheim et petit-fils de Solomon R. Guggenheim qui aurait cr\u00e9\u00e9 la fondation homonyme pour la cr\u00e9ation de mus\u00e9es \u00e0 travers le monde.<br \/>\n<a href=\"https:\/\/www.uggenheim-venice.it\" target=\"_blank\" rel=\"noopener\">www.uggenheim-venice.it<\/a><\/p>\n<p>&nbsp;<\/p>\n<p><strong>Palazzo Grassi- Punta della Dogana :<br \/>\n<\/strong>Construit entre 1748 et 1772 par l&rsquo;architecte Giorgio Massari, le Palazzo Grassi est le dernier palais construit sur le Grand Canal avant la chute de la R\u00e9publique de Venise.<br \/>\n<a href=\"https:\/\/www.palazzograssi.it\" target=\"_blank\" rel=\"noopener\">www.palazzograssi.it<\/a><\/p>\n<p>&nbsp;<\/p>\n<p><strong>Gallerie dell\u2019Accademia\u00a0:<br \/>\n<\/strong>La Gallerie dell&rsquo;Accademia de Venise est un mus\u00e9e d&rsquo;\u00c9tat italien. Ils sont situ\u00e9s dans le quartier de Dorsoduro au pied du pont de l&rsquo;Accademia, dans ce qui jusqu&rsquo;au d\u00e9but du XIXe si\u00e8cle \u00e9tait le vaste complexe form\u00e9 par l&rsquo;\u00e9glise de Santa Maria della Carit\u00e0, le couvent des chanoines du Latran et la Scuola Grande di Santa Maria della Charit\u00e9. Ils tirent leur nom de l&rsquo;Acad\u00e9mie des Beaux-Arts qui les ouvre en 1817 et partage leur si\u00e8ge jusqu&rsquo;en 2004.<br \/>\n<a href=\"http:\/\/gallerieaccademia.it\" target=\"_blank\" rel=\"noopener\">gallerieaccademia.it<\/a><\/p>\n<p>&nbsp;<\/p>\n<p><strong>Scala del Bovolo :<br \/>\n<\/strong>Le Palazzo Contarini del Bovolo est un \u00e9difice de style gothique tardif \u00e0 Venise, situ\u00e9 dans le quartier de San Marco, pr\u00e8s de Campo Manin, et surplombant le Rio di San Luca.<br \/>\n<a href=\"http:\/\/www.gioiellinascostidivenezia.it\/i-gioielli\/scala-contarini-del-bovolo\" target=\"_blank\" rel=\"noopener\">www.gioiellinascostidivenezia.it\/i-gioielli\/scala-contarini-del-bovolo<\/a><\/p>\n","protected":false},"excerpt":{"rendered":"<p>Palazzo Ducale: Le Palais des Doges, anciennement aussi Palais des Doges en tant que si\u00e8ge du Doge, l&rsquo;un des symboles de la ville de Venise et un chef-d&rsquo;\u0153uvre du gothique v\u00e9nitien, est un b\u00e2timent qui se dresse dans la zone monumentale de Piazza San Marco, dans le San Quartier Marco, entre la place du m\u00eame [&hellip;]<\/p>\n","protected":false},"author":13,"featured_media":0,"parent":355,"menu_order":10,"comment_status":"closed","ping_status":"closed","template":"","meta":{"footnotes":""},"class_list":["post-356","page","type-page","status-publish","hentry"],"yoast_head":"<!-- This site is optimized with the Yoast SEO plugin v26.9 - https:\/\/yoast.com\/product\/yoast-seo-wordpress\/ -->\n<title>Mus\u00e9es ~ Ca&#039; Dell\u2019Arte Suite ~<\/title>\n<meta name=\"description\" content=\"Palazzo Ducale: Le Palais des Doges, anciennement aussi Palais des Doges en tant que si\u00e8ge du Doge, l&#039;un des symboles de la ville de Venise et un chef-d&#039;\u0153uvre du gothique v\u00e9nitien, est un b\u00e2timent qui se dresse dans la zone monumentale de Piazza San Marco, dans le San Quartier Marco, entre la place du m\u00eame nom et le quai du Palais des Doges, adjacent \u00e0 la basilique de San Marco. palazzoducale.visitmuve.it  &nbsp;  Museo Correr: La collection est bas\u00e9e sur la Piazza San Marco depuis 1922, dans les espaces de l&#039;aile napol\u00e9onienne et une partie des Procuratie Nuove. correr.visitmuve.it  &nbsp;  Teatro la Fenice : Le Gran Teatro La Fenice, situ\u00e9 dans le quartier de San Marco \u00e0 Campo San Fantin, est aujourd&#039;hui le principal op\u00e9ra de Venise, ainsi que l&#039;un des plus prestigieux au monde. www.teatrolafenice.it  &nbsp;  Peggy Guggenheim : Peggy Guggenheim, de son vrai nom Marguerite Guggenheim, \u00e9tait une collectionneuse et m\u00e9c\u00e8ne am\u00e9ricaine. Elle \u00e9tait la fille de Benjamin Guggenheim et petit-fils de Solomon R\" \/>\n<meta name=\"robots\" content=\"index, follow, max-snippet:-1, max-image-preview:large, max-video-preview:-1\" \/>\n<link rel=\"canonical\" href=\"https:\/\/www.cadellartesuite.com\/fr\/venise-et-ses-environs\/musees\/\" \/>\n<meta property=\"og:locale\" content=\"fr_FR\" \/>\n<meta property=\"og:type\" content=\"article\" \/>\n<meta property=\"og:title\" content=\"Mus\u00e9es ~ Ca&#039; Dell\u2019Arte Suite ~\" \/>\n<meta property=\"og:description\" content=\"Palazzo Ducale: Le Palais des Doges, anciennement aussi Palais des Doges en tant que si\u00e8ge du Doge, l&#039;un des symboles de la ville de Venise et un chef-d&#039;\u0153uvre du gothique v\u00e9nitien, est un b\u00e2timent qui se dresse dans la zone monumentale de Piazza San Marco, dans le San Quartier Marco, entre la place du m\u00eame nom et le quai du Palais des Doges, adjacent \u00e0 la basilique de San Marco. palazzoducale.visitmuve.it  &nbsp;  Museo Correr: La collection est bas\u00e9e sur la Piazza San Marco depuis 1922, dans les espaces de l&#039;aile napol\u00e9onienne et une partie des Procuratie Nuove. correr.visitmuve.it  &nbsp;  Teatro la Fenice : Le Gran Teatro La Fenice, situ\u00e9 dans le quartier de San Marco \u00e0 Campo San Fantin, est aujourd&#039;hui le principal op\u00e9ra de Venise, ainsi que l&#039;un des plus prestigieux au monde. www.teatrolafenice.it  &nbsp;  Peggy Guggenheim : Peggy Guggenheim, de son vrai nom Marguerite Guggenheim, \u00e9tait une collectionneuse et m\u00e9c\u00e8ne am\u00e9ricaine. Elle \u00e9tait la fille de Benjamin Guggenheim et petit-fils de Solomon R\" \/>\n<meta property=\"og:url\" content=\"https:\/\/www.cadellartesuite.com\/fr\/venise-et-ses-environs\/musees\/\" \/>\n<meta property=\"og:site_name\" content=\"Ca&#039; Dell\u2019Arte Suite\" \/>\n<meta name=\"twitter:card\" content=\"summary_large_image\" \/>\n<meta name=\"twitter:label1\" content=\"Dur\u00e9e de lecture estim\u00e9e\" \/>\n\t<meta name=\"twitter:data1\" content=\"2 minutes\" \/>\n<script type=\"application\/ld+json\" class=\"yoast-schema-graph\">{\"@context\":\"https:\/\/schema.org\",\"@graph\":[{\"@type\":\"WebPage\",\"@id\":\"https:\/\/www.cadellartesuite.com\/fr\/venise-et-ses-environs\/musees\/\",\"url\":\"https:\/\/www.cadellartesuite.com\/fr\/venise-et-ses-environs\/musees\/\",\"name\":\"Mus\u00e9es ~ Ca' Dell\u2019Arte Suite ~\",\"isPartOf\":{\"@id\":\"https:\/\/www.cadellartesuite.com\/fr\/#website\"},\"datePublished\":\"2021-07-05T09:07:27+00:00\",\"description\":\"Palazzo Ducale: Le Palais des Doges, anciennement aussi Palais des Doges en tant que si\u00e8ge du Doge, l'un des symboles de la ville de Venise et un chef-d'\u0153uvre du gothique v\u00e9nitien, est un b\u00e2timent qui se dresse dans la zone monumentale de Piazza San Marco, dans le San Quartier Marco, entre la place du m\u00eame nom et le quai du Palais des Doges, adjacent \u00e0 la basilique de San Marco. palazzoducale.visitmuve.it &nbsp; Museo Correr: La collection est bas\u00e9e sur la Piazza San Marco depuis 1922, dans les espaces de l'aile napol\u00e9onienne et une partie des Procuratie Nuove. correr.visitmuve.it &nbsp; Teatro la Fenice : Le Gran Teatro La Fenice, situ\u00e9 dans le quartier de San Marco \u00e0 Campo San Fantin, est aujourd'hui le principal op\u00e9ra de Venise, ainsi que l'un des plus prestigieux au monde. www.teatrolafenice.it &nbsp; Peggy Guggenheim : Peggy Guggenheim, de son vrai nom Marguerite Guggenheim, \u00e9tait une collectionneuse et m\u00e9c\u00e8ne am\u00e9ricaine. Elle \u00e9tait la fille de Benjamin Guggenheim et petit-fils de Solomon R\",\"breadcrumb\":{\"@id\":\"https:\/\/www.cadellartesuite.com\/fr\/venise-et-ses-environs\/musees\/#breadcrumb\"},\"inLanguage\":\"fr-FR\",\"potentialAction\":[{\"@type\":\"ReadAction\",\"target\":[\"https:\/\/www.cadellartesuite.com\/fr\/venise-et-ses-environs\/musees\/\"]}]},{\"@type\":\"BreadcrumbList\",\"@id\":\"https:\/\/www.cadellartesuite.com\/fr\/venise-et-ses-environs\/musees\/#breadcrumb\",\"itemListElement\":[{\"@type\":\"ListItem\",\"position\":1,\"name\":\"Home\",\"item\":\"https:\/\/www.cadellartesuite.com\/fr\/\"},{\"@type\":\"ListItem\",\"position\":2,\"name\":\"Venise et ses environs\",\"item\":\"https:\/\/www.cadellartesuite.com\/fr\/venise-et-ses-environs\/\"},{\"@type\":\"ListItem\",\"position\":3,\"name\":\"Mus\u00e9es\"}]},{\"@type\":\"WebSite\",\"@id\":\"https:\/\/www.cadellartesuite.com\/fr\/#website\",\"url\":\"https:\/\/www.cadellartesuite.com\/fr\/\",\"name\":\"Ca' Dell\u2019Arte Suite\",\"description\":\"Ecco un altro sito ms.decms.eu\",\"potentialAction\":[{\"@type\":\"SearchAction\",\"target\":{\"@type\":\"EntryPoint\",\"urlTemplate\":\"https:\/\/www.cadellartesuite.com\/fr\/?s={search_term_string}\"},\"query-input\":{\"@type\":\"PropertyValueSpecification\",\"valueRequired\":true,\"valueName\":\"search_term_string\"}}],\"inLanguage\":\"fr-FR\"}]}<\/script>\n<!-- \/ Yoast SEO plugin. -->","yoast_head_json":{"title":"Mus\u00e9es ~ Ca' Dell\u2019Arte Suite ~","description":"Palazzo Ducale: Le Palais des Doges, anciennement aussi Palais des Doges en tant que si\u00e8ge du Doge, l'un des symboles de la ville de Venise et un chef-d'\u0153uvre du gothique v\u00e9nitien, est un b\u00e2timent qui se dresse dans la zone monumentale de Piazza San Marco, dans le San Quartier Marco, entre la place du m\u00eame nom et le quai du Palais des Doges, adjacent \u00e0 la basilique de San Marco. palazzoducale.visitmuve.it  &nbsp;  Museo Correr: La collection est bas\u00e9e sur la Piazza San Marco depuis 1922, dans les espaces de l'aile napol\u00e9onienne et une partie des Procuratie Nuove. correr.visitmuve.it  &nbsp;  Teatro la Fenice : Le Gran Teatro La Fenice, situ\u00e9 dans le quartier de San Marco \u00e0 Campo San Fantin, est aujourd'hui le principal op\u00e9ra de Venise, ainsi que l'un des plus prestigieux au monde. www.teatrolafenice.it  &nbsp;  Peggy Guggenheim : Peggy Guggenheim, de son vrai nom Marguerite Guggenheim, \u00e9tait une collectionneuse et m\u00e9c\u00e8ne am\u00e9ricaine. Elle \u00e9tait la fille de Benjamin Guggenheim et petit-fils de Solomon R","robots":{"index":"index","follow":"follow","max-snippet":"max-snippet:-1","max-image-preview":"max-image-preview:large","max-video-preview":"max-video-preview:-1"},"canonical":"https:\/\/www.cadellartesuite.com\/fr\/venise-et-ses-environs\/musees\/","og_locale":"fr_FR","og_type":"article","og_title":"Mus\u00e9es ~ Ca' Dell\u2019Arte Suite ~","og_description":"Palazzo Ducale: Le Palais des Doges, anciennement aussi Palais des Doges en tant que si\u00e8ge du Doge, l'un des symboles de la ville de Venise et un chef-d'\u0153uvre du gothique v\u00e9nitien, est un b\u00e2timent qui se dresse dans la zone monumentale de Piazza San Marco, dans le San Quartier Marco, entre la place du m\u00eame nom et le quai du Palais des Doges, adjacent \u00e0 la basilique de San Marco. palazzoducale.visitmuve.it  &nbsp;  Museo Correr: La collection est bas\u00e9e sur la Piazza San Marco depuis 1922, dans les espaces de l'aile napol\u00e9onienne et une partie des Procuratie Nuove. correr.visitmuve.it  &nbsp;  Teatro la Fenice : Le Gran Teatro La Fenice, situ\u00e9 dans le quartier de San Marco \u00e0 Campo San Fantin, est aujourd'hui le principal op\u00e9ra de Venise, ainsi que l'un des plus prestigieux au monde. www.teatrolafenice.it  &nbsp;  Peggy Guggenheim : Peggy Guggenheim, de son vrai nom Marguerite Guggenheim, \u00e9tait une collectionneuse et m\u00e9c\u00e8ne am\u00e9ricaine. Elle \u00e9tait la fille de Benjamin Guggenheim et petit-fils de Solomon R","og_url":"https:\/\/www.cadellartesuite.com\/fr\/venise-et-ses-environs\/musees\/","og_site_name":"Ca' Dell\u2019Arte Suite","twitter_card":"summary_large_image","twitter_misc":{"Dur\u00e9e de lecture estim\u00e9e":"2 minutes"},"schema":{"@context":"https:\/\/schema.org","@graph":[{"@type":"WebPage","@id":"https:\/\/www.cadellartesuite.com\/fr\/venise-et-ses-environs\/musees\/","url":"https:\/\/www.cadellartesuite.com\/fr\/venise-et-ses-environs\/musees\/","name":"Mus\u00e9es ~ Ca' Dell\u2019Arte Suite ~","isPartOf":{"@id":"https:\/\/www.cadellartesuite.com\/fr\/#website"},"datePublished":"2021-07-05T09:07:27+00:00","description":"Palazzo Ducale: Le Palais des Doges, anciennement aussi Palais des Doges en tant que si\u00e8ge du Doge, l'un des symboles de la ville de Venise et un chef-d'\u0153uvre du gothique v\u00e9nitien, est un b\u00e2timent qui se dresse dans la zone monumentale de Piazza San Marco, dans le San Quartier Marco, entre la place du m\u00eame nom et le quai du Palais des Doges, adjacent \u00e0 la basilique de San Marco. palazzoducale.visitmuve.it &nbsp; Museo Correr: La collection est bas\u00e9e sur la Piazza San Marco depuis 1922, dans les espaces de l'aile napol\u00e9onienne et une partie des Procuratie Nuove. correr.visitmuve.it &nbsp; Teatro la Fenice : Le Gran Teatro La Fenice, situ\u00e9 dans le quartier de San Marco \u00e0 Campo San Fantin, est aujourd'hui le principal op\u00e9ra de Venise, ainsi que l'un des plus prestigieux au monde. www.teatrolafenice.it &nbsp; Peggy Guggenheim : Peggy Guggenheim, de son vrai nom Marguerite Guggenheim, \u00e9tait une collectionneuse et m\u00e9c\u00e8ne am\u00e9ricaine. Elle \u00e9tait la fille de Benjamin Guggenheim et petit-fils de Solomon R","breadcrumb":{"@id":"https:\/\/www.cadellartesuite.com\/fr\/venise-et-ses-environs\/musees\/#breadcrumb"},"inLanguage":"fr-FR","potentialAction":[{"@type":"ReadAction","target":["https:\/\/www.cadellartesuite.com\/fr\/venise-et-ses-environs\/musees\/"]}]},{"@type":"BreadcrumbList","@id":"https:\/\/www.cadellartesuite.com\/fr\/venise-et-ses-environs\/musees\/#breadcrumb","itemListElement":[{"@type":"ListItem","position":1,"name":"Home","item":"https:\/\/www.cadellartesuite.com\/fr\/"},{"@type":"ListItem","position":2,"name":"Venise et ses environs","item":"https:\/\/www.cadellartesuite.com\/fr\/venise-et-ses-environs\/"},{"@type":"ListItem","position":3,"name":"Mus\u00e9es"}]},{"@type":"WebSite","@id":"https:\/\/www.cadellartesuite.com\/fr\/#website","url":"https:\/\/www.cadellartesuite.com\/fr\/","name":"Ca' Dell\u2019Arte Suite","description":"Ecco un altro sito ms.decms.eu","potentialAction":[{"@type":"SearchAction","target":{"@type":"EntryPoint","urlTemplate":"https:\/\/www.cadellartesuite.com\/fr\/?s={search_term_string}"},"query-input":{"@type":"PropertyValueSpecification","valueRequired":true,"valueName":"search_term_string"}}],"inLanguage":"fr-FR"}]}},"acf":[],"_links":{"self":[{"href":"https:\/\/www.cadellartesuite.com\/fr\/wp-json\/wp\/v2\/pages\/356","targetHints":{"allow":["GET"]}}],"collection":[{"href":"https:\/\/www.cadellartesuite.com\/fr\/wp-json\/wp\/v2\/pages"}],"about":[{"href":"https:\/\/www.cadellartesuite.com\/fr\/wp-json\/wp\/v2\/types\/page"}],"author":[{"embeddable":true,"href":"https:\/\/www.cadellartesuite.com\/fr\/wp-json\/wp\/v2\/users\/13"}],"replies":[{"embeddable":true,"href":"https:\/\/www.cadellartesuite.com\/fr\/wp-json\/wp\/v2\/comments?post=356"}],"version-history":[{"count":0,"href":"https:\/\/www.cadellartesuite.com\/fr\/wp-json\/wp\/v2\/pages\/356\/revisions"}],"up":[{"embeddable":true,"href":"https:\/\/www.cadellartesuite.com\/fr\/wp-json\/wp\/v2\/pages\/355"}],"wp:attachment":[{"href":"https:\/\/www.cadellartesuite.com\/fr\/wp-json\/wp\/v2\/media?parent=356"}],"curies":[{"name":"wp","href":"https:\/\/api.w.org\/{rel}","templated":true}]}}