{"id":365,"date":"2021-07-05T11:12:38","date_gmt":"2021-07-05T09:12:38","guid":{"rendered":"https:\/\/cadellartesuite.ms.decms.eu\/?page_id=365"},"modified":"2021-07-05T11:12:38","modified_gmt":"2021-07-05T09:12:38","slug":"suite-de-luxe","status":"publish","type":"page","link":"https:\/\/www.cadellartesuite.com\/fr\/nos-suites\/suite-de-luxe\/","title":{"rendered":"Suite de luxe"},"content":{"rendered":"<p><strong>Superficie de la chambre :<\/strong> 86 m\u00b2<\/p>\n<p><strong>Chambre 1 :<\/strong> 1 lit double<br \/>\n<strong>Chambre 2 :<\/strong> 1 lit double<\/p>\n<p>Suite \u00e9l\u00e9gante avec 2 chambres doubles, un salon, une cuisine et une connexion Wi-Fi gratuite.<\/p>\n<p><strong>\u00c9quipements des chambres :<\/strong> coffre-fort, climatisation, fer et table \u00e0 repasser, coin salon, lave-linge, chauffage, entr\u00e9e ind\u00e9pendante, canap\u00e9, parquet ou parquet, armoire\/penderie, douche ou baignoire, s\u00e8che-cheveux, articles de toilette gratuits, toilettes, salle de bain priv\u00e9e, baignoire ou douche, t\u00e9l\u00e9phone, radio, cha\u00eenes satellite, TV \u00e9cran plat, kitchenette, r\u00e9frig\u00e9rateur, micro-ondes, cuisine, coin repas, ustensiles de cuisine, serviettes, linge de maison.<\/p>\n<p>Une connexion Wi-Fi gratuite est disponible dans toutes les chambres.<\/p>\n","protected":false},"excerpt":{"rendered":"<p>Superficie de la chambre : 86 m\u00b2 Chambre 1 : 1 lit double Chambre 2 : 1 lit double Suite \u00e9l\u00e9gante avec 2 chambres doubles, un salon, une cuisine et une connexion Wi-Fi gratuite. \u00c9quipements des chambres : coffre-fort, climatisation, fer et table \u00e0 repasser, coin salon, lave-linge, chauffage, entr\u00e9e ind\u00e9pendante, canap\u00e9, parquet ou parquet, [&hellip;]<\/p>\n","protected":false},"author":13,"featured_media":0,"parent":334,"menu_order":10,"comment_status":"closed","ping_status":"closed","template":"template-single-room.php","meta":{"footnotes":""},"class_list":["post-365","page","type-page","status-publish","hentry"],"yoast_head":"<!-- This site is optimized with the Yoast SEO plugin v26.9 - https:\/\/yoast.com\/product\/yoast-seo-wordpress\/ -->\n<title>Suite de luxe ~ Ca&#039; Dell\u2019Arte Suite ~<\/title>\n<meta name=\"description\" content=\"Superficie de la chambre : 86 m\u00b2  Chambre 1 : 1 lit double Chambre 2 : 1 lit double  Suite \u00e9l\u00e9gante avec 2 chambres doubles, un salon, une cuisine et une connexion Wi-Fi gratuite.  \u00c9quipements des chambres : coffre-fort, climatisation, fer et table \u00e0 repasser, coin salon, lave-linge, chauffage, entr\u00e9e ind\u00e9pendante, canap\u00e9, parquet ou parquet, armoire\/penderie, douche ou baignoire, s\u00e8che-cheveux, articles de toilette gratuits, toilettes, salle de bain priv\u00e9e, baignoire ou douche, t\u00e9l\u00e9phone, radio, cha\u00eenes satellite, TV \u00e9cran plat, kitchenette, r\u00e9frig\u00e9rateur, micro-ondes, cuisine, coin repas, ustensiles de cuisine, serviettes, linge de maison.  Une connexion Wi-Fi gratuite est disponible dans toutes les chambres..\" \/>\n<meta name=\"robots\" content=\"index, follow, max-snippet:-1, max-image-preview:large, max-video-preview:-1\" \/>\n<link rel=\"canonical\" href=\"https:\/\/www.cadellartesuite.com\/fr\/nos-suites\/suite-de-luxe\/\" \/>\n<meta property=\"og:locale\" content=\"fr_FR\" \/>\n<meta property=\"og:type\" content=\"article\" \/>\n<meta property=\"og:title\" content=\"Suite de luxe ~ Ca&#039; Dell\u2019Arte Suite ~\" \/>\n<meta property=\"og:description\" content=\"Superficie de la chambre : 86 m\u00b2  Chambre 1 : 1 lit double Chambre 2 : 1 lit double  Suite \u00e9l\u00e9gante avec 2 chambres doubles, un salon, une cuisine et une connexion Wi-Fi gratuite.  \u00c9quipements des chambres : coffre-fort, climatisation, fer et table \u00e0 repasser, coin salon, lave-linge, chauffage, entr\u00e9e ind\u00e9pendante, canap\u00e9, parquet ou parquet, armoire\/penderie, douche ou baignoire, s\u00e8che-cheveux, articles de toilette gratuits, toilettes, salle de bain priv\u00e9e, baignoire ou douche, t\u00e9l\u00e9phone, radio, cha\u00eenes satellite, TV \u00e9cran plat, kitchenette, r\u00e9frig\u00e9rateur, micro-ondes, cuisine, coin repas, ustensiles de cuisine, serviettes, linge de maison.  Une connexion Wi-Fi gratuite est disponible dans toutes les chambres..\" \/>\n<meta property=\"og:url\" content=\"https:\/\/www.cadellartesuite.com\/fr\/nos-suites\/suite-de-luxe\/\" \/>\n<meta property=\"og:site_name\" content=\"Ca&#039; Dell\u2019Arte Suite\" \/>\n<meta name=\"twitter:card\" content=\"summary_large_image\" \/>\n<meta name=\"twitter:label1\" content=\"Dur\u00e9e de lecture estim\u00e9e\" \/>\n\t<meta name=\"twitter:data1\" content=\"1 minute\" \/>\n<script type=\"application\/ld+json\" class=\"yoast-schema-graph\">{\"@context\":\"https:\/\/schema.org\",\"@graph\":[{\"@type\":\"WebPage\",\"@id\":\"https:\/\/www.cadellartesuite.com\/fr\/nos-suites\/suite-de-luxe\/\",\"url\":\"https:\/\/www.cadellartesuite.com\/fr\/nos-suites\/suite-de-luxe\/\",\"name\":\"Suite de luxe ~ Ca' Dell\u2019Arte Suite ~\",\"isPartOf\":{\"@id\":\"https:\/\/www.cadellartesuite.com\/fr\/#website\"},\"datePublished\":\"2021-07-05T09:12:38+00:00\",\"description\":\"Superficie de la chambre : 86 m\u00b2 Chambre 1 : 1 lit double Chambre 2 : 1 lit double Suite \u00e9l\u00e9gante avec 2 chambres doubles, un salon, une cuisine et une connexion Wi-Fi gratuite. \u00c9quipements des chambres : coffre-fort, climatisation, fer et table \u00e0 repasser, coin salon, lave-linge, chauffage, entr\u00e9e ind\u00e9pendante, canap\u00e9, parquet ou parquet, armoire\/penderie, douche ou baignoire, s\u00e8che-cheveux, articles de toilette gratuits, toilettes, salle de bain priv\u00e9e, baignoire ou douche, t\u00e9l\u00e9phone, radio, cha\u00eenes satellite, TV \u00e9cran plat, kitchenette, r\u00e9frig\u00e9rateur, micro-ondes, cuisine, coin repas, ustensiles de cuisine, serviettes, linge de maison. Une connexion Wi-Fi gratuite est disponible dans toutes les chambres..\",\"breadcrumb\":{\"@id\":\"https:\/\/www.cadellartesuite.com\/fr\/nos-suites\/suite-de-luxe\/#breadcrumb\"},\"inLanguage\":\"fr-FR\",\"potentialAction\":[{\"@type\":\"ReadAction\",\"target\":[\"https:\/\/www.cadellartesuite.com\/fr\/nos-suites\/suite-de-luxe\/\"]}]},{\"@type\":\"BreadcrumbList\",\"@id\":\"https:\/\/www.cadellartesuite.com\/fr\/nos-suites\/suite-de-luxe\/#breadcrumb\",\"itemListElement\":[{\"@type\":\"ListItem\",\"position\":1,\"name\":\"Home\",\"item\":\"https:\/\/www.cadellartesuite.com\/fr\/\"},{\"@type\":\"ListItem\",\"position\":2,\"name\":\"Nos Suites\",\"item\":\"https:\/\/www.cadellartesuite.com\/fr\/nos-suites\/\"},{\"@type\":\"ListItem\",\"position\":3,\"name\":\"Suite de luxe\"}]},{\"@type\":\"WebSite\",\"@id\":\"https:\/\/www.cadellartesuite.com\/fr\/#website\",\"url\":\"https:\/\/www.cadellartesuite.com\/fr\/\",\"name\":\"Ca' Dell\u2019Arte Suite\",\"description\":\"Ecco un altro sito ms.decms.eu\",\"potentialAction\":[{\"@type\":\"SearchAction\",\"target\":{\"@type\":\"EntryPoint\",\"urlTemplate\":\"https:\/\/www.cadellartesuite.com\/fr\/?s={search_term_string}\"},\"query-input\":{\"@type\":\"PropertyValueSpecification\",\"valueRequired\":true,\"valueName\":\"search_term_string\"}}],\"inLanguage\":\"fr-FR\"}]}<\/script>\n<!-- \/ Yoast SEO plugin. -->","yoast_head_json":{"title":"Suite de luxe ~ Ca' Dell\u2019Arte Suite ~","description":"Superficie de la chambre : 86 m\u00b2  Chambre 1 : 1 lit double Chambre 2 : 1 lit double  Suite \u00e9l\u00e9gante avec 2 chambres doubles, un salon, une cuisine et une connexion Wi-Fi gratuite.  \u00c9quipements des chambres : coffre-fort, climatisation, fer et table \u00e0 repasser, coin salon, lave-linge, chauffage, entr\u00e9e ind\u00e9pendante, canap\u00e9, parquet ou parquet, armoire\/penderie, douche ou baignoire, s\u00e8che-cheveux, articles de toilette gratuits, toilettes, salle de bain priv\u00e9e, baignoire ou douche, t\u00e9l\u00e9phone, radio, cha\u00eenes satellite, TV \u00e9cran plat, kitchenette, r\u00e9frig\u00e9rateur, micro-ondes, cuisine, coin repas, ustensiles de cuisine, serviettes, linge de maison.  Une connexion Wi-Fi gratuite est disponible dans toutes les chambres..","robots":{"index":"index","follow":"follow","max-snippet":"max-snippet:-1","max-image-preview":"max-image-preview:large","max-video-preview":"max-video-preview:-1"},"canonical":"https:\/\/www.cadellartesuite.com\/fr\/nos-suites\/suite-de-luxe\/","og_locale":"fr_FR","og_type":"article","og_title":"Suite de luxe ~ Ca' Dell\u2019Arte Suite ~","og_description":"Superficie de la chambre : 86 m\u00b2  Chambre 1 : 1 lit double Chambre 2 : 1 lit double  Suite \u00e9l\u00e9gante avec 2 chambres doubles, un salon, une cuisine et une connexion Wi-Fi gratuite.  \u00c9quipements des chambres : coffre-fort, climatisation, fer et table \u00e0 repasser, coin salon, lave-linge, chauffage, entr\u00e9e ind\u00e9pendante, canap\u00e9, parquet ou parquet, armoire\/penderie, douche ou baignoire, s\u00e8che-cheveux, articles de toilette gratuits, toilettes, salle de bain priv\u00e9e, baignoire ou douche, t\u00e9l\u00e9phone, radio, cha\u00eenes satellite, TV \u00e9cran plat, kitchenette, r\u00e9frig\u00e9rateur, micro-ondes, cuisine, coin repas, ustensiles de cuisine, serviettes, linge de maison.  Une connexion Wi-Fi gratuite est disponible dans toutes les chambres..","og_url":"https:\/\/www.cadellartesuite.com\/fr\/nos-suites\/suite-de-luxe\/","og_site_name":"Ca' Dell\u2019Arte Suite","twitter_card":"summary_large_image","twitter_misc":{"Dur\u00e9e de lecture estim\u00e9e":"1 minute"},"schema":{"@context":"https:\/\/schema.org","@graph":[{"@type":"WebPage","@id":"https:\/\/www.cadellartesuite.com\/fr\/nos-suites\/suite-de-luxe\/","url":"https:\/\/www.cadellartesuite.com\/fr\/nos-suites\/suite-de-luxe\/","name":"Suite de luxe ~ Ca' Dell\u2019Arte Suite ~","isPartOf":{"@id":"https:\/\/www.cadellartesuite.com\/fr\/#website"},"datePublished":"2021-07-05T09:12:38+00:00","description":"Superficie de la chambre : 86 m\u00b2 Chambre 1 : 1 lit double Chambre 2 : 1 lit double Suite \u00e9l\u00e9gante avec 2 chambres doubles, un salon, une cuisine et une connexion Wi-Fi gratuite. \u00c9quipements des chambres : coffre-fort, climatisation, fer et table \u00e0 repasser, coin salon, lave-linge, chauffage, entr\u00e9e ind\u00e9pendante, canap\u00e9, parquet ou parquet, armoire\/penderie, douche ou baignoire, s\u00e8che-cheveux, articles de toilette gratuits, toilettes, salle de bain priv\u00e9e, baignoire ou douche, t\u00e9l\u00e9phone, radio, cha\u00eenes satellite, TV \u00e9cran plat, kitchenette, r\u00e9frig\u00e9rateur, micro-ondes, cuisine, coin repas, ustensiles de cuisine, serviettes, linge de maison. Une connexion Wi-Fi gratuite est disponible dans toutes les chambres..","breadcrumb":{"@id":"https:\/\/www.cadellartesuite.com\/fr\/nos-suites\/suite-de-luxe\/#breadcrumb"},"inLanguage":"fr-FR","potentialAction":[{"@type":"ReadAction","target":["https:\/\/www.cadellartesuite.com\/fr\/nos-suites\/suite-de-luxe\/"]}]},{"@type":"BreadcrumbList","@id":"https:\/\/www.cadellartesuite.com\/fr\/nos-suites\/suite-de-luxe\/#breadcrumb","itemListElement":[{"@type":"ListItem","position":1,"name":"Home","item":"https:\/\/www.cadellartesuite.com\/fr\/"},{"@type":"ListItem","position":2,"name":"Nos Suites","item":"https:\/\/www.cadellartesuite.com\/fr\/nos-suites\/"},{"@type":"ListItem","position":3,"name":"Suite de luxe"}]},{"@type":"WebSite","@id":"https:\/\/www.cadellartesuite.com\/fr\/#website","url":"https:\/\/www.cadellartesuite.com\/fr\/","name":"Ca' Dell\u2019Arte Suite","description":"Ecco un altro sito ms.decms.eu","potentialAction":[{"@type":"SearchAction","target":{"@type":"EntryPoint","urlTemplate":"https:\/\/www.cadellartesuite.com\/fr\/?s={search_term_string}"},"query-input":{"@type":"PropertyValueSpecification","valueRequired":true,"valueName":"search_term_string"}}],"inLanguage":"fr-FR"}]}},"acf":[],"_links":{"self":[{"href":"https:\/\/www.cadellartesuite.com\/fr\/wp-json\/wp\/v2\/pages\/365","targetHints":{"allow":["GET"]}}],"collection":[{"href":"https:\/\/www.cadellartesuite.com\/fr\/wp-json\/wp\/v2\/pages"}],"about":[{"href":"https:\/\/www.cadellartesuite.com\/fr\/wp-json\/wp\/v2\/types\/page"}],"author":[{"embeddable":true,"href":"https:\/\/www.cadellartesuite.com\/fr\/wp-json\/wp\/v2\/users\/13"}],"replies":[{"embeddable":true,"href":"https:\/\/www.cadellartesuite.com\/fr\/wp-json\/wp\/v2\/comments?post=365"}],"version-history":[{"count":0,"href":"https:\/\/www.cadellartesuite.com\/fr\/wp-json\/wp\/v2\/pages\/365\/revisions"}],"up":[{"embeddable":true,"href":"https:\/\/www.cadellartesuite.com\/fr\/wp-json\/wp\/v2\/pages\/334"}],"wp:attachment":[{"href":"https:\/\/www.cadellartesuite.com\/fr\/wp-json\/wp\/v2\/media?parent=365"}],"curies":[{"name":"wp","href":"https:\/\/api.w.org\/{rel}","templated":true}]}}