{"id":366,"date":"2021-07-05T11:13:23","date_gmt":"2021-07-05T09:13:23","guid":{"rendered":"https:\/\/cadellartesuite.ms.decms.eu\/?page_id=366"},"modified":"2025-10-13T13:58:32","modified_gmt":"2025-10-13T11:58:32","slug":"suite-superieure","status":"publish","type":"page","link":"https:\/\/www.cadellartesuite.com\/fr\/nos-suites\/suite-superieure\/","title":{"rendered":"Suite Sup\u00e9rieure"},"content":{"rendered":"<p><strong>Superficie de la chambre :<\/strong> 86 m\u00b2<\/p>\n<p><strong>Chambre 1 :<\/strong> 1 lit double<br \/>\n<strong>Chambre 2 :<\/strong> 2 lits simples<\/p>\n<p>\u00c9l\u00e9gante suite compos\u00e9e de 2 chambres, 1 avec un lit double et 1 avec deux lits simples , un salon spacieux et tr\u00e8s confortable, une salle de bain avec baignoire et une cuisine.<\/p>\n<p><strong>\u00c9quipements des chambres :<\/strong> coffre-fort, climatisation, fer et table \u00e0 repasser, coin salon, lave-linge, chauffage, entr\u00e9e ind\u00e9pendante, canap\u00e9, parquet ou parquet, armoire\/penderie, douche ou baignoire, s\u00e8che-cheveux, articles de toilette gratuits, WC, salle de bain privative, baignoire ou douche, t\u00e9l\u00e9phone, radio, cha\u00eenes satellite, TV \u00e9cran plat, kitchenette, r\u00e9frig\u00e9rateur, micro-ondes, cuisine, coin repas, ustensiles de cuisine, serviettes, linge de maison.<\/p>\n<p>Une connexion Wi-Fi gratuite est disponible dans toutes les chambres.<\/p>\n","protected":false},"excerpt":{"rendered":"<p>Superficie de la chambre : 86 m\u00b2 Chambre 1 : 1 lit double Chambre 2 : 2 lits simples \u00c9l\u00e9gante suite compos\u00e9e de 2 chambres, 1 avec un lit double et 1 avec deux lits simples , un salon spacieux et tr\u00e8s confortable, une salle de bain avec baignoire et une cuisine. \u00c9quipements des chambres [&hellip;]<\/p>\n","protected":false},"author":13,"featured_media":606,"parent":334,"menu_order":20,"comment_status":"closed","ping_status":"closed","template":"template-single-room.php","meta":{"footnotes":""},"class_list":["post-366","page","type-page","status-publish","has-post-thumbnail","hentry"],"yoast_head":"<!-- This site is optimized with the Yoast SEO plugin v26.9 - https:\/\/yoast.com\/product\/yoast-seo-wordpress\/ -->\n<title>Suite Sup\u00e9rieure ~ Ca&#039; Dell\u2019Arte Suite ~<\/title>\n<meta name=\"description\" content=\"Superficie de la chambre : 86 m\u00b2  Chambre 1 : 1 lit double Chambre 2 : 2 lits simples  \u00c9l\u00e9gante suite compos\u00e9e de 2 chambres, 1 avec un lit double et 1 avec deux lits simples , un salon spacieux et tr\u00e8s confortable, une salle de bain avec baignoire et une cuisine.  \u00c9quipements des chambres : coffre-fort, climatisation, fer et table \u00e0 repasser, coin salon, lave-linge, chauffage, entr\u00e9e ind\u00e9pendante, canap\u00e9, parquet ou parquet, armoire\/penderie, douche ou baignoire, s\u00e8che-cheveux, articles de toilette gratuits, WC, salle de bain privative, baignoire ou douche, t\u00e9l\u00e9phone, radio, cha\u00eenes satellite, TV \u00e9cran plat, kitchenette, r\u00e9frig\u00e9rateur, micro-ondes, cuisine, coin repas, ustensiles de cuisine, serviettes, linge de maison.  Une connexion Wi-Fi gratuite est disponible dans toutes les chambres..\" \/>\n<meta name=\"robots\" content=\"index, follow, max-snippet:-1, max-image-preview:large, max-video-preview:-1\" \/>\n<link rel=\"canonical\" href=\"https:\/\/www.cadellartesuite.com\/fr\/nos-suites\/suite-superieure\/\" \/>\n<meta property=\"og:locale\" content=\"fr_FR\" \/>\n<meta property=\"og:type\" content=\"article\" \/>\n<meta property=\"og:title\" content=\"Suite Sup\u00e9rieure ~ Ca&#039; Dell\u2019Arte Suite ~\" \/>\n<meta property=\"og:description\" content=\"Superficie de la chambre : 86 m\u00b2  Chambre 1 : 1 lit double Chambre 2 : 2 lits simples  \u00c9l\u00e9gante suite compos\u00e9e de 2 chambres, 1 avec un lit double et 1 avec deux lits simples , un salon spacieux et tr\u00e8s confortable, une salle de bain avec baignoire et une cuisine.  \u00c9quipements des chambres : coffre-fort, climatisation, fer et table \u00e0 repasser, coin salon, lave-linge, chauffage, entr\u00e9e ind\u00e9pendante, canap\u00e9, parquet ou parquet, armoire\/penderie, douche ou baignoire, s\u00e8che-cheveux, articles de toilette gratuits, WC, salle de bain privative, baignoire ou douche, t\u00e9l\u00e9phone, radio, cha\u00eenes satellite, TV \u00e9cran plat, kitchenette, r\u00e9frig\u00e9rateur, micro-ondes, cuisine, coin repas, ustensiles de cuisine, serviettes, linge de maison.  Une connexion Wi-Fi gratuite est disponible dans toutes les chambres..\" \/>\n<meta property=\"og:url\" content=\"https:\/\/www.cadellartesuite.com\/fr\/nos-suites\/suite-superieure\/\" \/>\n<meta property=\"og:site_name\" content=\"Ca&#039; Dell\u2019Arte Suite\" \/>\n<meta property=\"article:modified_time\" content=\"2025-10-13T11:58:32+00:00\" \/>\n<meta property=\"og:image\" content=\"https:\/\/www.cadellartesuite.com\/wp-content\/uploads\/sites\/289\/2025\/03\/013-1.jpg\" \/>\n\t<meta property=\"og:image:width\" content=\"1799\" \/>\n\t<meta property=\"og:image:height\" content=\"1200\" \/>\n\t<meta property=\"og:image:type\" content=\"image\/jpeg\" \/>\n<meta name=\"twitter:card\" content=\"summary_large_image\" \/>\n<meta name=\"twitter:label1\" content=\"Dur\u00e9e de lecture estim\u00e9e\" \/>\n\t<meta name=\"twitter:data1\" content=\"1 minute\" \/>\n<script type=\"application\/ld+json\" class=\"yoast-schema-graph\">{\"@context\":\"https:\/\/schema.org\",\"@graph\":[{\"@type\":\"WebPage\",\"@id\":\"https:\/\/www.cadellartesuite.com\/fr\/nos-suites\/suite-superieure\/\",\"url\":\"https:\/\/www.cadellartesuite.com\/fr\/nos-suites\/suite-superieure\/\",\"name\":\"Suite Sup\u00e9rieure ~ Ca' Dell\u2019Arte Suite ~\",\"isPartOf\":{\"@id\":\"https:\/\/www.cadellartesuite.com\/fr\/#website\"},\"primaryImageOfPage\":{\"@id\":\"https:\/\/www.cadellartesuite.com\/fr\/nos-suites\/suite-superieure\/#primaryimage\"},\"image\":{\"@id\":\"https:\/\/www.cadellartesuite.com\/fr\/nos-suites\/suite-superieure\/#primaryimage\"},\"thumbnailUrl\":\"https:\/\/www.cadellartesuite.com\/wp-content\/uploads\/sites\/289\/2025\/03\/013-1.jpg\",\"datePublished\":\"2021-07-05T09:13:23+00:00\",\"dateModified\":\"2025-10-13T11:58:32+00:00\",\"description\":\"Superficie de la chambre : 86 m\u00b2 Chambre 1 : 1 lit double Chambre 2 : 2 lits simples \u00c9l\u00e9gante suite compos\u00e9e de 2 chambres, 1 avec un lit double et 1 avec deux lits simples , un salon spacieux et tr\u00e8s confortable, une salle de bain avec baignoire et une cuisine. \u00c9quipements des chambres : coffre-fort, climatisation, fer et table \u00e0 repasser, coin salon, lave-linge, chauffage, entr\u00e9e ind\u00e9pendante, canap\u00e9, parquet ou parquet, armoire\/penderie, douche ou baignoire, s\u00e8che-cheveux, articles de toilette gratuits, WC, salle de bain privative, baignoire ou douche, t\u00e9l\u00e9phone, radio, cha\u00eenes satellite, TV \u00e9cran plat, kitchenette, r\u00e9frig\u00e9rateur, micro-ondes, cuisine, coin repas, ustensiles de cuisine, serviettes, linge de maison. Une connexion Wi-Fi gratuite est disponible dans toutes les chambres..\",\"breadcrumb\":{\"@id\":\"https:\/\/www.cadellartesuite.com\/fr\/nos-suites\/suite-superieure\/#breadcrumb\"},\"inLanguage\":\"fr-FR\",\"potentialAction\":[{\"@type\":\"ReadAction\",\"target\":[\"https:\/\/www.cadellartesuite.com\/fr\/nos-suites\/suite-superieure\/\"]}]},{\"@type\":\"ImageObject\",\"inLanguage\":\"fr-FR\",\"@id\":\"https:\/\/www.cadellartesuite.com\/fr\/nos-suites\/suite-superieure\/#primaryimage\",\"url\":\"https:\/\/www.cadellartesuite.com\/wp-content\/uploads\/sites\/289\/2025\/03\/013-1.jpg\",\"contentUrl\":\"https:\/\/www.cadellartesuite.com\/wp-content\/uploads\/sites\/289\/2025\/03\/013-1.jpg\",\"width\":1799,\"height\":1200},{\"@type\":\"BreadcrumbList\",\"@id\":\"https:\/\/www.cadellartesuite.com\/fr\/nos-suites\/suite-superieure\/#breadcrumb\",\"itemListElement\":[{\"@type\":\"ListItem\",\"position\":1,\"name\":\"Home\",\"item\":\"https:\/\/www.cadellartesuite.com\/fr\/\"},{\"@type\":\"ListItem\",\"position\":2,\"name\":\"Nos Suites\",\"item\":\"https:\/\/www.cadellartesuite.com\/fr\/nos-suites\/\"},{\"@type\":\"ListItem\",\"position\":3,\"name\":\"Suite Sup\u00e9rieure\"}]},{\"@type\":\"WebSite\",\"@id\":\"https:\/\/www.cadellartesuite.com\/fr\/#website\",\"url\":\"https:\/\/www.cadellartesuite.com\/fr\/\",\"name\":\"Ca' Dell\u2019Arte Suite\",\"description\":\"Ecco un altro sito ms.decms.eu\",\"potentialAction\":[{\"@type\":\"SearchAction\",\"target\":{\"@type\":\"EntryPoint\",\"urlTemplate\":\"https:\/\/www.cadellartesuite.com\/fr\/?s={search_term_string}\"},\"query-input\":{\"@type\":\"PropertyValueSpecification\",\"valueRequired\":true,\"valueName\":\"search_term_string\"}}],\"inLanguage\":\"fr-FR\"}]}<\/script>\n<!-- \/ Yoast SEO plugin. -->","yoast_head_json":{"title":"Suite Sup\u00e9rieure ~ Ca' Dell\u2019Arte Suite ~","description":"Superficie de la chambre : 86 m\u00b2  Chambre 1 : 1 lit double Chambre 2 : 2 lits simples  \u00c9l\u00e9gante suite compos\u00e9e de 2 chambres, 1 avec un lit double et 1 avec deux lits simples , un salon spacieux et tr\u00e8s confortable, une salle de bain avec baignoire et une cuisine.  \u00c9quipements des chambres : coffre-fort, climatisation, fer et table \u00e0 repasser, coin salon, lave-linge, chauffage, entr\u00e9e ind\u00e9pendante, canap\u00e9, parquet ou parquet, armoire\/penderie, douche ou baignoire, s\u00e8che-cheveux, articles de toilette gratuits, WC, salle de bain privative, baignoire ou douche, t\u00e9l\u00e9phone, radio, cha\u00eenes satellite, TV \u00e9cran plat, kitchenette, r\u00e9frig\u00e9rateur, micro-ondes, cuisine, coin repas, ustensiles de cuisine, serviettes, linge de maison.  Une connexion Wi-Fi gratuite est disponible dans toutes les chambres..","robots":{"index":"index","follow":"follow","max-snippet":"max-snippet:-1","max-image-preview":"max-image-preview:large","max-video-preview":"max-video-preview:-1"},"canonical":"https:\/\/www.cadellartesuite.com\/fr\/nos-suites\/suite-superieure\/","og_locale":"fr_FR","og_type":"article","og_title":"Suite Sup\u00e9rieure ~ Ca' Dell\u2019Arte Suite ~","og_description":"Superficie de la chambre : 86 m\u00b2  Chambre 1 : 1 lit double Chambre 2 : 2 lits simples  \u00c9l\u00e9gante suite compos\u00e9e de 2 chambres, 1 avec un lit double et 1 avec deux lits simples , un salon spacieux et tr\u00e8s confortable, une salle de bain avec baignoire et une cuisine.  \u00c9quipements des chambres : coffre-fort, climatisation, fer et table \u00e0 repasser, coin salon, lave-linge, chauffage, entr\u00e9e ind\u00e9pendante, canap\u00e9, parquet ou parquet, armoire\/penderie, douche ou baignoire, s\u00e8che-cheveux, articles de toilette gratuits, WC, salle de bain privative, baignoire ou douche, t\u00e9l\u00e9phone, radio, cha\u00eenes satellite, TV \u00e9cran plat, kitchenette, r\u00e9frig\u00e9rateur, micro-ondes, cuisine, coin repas, ustensiles de cuisine, serviettes, linge de maison.  Une connexion Wi-Fi gratuite est disponible dans toutes les chambres..","og_url":"https:\/\/www.cadellartesuite.com\/fr\/nos-suites\/suite-superieure\/","og_site_name":"Ca' Dell\u2019Arte Suite","article_modified_time":"2025-10-13T11:58:32+00:00","og_image":[{"width":1799,"height":1200,"url":"https:\/\/www.cadellartesuite.com\/wp-content\/uploads\/sites\/289\/2025\/03\/013-1.jpg","type":"image\/jpeg"}],"twitter_card":"summary_large_image","twitter_misc":{"Dur\u00e9e de lecture estim\u00e9e":"1 minute"},"schema":{"@context":"https:\/\/schema.org","@graph":[{"@type":"WebPage","@id":"https:\/\/www.cadellartesuite.com\/fr\/nos-suites\/suite-superieure\/","url":"https:\/\/www.cadellartesuite.com\/fr\/nos-suites\/suite-superieure\/","name":"Suite Sup\u00e9rieure ~ Ca' Dell\u2019Arte Suite ~","isPartOf":{"@id":"https:\/\/www.cadellartesuite.com\/fr\/#website"},"primaryImageOfPage":{"@id":"https:\/\/www.cadellartesuite.com\/fr\/nos-suites\/suite-superieure\/#primaryimage"},"image":{"@id":"https:\/\/www.cadellartesuite.com\/fr\/nos-suites\/suite-superieure\/#primaryimage"},"thumbnailUrl":"https:\/\/www.cadellartesuite.com\/wp-content\/uploads\/sites\/289\/2025\/03\/013-1.jpg","datePublished":"2021-07-05T09:13:23+00:00","dateModified":"2025-10-13T11:58:32+00:00","description":"Superficie de la chambre : 86 m\u00b2 Chambre 1 : 1 lit double Chambre 2 : 2 lits simples \u00c9l\u00e9gante suite compos\u00e9e de 2 chambres, 1 avec un lit double et 1 avec deux lits simples , un salon spacieux et tr\u00e8s confortable, une salle de bain avec baignoire et une cuisine. \u00c9quipements des chambres : coffre-fort, climatisation, fer et table \u00e0 repasser, coin salon, lave-linge, chauffage, entr\u00e9e ind\u00e9pendante, canap\u00e9, parquet ou parquet, armoire\/penderie, douche ou baignoire, s\u00e8che-cheveux, articles de toilette gratuits, WC, salle de bain privative, baignoire ou douche, t\u00e9l\u00e9phone, radio, cha\u00eenes satellite, TV \u00e9cran plat, kitchenette, r\u00e9frig\u00e9rateur, micro-ondes, cuisine, coin repas, ustensiles de cuisine, serviettes, linge de maison. Une connexion Wi-Fi gratuite est disponible dans toutes les chambres..","breadcrumb":{"@id":"https:\/\/www.cadellartesuite.com\/fr\/nos-suites\/suite-superieure\/#breadcrumb"},"inLanguage":"fr-FR","potentialAction":[{"@type":"ReadAction","target":["https:\/\/www.cadellartesuite.com\/fr\/nos-suites\/suite-superieure\/"]}]},{"@type":"ImageObject","inLanguage":"fr-FR","@id":"https:\/\/www.cadellartesuite.com\/fr\/nos-suites\/suite-superieure\/#primaryimage","url":"https:\/\/www.cadellartesuite.com\/wp-content\/uploads\/sites\/289\/2025\/03\/013-1.jpg","contentUrl":"https:\/\/www.cadellartesuite.com\/wp-content\/uploads\/sites\/289\/2025\/03\/013-1.jpg","width":1799,"height":1200},{"@type":"BreadcrumbList","@id":"https:\/\/www.cadellartesuite.com\/fr\/nos-suites\/suite-superieure\/#breadcrumb","itemListElement":[{"@type":"ListItem","position":1,"name":"Home","item":"https:\/\/www.cadellartesuite.com\/fr\/"},{"@type":"ListItem","position":2,"name":"Nos Suites","item":"https:\/\/www.cadellartesuite.com\/fr\/nos-suites\/"},{"@type":"ListItem","position":3,"name":"Suite Sup\u00e9rieure"}]},{"@type":"WebSite","@id":"https:\/\/www.cadellartesuite.com\/fr\/#website","url":"https:\/\/www.cadellartesuite.com\/fr\/","name":"Ca' Dell\u2019Arte Suite","description":"Ecco un altro sito ms.decms.eu","potentialAction":[{"@type":"SearchAction","target":{"@type":"EntryPoint","urlTemplate":"https:\/\/www.cadellartesuite.com\/fr\/?s={search_term_string}"},"query-input":{"@type":"PropertyValueSpecification","valueRequired":true,"valueName":"search_term_string"}}],"inLanguage":"fr-FR"}]}},"acf":[],"_links":{"self":[{"href":"https:\/\/www.cadellartesuite.com\/fr\/wp-json\/wp\/v2\/pages\/366","targetHints":{"allow":["GET"]}}],"collection":[{"href":"https:\/\/www.cadellartesuite.com\/fr\/wp-json\/wp\/v2\/pages"}],"about":[{"href":"https:\/\/www.cadellartesuite.com\/fr\/wp-json\/wp\/v2\/types\/page"}],"author":[{"embeddable":true,"href":"https:\/\/www.cadellartesuite.com\/fr\/wp-json\/wp\/v2\/users\/13"}],"replies":[{"embeddable":true,"href":"https:\/\/www.cadellartesuite.com\/fr\/wp-json\/wp\/v2\/comments?post=366"}],"version-history":[{"count":0,"href":"https:\/\/www.cadellartesuite.com\/fr\/wp-json\/wp\/v2\/pages\/366\/revisions"}],"up":[{"embeddable":true,"href":"https:\/\/www.cadellartesuite.com\/fr\/wp-json\/wp\/v2\/pages\/334"}],"wp:featuredmedia":[{"embeddable":true,"href":"https:\/\/www.cadellartesuite.com\/fr\/wp-json\/wp\/v2\/media\/606"}],"wp:attachment":[{"href":"https:\/\/www.cadellartesuite.com\/fr\/wp-json\/wp\/v2\/media?parent=366"}],"curies":[{"name":"wp","href":"https:\/\/api.w.org\/{rel}","templated":true}]}}