{"id":368,"date":"2021-07-05T11:17:32","date_gmt":"2021-07-05T09:17:32","guid":{"rendered":"https:\/\/cadellartesuite.ms.decms.eu\/?page_id=368"},"modified":"2025-10-13T14:19:01","modified_gmt":"2025-10-13T12:19:01","slug":"suite-prestige-dandolo","status":"publish","type":"page","link":"https:\/\/www.cadellartesuite.com\/fr\/nos-suites\/suite-prestige-dandolo\/","title":{"rendered":"Suite Prestige Dandolo"},"content":{"rendered":"<p><strong>Superficie de l&rsquo;appartement :<\/strong> 81 m\u00b2 + 16 m\u00b2 de terrasse<\/p>\n<p>2 chambres doubles avec lit double\/lits jumeaux.<\/p>\n<p>Suite de luxe avec vue sur le clocher et la coupole de la basilique Saint-Marc.<\/p>\n<p><strong>\u00c9quipements de l&rsquo;appartement :<\/strong> terrasse, t\u00e9l\u00e9phone, radio, cha\u00eenes satellite, TV \u00e9cran plat, coffre-fort, climatisation, fer et table \u00e0 repasser, coin s\u00e9jour, lave-linge, chauffage, entr\u00e9e ind\u00e9pendante, canap\u00e9, parquet ou parquet, penderie\/penderie, s\u00e8che-cheveux, articles de toilette gratuits, toilettes, salle de bain priv\u00e9e avec douche, kitchenette, r\u00e9frig\u00e9rateur, micro-ondes, cuisini\u00e8re, ustensiles de cuisine, linge de maison.<\/p>\n<p>Une connexion Wi-Fi gratuite est disponible dans toutes les chambres.<\/p>\n","protected":false},"excerpt":{"rendered":"<p>Superficie de l&rsquo;appartement : 81 m\u00b2 + 16 m\u00b2 de terrasse 2 chambres doubles avec lit double\/lits jumeaux. Suite de luxe avec vue sur le clocher et la coupole de la basilique Saint-Marc. \u00c9quipements de l&rsquo;appartement : terrasse, t\u00e9l\u00e9phone, radio, cha\u00eenes satellite, TV \u00e9cran plat, coffre-fort, climatisation, fer et table \u00e0 repasser, coin s\u00e9jour, lave-linge, [&hellip;]<\/p>\n","protected":false},"author":13,"featured_media":635,"parent":334,"menu_order":40,"comment_status":"closed","ping_status":"closed","template":"template-single-room.php","meta":{"footnotes":""},"class_list":["post-368","page","type-page","status-publish","has-post-thumbnail","hentry"],"yoast_head":"<!-- This site is optimized with the Yoast SEO plugin v26.9 - https:\/\/yoast.com\/product\/yoast-seo-wordpress\/ -->\n<title>Suite Prestige Dandolo ~ Ca&#039; Dell\u2019Arte Suite ~<\/title>\n<meta name=\"description\" content=\"Superficie de l&#039;appartement : 81 m\u00b2 + 16 m\u00b2 de terrasse  2 chambres doubles avec lit double\/lits jumeaux.  Suite de luxe avec vue sur le clocher et la coupole de la basilique Saint-Marc.  \u00c9quipements de l&#039;appartement : terrasse, t\u00e9l\u00e9phone, radio, cha\u00eenes satellite, TV \u00e9cran plat, coffre-fort, climatisation, fer et table \u00e0 repasser, coin s\u00e9jour, lave-linge, chauffage, entr\u00e9e ind\u00e9pendante, canap\u00e9, parquet ou parquet, penderie\/penderie, s\u00e8che-cheveux, articles de toilette gratuits, toilettes, salle de bain priv\u00e9e avec douche, kitchenette, r\u00e9frig\u00e9rateur, micro-ondes, cuisini\u00e8re, ustensiles de cuisine, linge de maison.  Une connexion Wi-Fi gratuite est disponible dans toutes les chambres..\" \/>\n<meta name=\"robots\" content=\"index, follow, max-snippet:-1, max-image-preview:large, max-video-preview:-1\" \/>\n<link rel=\"canonical\" href=\"https:\/\/www.cadellartesuite.com\/fr\/nos-suites\/suite-prestige-dandolo\/\" \/>\n<meta property=\"og:locale\" content=\"fr_FR\" \/>\n<meta property=\"og:type\" content=\"article\" \/>\n<meta property=\"og:title\" content=\"Suite Prestige Dandolo ~ Ca&#039; Dell\u2019Arte Suite ~\" \/>\n<meta property=\"og:description\" content=\"Superficie de l&#039;appartement : 81 m\u00b2 + 16 m\u00b2 de terrasse  2 chambres doubles avec lit double\/lits jumeaux.  Suite de luxe avec vue sur le clocher et la coupole de la basilique Saint-Marc.  \u00c9quipements de l&#039;appartement : terrasse, t\u00e9l\u00e9phone, radio, cha\u00eenes satellite, TV \u00e9cran plat, coffre-fort, climatisation, fer et table \u00e0 repasser, coin s\u00e9jour, lave-linge, chauffage, entr\u00e9e ind\u00e9pendante, canap\u00e9, parquet ou parquet, penderie\/penderie, s\u00e8che-cheveux, articles de toilette gratuits, toilettes, salle de bain priv\u00e9e avec douche, kitchenette, r\u00e9frig\u00e9rateur, micro-ondes, cuisini\u00e8re, ustensiles de cuisine, linge de maison.  Une connexion Wi-Fi gratuite est disponible dans toutes les chambres..\" \/>\n<meta property=\"og:url\" content=\"https:\/\/www.cadellartesuite.com\/fr\/nos-suites\/suite-prestige-dandolo\/\" \/>\n<meta property=\"og:site_name\" content=\"Ca&#039; Dell\u2019Arte Suite\" \/>\n<meta property=\"article:modified_time\" content=\"2025-10-13T12:19:01+00:00\" \/>\n<meta property=\"og:image\" content=\"https:\/\/www.cadellartesuite.com\/wp-content\/uploads\/sites\/289\/2025\/03\/017-1.jpg\" \/>\n\t<meta property=\"og:image:width\" content=\"1799\" \/>\n\t<meta property=\"og:image:height\" content=\"1200\" \/>\n\t<meta property=\"og:image:type\" content=\"image\/jpeg\" \/>\n<meta name=\"twitter:card\" content=\"summary_large_image\" \/>\n<meta name=\"twitter:label1\" content=\"Dur\u00e9e de lecture estim\u00e9e\" \/>\n\t<meta name=\"twitter:data1\" content=\"1 minute\" \/>\n<script type=\"application\/ld+json\" class=\"yoast-schema-graph\">{\"@context\":\"https:\/\/schema.org\",\"@graph\":[{\"@type\":\"WebPage\",\"@id\":\"https:\/\/www.cadellartesuite.com\/fr\/nos-suites\/suite-prestige-dandolo\/\",\"url\":\"https:\/\/www.cadellartesuite.com\/fr\/nos-suites\/suite-prestige-dandolo\/\",\"name\":\"Suite Prestige Dandolo ~ Ca' Dell\u2019Arte Suite ~\",\"isPartOf\":{\"@id\":\"https:\/\/www.cadellartesuite.com\/fr\/#website\"},\"primaryImageOfPage\":{\"@id\":\"https:\/\/www.cadellartesuite.com\/fr\/nos-suites\/suite-prestige-dandolo\/#primaryimage\"},\"image\":{\"@id\":\"https:\/\/www.cadellartesuite.com\/fr\/nos-suites\/suite-prestige-dandolo\/#primaryimage\"},\"thumbnailUrl\":\"https:\/\/www.cadellartesuite.com\/wp-content\/uploads\/sites\/289\/2025\/03\/017-1.jpg\",\"datePublished\":\"2021-07-05T09:17:32+00:00\",\"dateModified\":\"2025-10-13T12:19:01+00:00\",\"description\":\"Superficie de l'appartement : 81 m\u00b2 + 16 m\u00b2 de terrasse 2 chambres doubles avec lit double\/lits jumeaux. Suite de luxe avec vue sur le clocher et la coupole de la basilique Saint-Marc. \u00c9quipements de l'appartement : terrasse, t\u00e9l\u00e9phone, radio, cha\u00eenes satellite, TV \u00e9cran plat, coffre-fort, climatisation, fer et table \u00e0 repasser, coin s\u00e9jour, lave-linge, chauffage, entr\u00e9e ind\u00e9pendante, canap\u00e9, parquet ou parquet, penderie\/penderie, s\u00e8che-cheveux, articles de toilette gratuits, toilettes, salle de bain priv\u00e9e avec douche, kitchenette, r\u00e9frig\u00e9rateur, micro-ondes, cuisini\u00e8re, ustensiles de cuisine, linge de maison. Une connexion Wi-Fi gratuite est disponible dans toutes les chambres..\",\"breadcrumb\":{\"@id\":\"https:\/\/www.cadellartesuite.com\/fr\/nos-suites\/suite-prestige-dandolo\/#breadcrumb\"},\"inLanguage\":\"fr-FR\",\"potentialAction\":[{\"@type\":\"ReadAction\",\"target\":[\"https:\/\/www.cadellartesuite.com\/fr\/nos-suites\/suite-prestige-dandolo\/\"]}]},{\"@type\":\"ImageObject\",\"inLanguage\":\"fr-FR\",\"@id\":\"https:\/\/www.cadellartesuite.com\/fr\/nos-suites\/suite-prestige-dandolo\/#primaryimage\",\"url\":\"https:\/\/www.cadellartesuite.com\/wp-content\/uploads\/sites\/289\/2025\/03\/017-1.jpg\",\"contentUrl\":\"https:\/\/www.cadellartesuite.com\/wp-content\/uploads\/sites\/289\/2025\/03\/017-1.jpg\",\"width\":1799,\"height\":1200},{\"@type\":\"BreadcrumbList\",\"@id\":\"https:\/\/www.cadellartesuite.com\/fr\/nos-suites\/suite-prestige-dandolo\/#breadcrumb\",\"itemListElement\":[{\"@type\":\"ListItem\",\"position\":1,\"name\":\"Home\",\"item\":\"https:\/\/www.cadellartesuite.com\/fr\/\"},{\"@type\":\"ListItem\",\"position\":2,\"name\":\"Nos Suites\",\"item\":\"https:\/\/www.cadellartesuite.com\/fr\/nos-suites\/\"},{\"@type\":\"ListItem\",\"position\":3,\"name\":\"Suite Prestige Dandolo\"}]},{\"@type\":\"WebSite\",\"@id\":\"https:\/\/www.cadellartesuite.com\/fr\/#website\",\"url\":\"https:\/\/www.cadellartesuite.com\/fr\/\",\"name\":\"Ca' Dell\u2019Arte Suite\",\"description\":\"Ecco un altro sito ms.decms.eu\",\"potentialAction\":[{\"@type\":\"SearchAction\",\"target\":{\"@type\":\"EntryPoint\",\"urlTemplate\":\"https:\/\/www.cadellartesuite.com\/fr\/?s={search_term_string}\"},\"query-input\":{\"@type\":\"PropertyValueSpecification\",\"valueRequired\":true,\"valueName\":\"search_term_string\"}}],\"inLanguage\":\"fr-FR\"}]}<\/script>\n<!-- \/ Yoast SEO plugin. -->","yoast_head_json":{"title":"Suite Prestige Dandolo ~ Ca' Dell\u2019Arte Suite ~","description":"Superficie de l'appartement : 81 m\u00b2 + 16 m\u00b2 de terrasse  2 chambres doubles avec lit double\/lits jumeaux.  Suite de luxe avec vue sur le clocher et la coupole de la basilique Saint-Marc.  \u00c9quipements de l'appartement : terrasse, t\u00e9l\u00e9phone, radio, cha\u00eenes satellite, TV \u00e9cran plat, coffre-fort, climatisation, fer et table \u00e0 repasser, coin s\u00e9jour, lave-linge, chauffage, entr\u00e9e ind\u00e9pendante, canap\u00e9, parquet ou parquet, penderie\/penderie, s\u00e8che-cheveux, articles de toilette gratuits, toilettes, salle de bain priv\u00e9e avec douche, kitchenette, r\u00e9frig\u00e9rateur, micro-ondes, cuisini\u00e8re, ustensiles de cuisine, linge de maison.  Une connexion Wi-Fi gratuite est disponible dans toutes les chambres..","robots":{"index":"index","follow":"follow","max-snippet":"max-snippet:-1","max-image-preview":"max-image-preview:large","max-video-preview":"max-video-preview:-1"},"canonical":"https:\/\/www.cadellartesuite.com\/fr\/nos-suites\/suite-prestige-dandolo\/","og_locale":"fr_FR","og_type":"article","og_title":"Suite Prestige Dandolo ~ Ca' Dell\u2019Arte Suite ~","og_description":"Superficie de l'appartement : 81 m\u00b2 + 16 m\u00b2 de terrasse  2 chambres doubles avec lit double\/lits jumeaux.  Suite de luxe avec vue sur le clocher et la coupole de la basilique Saint-Marc.  \u00c9quipements de l'appartement : terrasse, t\u00e9l\u00e9phone, radio, cha\u00eenes satellite, TV \u00e9cran plat, coffre-fort, climatisation, fer et table \u00e0 repasser, coin s\u00e9jour, lave-linge, chauffage, entr\u00e9e ind\u00e9pendante, canap\u00e9, parquet ou parquet, penderie\/penderie, s\u00e8che-cheveux, articles de toilette gratuits, toilettes, salle de bain priv\u00e9e avec douche, kitchenette, r\u00e9frig\u00e9rateur, micro-ondes, cuisini\u00e8re, ustensiles de cuisine, linge de maison.  Une connexion Wi-Fi gratuite est disponible dans toutes les chambres..","og_url":"https:\/\/www.cadellartesuite.com\/fr\/nos-suites\/suite-prestige-dandolo\/","og_site_name":"Ca' Dell\u2019Arte Suite","article_modified_time":"2025-10-13T12:19:01+00:00","og_image":[{"width":1799,"height":1200,"url":"https:\/\/www.cadellartesuite.com\/wp-content\/uploads\/sites\/289\/2025\/03\/017-1.jpg","type":"image\/jpeg"}],"twitter_card":"summary_large_image","twitter_misc":{"Dur\u00e9e de lecture estim\u00e9e":"1 minute"},"schema":{"@context":"https:\/\/schema.org","@graph":[{"@type":"WebPage","@id":"https:\/\/www.cadellartesuite.com\/fr\/nos-suites\/suite-prestige-dandolo\/","url":"https:\/\/www.cadellartesuite.com\/fr\/nos-suites\/suite-prestige-dandolo\/","name":"Suite Prestige Dandolo ~ Ca' Dell\u2019Arte Suite ~","isPartOf":{"@id":"https:\/\/www.cadellartesuite.com\/fr\/#website"},"primaryImageOfPage":{"@id":"https:\/\/www.cadellartesuite.com\/fr\/nos-suites\/suite-prestige-dandolo\/#primaryimage"},"image":{"@id":"https:\/\/www.cadellartesuite.com\/fr\/nos-suites\/suite-prestige-dandolo\/#primaryimage"},"thumbnailUrl":"https:\/\/www.cadellartesuite.com\/wp-content\/uploads\/sites\/289\/2025\/03\/017-1.jpg","datePublished":"2021-07-05T09:17:32+00:00","dateModified":"2025-10-13T12:19:01+00:00","description":"Superficie de l'appartement : 81 m\u00b2 + 16 m\u00b2 de terrasse 2 chambres doubles avec lit double\/lits jumeaux. Suite de luxe avec vue sur le clocher et la coupole de la basilique Saint-Marc. \u00c9quipements de l'appartement : terrasse, t\u00e9l\u00e9phone, radio, cha\u00eenes satellite, TV \u00e9cran plat, coffre-fort, climatisation, fer et table \u00e0 repasser, coin s\u00e9jour, lave-linge, chauffage, entr\u00e9e ind\u00e9pendante, canap\u00e9, parquet ou parquet, penderie\/penderie, s\u00e8che-cheveux, articles de toilette gratuits, toilettes, salle de bain priv\u00e9e avec douche, kitchenette, r\u00e9frig\u00e9rateur, micro-ondes, cuisini\u00e8re, ustensiles de cuisine, linge de maison. Une connexion Wi-Fi gratuite est disponible dans toutes les chambres..","breadcrumb":{"@id":"https:\/\/www.cadellartesuite.com\/fr\/nos-suites\/suite-prestige-dandolo\/#breadcrumb"},"inLanguage":"fr-FR","potentialAction":[{"@type":"ReadAction","target":["https:\/\/www.cadellartesuite.com\/fr\/nos-suites\/suite-prestige-dandolo\/"]}]},{"@type":"ImageObject","inLanguage":"fr-FR","@id":"https:\/\/www.cadellartesuite.com\/fr\/nos-suites\/suite-prestige-dandolo\/#primaryimage","url":"https:\/\/www.cadellartesuite.com\/wp-content\/uploads\/sites\/289\/2025\/03\/017-1.jpg","contentUrl":"https:\/\/www.cadellartesuite.com\/wp-content\/uploads\/sites\/289\/2025\/03\/017-1.jpg","width":1799,"height":1200},{"@type":"BreadcrumbList","@id":"https:\/\/www.cadellartesuite.com\/fr\/nos-suites\/suite-prestige-dandolo\/#breadcrumb","itemListElement":[{"@type":"ListItem","position":1,"name":"Home","item":"https:\/\/www.cadellartesuite.com\/fr\/"},{"@type":"ListItem","position":2,"name":"Nos Suites","item":"https:\/\/www.cadellartesuite.com\/fr\/nos-suites\/"},{"@type":"ListItem","position":3,"name":"Suite Prestige Dandolo"}]},{"@type":"WebSite","@id":"https:\/\/www.cadellartesuite.com\/fr\/#website","url":"https:\/\/www.cadellartesuite.com\/fr\/","name":"Ca' Dell\u2019Arte Suite","description":"Ecco un altro sito ms.decms.eu","potentialAction":[{"@type":"SearchAction","target":{"@type":"EntryPoint","urlTemplate":"https:\/\/www.cadellartesuite.com\/fr\/?s={search_term_string}"},"query-input":{"@type":"PropertyValueSpecification","valueRequired":true,"valueName":"search_term_string"}}],"inLanguage":"fr-FR"}]}},"acf":[],"_links":{"self":[{"href":"https:\/\/www.cadellartesuite.com\/fr\/wp-json\/wp\/v2\/pages\/368","targetHints":{"allow":["GET"]}}],"collection":[{"href":"https:\/\/www.cadellartesuite.com\/fr\/wp-json\/wp\/v2\/pages"}],"about":[{"href":"https:\/\/www.cadellartesuite.com\/fr\/wp-json\/wp\/v2\/types\/page"}],"author":[{"embeddable":true,"href":"https:\/\/www.cadellartesuite.com\/fr\/wp-json\/wp\/v2\/users\/13"}],"replies":[{"embeddable":true,"href":"https:\/\/www.cadellartesuite.com\/fr\/wp-json\/wp\/v2\/comments?post=368"}],"version-history":[{"count":0,"href":"https:\/\/www.cadellartesuite.com\/fr\/wp-json\/wp\/v2\/pages\/368\/revisions"}],"up":[{"embeddable":true,"href":"https:\/\/www.cadellartesuite.com\/fr\/wp-json\/wp\/v2\/pages\/334"}],"wp:featuredmedia":[{"embeddable":true,"href":"https:\/\/www.cadellartesuite.com\/fr\/wp-json\/wp\/v2\/media\/635"}],"wp:attachment":[{"href":"https:\/\/www.cadellartesuite.com\/fr\/wp-json\/wp\/v2\/media?parent=368"}],"curies":[{"name":"wp","href":"https:\/\/api.w.org\/{rel}","templated":true}]}}