{"id":370,"date":"2021-07-05T11:20:09","date_gmt":"2021-07-05T09:20:09","guid":{"rendered":"https:\/\/cadellartesuite.ms.decms.eu\/?page_id=370"},"modified":"2025-10-13T14:40:55","modified_gmt":"2025-10-13T12:40:55","slug":"executive-suite","status":"publish","type":"page","link":"https:\/\/www.cadellartesuite.com\/fr\/nos-suites\/executive-suite\/","title":{"rendered":"Executive Suite"},"content":{"rendered":"<p><strong>Superficie de la chambre :<\/strong> 90 m\u00b2<\/p>\n<p><strong>Chambre 1 :<\/strong> 1 lit double<br \/>\n<strong>Chambre 2 :<\/strong> 2 lits simples<br \/>\n<strong>Chambre 3 :<\/strong> 1 canap\u00e9-lit<\/p>\n<p>\u00c9l\u00e9gante suite \u00e9quip\u00e9e d&rsquo;une chambre double, d&rsquo;une chambre avec deux lits simples et un canap\u00e9-lit, d&rsquo;une salle de bains, d&rsquo;un salon et d&rsquo;une cuisine.<\/p>\n<p><strong>\u00c9quipements des chambres :<\/strong> coffre-fort, climatisation, fer et table \u00e0 repasser, coin salon, lave-linge, chauffage, entr\u00e9e ind\u00e9pendante, canap\u00e9, parquet ou parquet, armoire\/penderie, douche, s\u00e8che-cheveux, articles de toilette gratuits, toilettes, t\u00e9l\u00e9phone, radio, satellite cha\u00eenes, TV \u00e9cran plat, kitchenette, r\u00e9frig\u00e9rateur, micro-ondes, cuisini\u00e8re, coin repas, ustensiles de cuisine, linge de toilette, linge de maison.<\/p>\n<p>Une connexion Wi-Fi gratuite est disponible dans toutes les chambres.<\/p>\n","protected":false},"excerpt":{"rendered":"<p>Superficie de la chambre : 90 m\u00b2 Chambre 1 : 1 lit double Chambre 2 : 2 lits simples Chambre 3 : 1 canap\u00e9-lit \u00c9l\u00e9gante suite \u00e9quip\u00e9e d&rsquo;une chambre double, d&rsquo;une chambre avec deux lits simples et un canap\u00e9-lit, d&rsquo;une salle de bains, d&rsquo;un salon et d&rsquo;une cuisine. \u00c9quipements des chambres : coffre-fort, climatisation, fer [&hellip;]<\/p>\n","protected":false},"author":13,"featured_media":572,"parent":334,"menu_order":50,"comment_status":"closed","ping_status":"closed","template":"template-single-room.php","meta":{"footnotes":""},"class_list":["post-370","page","type-page","status-publish","has-post-thumbnail","hentry"],"yoast_head":"<!-- This site is optimized with the Yoast SEO plugin v26.9 - https:\/\/yoast.com\/product\/yoast-seo-wordpress\/ -->\n<title>Executive Suite ~ Ca&#039; Dell\u2019Arte Suite ~<\/title>\n<meta name=\"description\" content=\"Superficie de la chambre : 90 m\u00b2  Chambre 1 : 1 lit double Chambre 2 : 2 lits simples Chambre 3 : 1 canap\u00e9-lit  \u00c9l\u00e9gante suite \u00e9quip\u00e9e d&#039;une chambre double, d&#039;une chambre avec deux lits simples et un canap\u00e9-lit, d&#039;une salle de bains, d&#039;un salon et d&#039;une cuisine.  \u00c9quipements des chambres : coffre-fort, climatisation, fer et table \u00e0 repasser, coin salon, lave-linge, chauffage, entr\u00e9e ind\u00e9pendante, canap\u00e9, parquet ou parquet, armoire\/penderie, douche, s\u00e8che-cheveux, articles de toilette gratuits, toilettes, t\u00e9l\u00e9phone, radio, satellite cha\u00eenes, TV \u00e9cran plat, kitchenette, r\u00e9frig\u00e9rateur, micro-ondes, cuisini\u00e8re, coin repas, ustensiles de cuisine, linge de toilette, linge de maison.  Une connexion Wi-Fi gratuite est disponible dans toutes les chambres..\" \/>\n<meta name=\"robots\" content=\"index, follow, max-snippet:-1, max-image-preview:large, max-video-preview:-1\" \/>\n<link rel=\"canonical\" href=\"https:\/\/www.cadellartesuite.com\/fr\/nos-suites\/executive-suite\/\" \/>\n<meta property=\"og:locale\" content=\"fr_FR\" \/>\n<meta property=\"og:type\" content=\"article\" \/>\n<meta property=\"og:title\" content=\"Executive Suite ~ Ca&#039; Dell\u2019Arte Suite ~\" \/>\n<meta property=\"og:description\" content=\"Superficie de la chambre : 90 m\u00b2  Chambre 1 : 1 lit double Chambre 2 : 2 lits simples Chambre 3 : 1 canap\u00e9-lit  \u00c9l\u00e9gante suite \u00e9quip\u00e9e d&#039;une chambre double, d&#039;une chambre avec deux lits simples et un canap\u00e9-lit, d&#039;une salle de bains, d&#039;un salon et d&#039;une cuisine.  \u00c9quipements des chambres : coffre-fort, climatisation, fer et table \u00e0 repasser, coin salon, lave-linge, chauffage, entr\u00e9e ind\u00e9pendante, canap\u00e9, parquet ou parquet, armoire\/penderie, douche, s\u00e8che-cheveux, articles de toilette gratuits, toilettes, t\u00e9l\u00e9phone, radio, satellite cha\u00eenes, TV \u00e9cran plat, kitchenette, r\u00e9frig\u00e9rateur, micro-ondes, cuisini\u00e8re, coin repas, ustensiles de cuisine, linge de toilette, linge de maison.  Une connexion Wi-Fi gratuite est disponible dans toutes les chambres..\" \/>\n<meta property=\"og:url\" content=\"https:\/\/www.cadellartesuite.com\/fr\/nos-suites\/executive-suite\/\" \/>\n<meta property=\"og:site_name\" content=\"Ca&#039; Dell\u2019Arte Suite\" \/>\n<meta property=\"article:modified_time\" content=\"2025-10-13T12:40:55+00:00\" \/>\n<meta property=\"og:image\" content=\"https:\/\/www.cadellartesuite.com\/wp-content\/uploads\/sites\/289\/2025\/03\/022.jpg\" \/>\n\t<meta property=\"og:image:width\" content=\"1799\" \/>\n\t<meta property=\"og:image:height\" content=\"1200\" \/>\n\t<meta property=\"og:image:type\" content=\"image\/jpeg\" \/>\n<meta name=\"twitter:card\" content=\"summary_large_image\" \/>\n<meta name=\"twitter:label1\" content=\"Dur\u00e9e de lecture estim\u00e9e\" \/>\n\t<meta name=\"twitter:data1\" content=\"1 minute\" \/>\n<script type=\"application\/ld+json\" class=\"yoast-schema-graph\">{\"@context\":\"https:\/\/schema.org\",\"@graph\":[{\"@type\":\"WebPage\",\"@id\":\"https:\/\/www.cadellartesuite.com\/fr\/nos-suites\/executive-suite\/\",\"url\":\"https:\/\/www.cadellartesuite.com\/fr\/nos-suites\/executive-suite\/\",\"name\":\"Executive Suite ~ Ca' Dell\u2019Arte Suite ~\",\"isPartOf\":{\"@id\":\"https:\/\/www.cadellartesuite.com\/fr\/#website\"},\"primaryImageOfPage\":{\"@id\":\"https:\/\/www.cadellartesuite.com\/fr\/nos-suites\/executive-suite\/#primaryimage\"},\"image\":{\"@id\":\"https:\/\/www.cadellartesuite.com\/fr\/nos-suites\/executive-suite\/#primaryimage\"},\"thumbnailUrl\":\"https:\/\/www.cadellartesuite.com\/wp-content\/uploads\/sites\/289\/2025\/03\/022.jpg\",\"datePublished\":\"2021-07-05T09:20:09+00:00\",\"dateModified\":\"2025-10-13T12:40:55+00:00\",\"description\":\"Superficie de la chambre : 90 m\u00b2 Chambre 1 : 1 lit double Chambre 2 : 2 lits simples Chambre 3 : 1 canap\u00e9-lit \u00c9l\u00e9gante suite \u00e9quip\u00e9e d'une chambre double, d'une chambre avec deux lits simples et un canap\u00e9-lit, d'une salle de bains, d'un salon et d'une cuisine. \u00c9quipements des chambres : coffre-fort, climatisation, fer et table \u00e0 repasser, coin salon, lave-linge, chauffage, entr\u00e9e ind\u00e9pendante, canap\u00e9, parquet ou parquet, armoire\/penderie, douche, s\u00e8che-cheveux, articles de toilette gratuits, toilettes, t\u00e9l\u00e9phone, radio, satellite cha\u00eenes, TV \u00e9cran plat, kitchenette, r\u00e9frig\u00e9rateur, micro-ondes, cuisini\u00e8re, coin repas, ustensiles de cuisine, linge de toilette, linge de maison. Une connexion Wi-Fi gratuite est disponible dans toutes les chambres..\",\"breadcrumb\":{\"@id\":\"https:\/\/www.cadellartesuite.com\/fr\/nos-suites\/executive-suite\/#breadcrumb\"},\"inLanguage\":\"fr-FR\",\"potentialAction\":[{\"@type\":\"ReadAction\",\"target\":[\"https:\/\/www.cadellartesuite.com\/fr\/nos-suites\/executive-suite\/\"]}]},{\"@type\":\"ImageObject\",\"inLanguage\":\"fr-FR\",\"@id\":\"https:\/\/www.cadellartesuite.com\/fr\/nos-suites\/executive-suite\/#primaryimage\",\"url\":\"https:\/\/www.cadellartesuite.com\/wp-content\/uploads\/sites\/289\/2025\/03\/022.jpg\",\"contentUrl\":\"https:\/\/www.cadellartesuite.com\/wp-content\/uploads\/sites\/289\/2025\/03\/022.jpg\",\"width\":1799,\"height\":1200},{\"@type\":\"BreadcrumbList\",\"@id\":\"https:\/\/www.cadellartesuite.com\/fr\/nos-suites\/executive-suite\/#breadcrumb\",\"itemListElement\":[{\"@type\":\"ListItem\",\"position\":1,\"name\":\"Home\",\"item\":\"https:\/\/www.cadellartesuite.com\/fr\/\"},{\"@type\":\"ListItem\",\"position\":2,\"name\":\"Nos Suites\",\"item\":\"https:\/\/www.cadellartesuite.com\/fr\/nos-suites\/\"},{\"@type\":\"ListItem\",\"position\":3,\"name\":\"Executive Suite\"}]},{\"@type\":\"WebSite\",\"@id\":\"https:\/\/www.cadellartesuite.com\/fr\/#website\",\"url\":\"https:\/\/www.cadellartesuite.com\/fr\/\",\"name\":\"Ca' Dell\u2019Arte Suite\",\"description\":\"Ecco un altro sito ms.decms.eu\",\"potentialAction\":[{\"@type\":\"SearchAction\",\"target\":{\"@type\":\"EntryPoint\",\"urlTemplate\":\"https:\/\/www.cadellartesuite.com\/fr\/?s={search_term_string}\"},\"query-input\":{\"@type\":\"PropertyValueSpecification\",\"valueRequired\":true,\"valueName\":\"search_term_string\"}}],\"inLanguage\":\"fr-FR\"}]}<\/script>\n<!-- \/ Yoast SEO plugin. -->","yoast_head_json":{"title":"Executive Suite ~ Ca' Dell\u2019Arte Suite ~","description":"Superficie de la chambre : 90 m\u00b2  Chambre 1 : 1 lit double Chambre 2 : 2 lits simples Chambre 3 : 1 canap\u00e9-lit  \u00c9l\u00e9gante suite \u00e9quip\u00e9e d'une chambre double, d'une chambre avec deux lits simples et un canap\u00e9-lit, d'une salle de bains, d'un salon et d'une cuisine.  \u00c9quipements des chambres : coffre-fort, climatisation, fer et table \u00e0 repasser, coin salon, lave-linge, chauffage, entr\u00e9e ind\u00e9pendante, canap\u00e9, parquet ou parquet, armoire\/penderie, douche, s\u00e8che-cheveux, articles de toilette gratuits, toilettes, t\u00e9l\u00e9phone, radio, satellite cha\u00eenes, TV \u00e9cran plat, kitchenette, r\u00e9frig\u00e9rateur, micro-ondes, cuisini\u00e8re, coin repas, ustensiles de cuisine, linge de toilette, linge de maison.  Une connexion Wi-Fi gratuite est disponible dans toutes les chambres..","robots":{"index":"index","follow":"follow","max-snippet":"max-snippet:-1","max-image-preview":"max-image-preview:large","max-video-preview":"max-video-preview:-1"},"canonical":"https:\/\/www.cadellartesuite.com\/fr\/nos-suites\/executive-suite\/","og_locale":"fr_FR","og_type":"article","og_title":"Executive Suite ~ Ca' Dell\u2019Arte Suite ~","og_description":"Superficie de la chambre : 90 m\u00b2  Chambre 1 : 1 lit double Chambre 2 : 2 lits simples Chambre 3 : 1 canap\u00e9-lit  \u00c9l\u00e9gante suite \u00e9quip\u00e9e d'une chambre double, d'une chambre avec deux lits simples et un canap\u00e9-lit, d'une salle de bains, d'un salon et d'une cuisine.  \u00c9quipements des chambres : coffre-fort, climatisation, fer et table \u00e0 repasser, coin salon, lave-linge, chauffage, entr\u00e9e ind\u00e9pendante, canap\u00e9, parquet ou parquet, armoire\/penderie, douche, s\u00e8che-cheveux, articles de toilette gratuits, toilettes, t\u00e9l\u00e9phone, radio, satellite cha\u00eenes, TV \u00e9cran plat, kitchenette, r\u00e9frig\u00e9rateur, micro-ondes, cuisini\u00e8re, coin repas, ustensiles de cuisine, linge de toilette, linge de maison.  Une connexion Wi-Fi gratuite est disponible dans toutes les chambres..","og_url":"https:\/\/www.cadellartesuite.com\/fr\/nos-suites\/executive-suite\/","og_site_name":"Ca' Dell\u2019Arte Suite","article_modified_time":"2025-10-13T12:40:55+00:00","og_image":[{"width":1799,"height":1200,"url":"https:\/\/www.cadellartesuite.com\/wp-content\/uploads\/sites\/289\/2025\/03\/022.jpg","type":"image\/jpeg"}],"twitter_card":"summary_large_image","twitter_misc":{"Dur\u00e9e de lecture estim\u00e9e":"1 minute"},"schema":{"@context":"https:\/\/schema.org","@graph":[{"@type":"WebPage","@id":"https:\/\/www.cadellartesuite.com\/fr\/nos-suites\/executive-suite\/","url":"https:\/\/www.cadellartesuite.com\/fr\/nos-suites\/executive-suite\/","name":"Executive Suite ~ Ca' Dell\u2019Arte Suite ~","isPartOf":{"@id":"https:\/\/www.cadellartesuite.com\/fr\/#website"},"primaryImageOfPage":{"@id":"https:\/\/www.cadellartesuite.com\/fr\/nos-suites\/executive-suite\/#primaryimage"},"image":{"@id":"https:\/\/www.cadellartesuite.com\/fr\/nos-suites\/executive-suite\/#primaryimage"},"thumbnailUrl":"https:\/\/www.cadellartesuite.com\/wp-content\/uploads\/sites\/289\/2025\/03\/022.jpg","datePublished":"2021-07-05T09:20:09+00:00","dateModified":"2025-10-13T12:40:55+00:00","description":"Superficie de la chambre : 90 m\u00b2 Chambre 1 : 1 lit double Chambre 2 : 2 lits simples Chambre 3 : 1 canap\u00e9-lit \u00c9l\u00e9gante suite \u00e9quip\u00e9e d'une chambre double, d'une chambre avec deux lits simples et un canap\u00e9-lit, d'une salle de bains, d'un salon et d'une cuisine. \u00c9quipements des chambres : coffre-fort, climatisation, fer et table \u00e0 repasser, coin salon, lave-linge, chauffage, entr\u00e9e ind\u00e9pendante, canap\u00e9, parquet ou parquet, armoire\/penderie, douche, s\u00e8che-cheveux, articles de toilette gratuits, toilettes, t\u00e9l\u00e9phone, radio, satellite cha\u00eenes, TV \u00e9cran plat, kitchenette, r\u00e9frig\u00e9rateur, micro-ondes, cuisini\u00e8re, coin repas, ustensiles de cuisine, linge de toilette, linge de maison. Une connexion Wi-Fi gratuite est disponible dans toutes les chambres..","breadcrumb":{"@id":"https:\/\/www.cadellartesuite.com\/fr\/nos-suites\/executive-suite\/#breadcrumb"},"inLanguage":"fr-FR","potentialAction":[{"@type":"ReadAction","target":["https:\/\/www.cadellartesuite.com\/fr\/nos-suites\/executive-suite\/"]}]},{"@type":"ImageObject","inLanguage":"fr-FR","@id":"https:\/\/www.cadellartesuite.com\/fr\/nos-suites\/executive-suite\/#primaryimage","url":"https:\/\/www.cadellartesuite.com\/wp-content\/uploads\/sites\/289\/2025\/03\/022.jpg","contentUrl":"https:\/\/www.cadellartesuite.com\/wp-content\/uploads\/sites\/289\/2025\/03\/022.jpg","width":1799,"height":1200},{"@type":"BreadcrumbList","@id":"https:\/\/www.cadellartesuite.com\/fr\/nos-suites\/executive-suite\/#breadcrumb","itemListElement":[{"@type":"ListItem","position":1,"name":"Home","item":"https:\/\/www.cadellartesuite.com\/fr\/"},{"@type":"ListItem","position":2,"name":"Nos Suites","item":"https:\/\/www.cadellartesuite.com\/fr\/nos-suites\/"},{"@type":"ListItem","position":3,"name":"Executive Suite"}]},{"@type":"WebSite","@id":"https:\/\/www.cadellartesuite.com\/fr\/#website","url":"https:\/\/www.cadellartesuite.com\/fr\/","name":"Ca' Dell\u2019Arte Suite","description":"Ecco un altro sito ms.decms.eu","potentialAction":[{"@type":"SearchAction","target":{"@type":"EntryPoint","urlTemplate":"https:\/\/www.cadellartesuite.com\/fr\/?s={search_term_string}"},"query-input":{"@type":"PropertyValueSpecification","valueRequired":true,"valueName":"search_term_string"}}],"inLanguage":"fr-FR"}]}},"acf":[],"_links":{"self":[{"href":"https:\/\/www.cadellartesuite.com\/fr\/wp-json\/wp\/v2\/pages\/370","targetHints":{"allow":["GET"]}}],"collection":[{"href":"https:\/\/www.cadellartesuite.com\/fr\/wp-json\/wp\/v2\/pages"}],"about":[{"href":"https:\/\/www.cadellartesuite.com\/fr\/wp-json\/wp\/v2\/types\/page"}],"author":[{"embeddable":true,"href":"https:\/\/www.cadellartesuite.com\/fr\/wp-json\/wp\/v2\/users\/13"}],"replies":[{"embeddable":true,"href":"https:\/\/www.cadellartesuite.com\/fr\/wp-json\/wp\/v2\/comments?post=370"}],"version-history":[{"count":0,"href":"https:\/\/www.cadellartesuite.com\/fr\/wp-json\/wp\/v2\/pages\/370\/revisions"}],"up":[{"embeddable":true,"href":"https:\/\/www.cadellartesuite.com\/fr\/wp-json\/wp\/v2\/pages\/334"}],"wp:featuredmedia":[{"embeddable":true,"href":"https:\/\/www.cadellartesuite.com\/fr\/wp-json\/wp\/v2\/media\/572"}],"wp:attachment":[{"href":"https:\/\/www.cadellartesuite.com\/fr\/wp-json\/wp\/v2\/media?parent=370"}],"curies":[{"name":"wp","href":"https:\/\/api.w.org\/{rel}","templated":true}]}}